{"id":531,"date":"2016-02-29T18:22:40","date_gmt":"2016-02-29T17:22:40","guid":{"rendered":"https:\/\/hotelrexriccione.clienti4.editatest.com\/fr\/stadio-del-nuoto-di-riccione\/"},"modified":"2022-04-19T13:06:26","modified_gmt":"2022-04-19T11:06:26","slug":"le-stade-de-la-natation-a-riccione","status":"publish","type":"page","link":"https:\/\/hotelrexriccione.clienti4.editatest.com\/fr\/le-stade-de-la-natation-a-riccione\/","title":{"rendered":"LE STADE DE LA NATATION \u00c0 RICCIONE"},"content":{"rendered":"<p><strong>L&rsquo;h\u00f4tel se trouve \u00e0 700 m\u00e8tres du stade de la natation de Riccione<\/strong>, qui est l&rsquo;un des plus modernes et mieux \u00e9quip\u00e9s d&rsquo;Italie. Le stade a \u00e9t\u00e9 choisi en 2004 et en 2012 pour les Championnats du Monde Masters de natation.<\/p>\n<ul>\n<li><span style=\"font-size: 14pt;\"><strong>BASSIN EXT\u00c9RIEUR<\/strong><\/span><br \/>\nLongueur m. 50 x 10 couloirs<br \/>\nLargeur m. 25 Hauteur m. 2 constante<\/li>\n<\/ul>\n<ul>\n<li><span style=\"font-size: 14pt;\"><strong>NOUVEAU BASSIN COUVERT<\/strong><\/span><br \/>\nLongueur m. 50 x 10 couloirs, Largeur m. 25, Hauteur m. 2<br \/>\nLongueur m. 25 x 10 couloirs, Largeur m. 11, Hauteur m. 1,20<\/li>\n<\/ul>\n<p>Le <strong>bassin olympique de 50 m., en ext\u00e9rieur<\/strong>, compte 10 couloirs et en bord de la piscine sont disponibles des lits bain de soleil, des parasols, des douches \u00e0 l&rsquo;ext\u00e9rieur et \u00e0 l&rsquo;int\u00e9rieur, une zone brasserie et bar, et des tribunes avec assises.<\/p>\n<ul>\n<li>R\u00e9ception<\/li>\n<li>Couloirs r\u00e9serv\u00e9s dans la piscine olympique<\/li>\n<li>Grand parking devant la piscine<\/li>\n<li>Vestiaires \u00e0 int\u00e9rieur<\/li>\n<li>Douches \u00e0 l&rsquo;int\u00e9rieur<\/li>\n<li>S\u00e8che-cheveux<\/li>\n<li>Toilettes<\/li>\n<\/ul>\n","protected":false},"excerpt":{"rendered":"<p>L&rsquo;h\u00f4tel se trouve \u00e0 700 m\u00e8tres du stade de la natation de Riccione, qui est l&rsquo;un des plus modernes et mieux \u00e9quip\u00e9s d&rsquo;Italie. Le stade a \u00e9t\u00e9 choisi en 2004 et en 2012 pour les Championnats du Monde Masters de [..]<\/p>\n","protected":false},"author":5,"featured_media":0,"parent":0,"menu_order":0,"comment_status":"closed","ping_status":"closed","template":"","meta":[],"acf":[],"yoast_head":"<!-- This site is optimized with the Yoast SEO plugin v18.4.1 - https:\/\/yoast.com\/wordpress\/plugins\/seo\/ -->\n<title>H\u00f4tel Riccione sport - sport vacances \u00e0 Riccione | Hotel Rex Riccione<\/title>\n<meta name=\"robots\" content=\"noindex, follow, max-snippet:-1, max-image-preview:large, max-video-preview:-1\" \/>\n<meta property=\"og:locale\" content=\"fr_FR\" \/>\n<meta property=\"og:type\" content=\"article\" \/>\n<meta property=\"og:title\" content=\"H\u00f4tel Riccione sport - sport vacances \u00e0 Riccione | Hotel Rex Riccione\" \/>\n<meta property=\"og:description\" content=\"L&rsquo;h\u00f4tel se trouve \u00e0 700 m\u00e8tres du stade de la natation de Riccione, qui est l&rsquo;un des plus modernes et mieux \u00e9quip\u00e9s d&rsquo;Italie. Le stade a \u00e9t\u00e9 choisi en 2004 et en 2012 pour les Championnats du Monde Masters de [..]\" \/>\n<meta property=\"og:url\" content=\"https:\/\/hotelrexriccione.clienti4.editatest.com\/fr\/le-stade-de-la-natation-a-riccione\/\" \/>\n<meta property=\"og:site_name\" content=\"Hotel Rex\" \/>\n<meta property=\"article:modified_time\" content=\"2022-04-19T11:06:26+00:00\" \/>\n<meta name=\"twitter:card\" content=\"summary\" \/>\n<meta name=\"twitter:label1\" content=\"Dur\u00e9e de lecture estim\u00e9e\" \/>\n\t<meta name=\"twitter:data1\" content=\"1 minute\" \/>\n<script type=\"application\/ld+json\" class=\"yoast-schema-graph\">{\"@context\":\"https:\/\/schema.org\",\"@graph\":[{\"@type\":\"WebSite\",\"@id\":\"https:\/\/hotelrexriccione.clienti4.editatest.com\/#website\",\"url\":\"https:\/\/hotelrexriccione.clienti4.editatest.com\/\",\"name\":\"Hotel Rex\",\"description\":\"\",\"potentialAction\":[{\"@type\":\"SearchAction\",\"target\":{\"@type\":\"EntryPoint\",\"urlTemplate\":\"https:\/\/hotelrexriccione.clienti4.editatest.com\/?s={search_term_string}\"},\"query-input\":\"required name=search_term_string\"}],\"inLanguage\":\"fr-FR\"},{\"@type\":\"WebPage\",\"@id\":\"https:\/\/hotelrexriccione.clienti4.editatest.com\/fr\/le-stade-de-la-natation-a-riccione\/#webpage\",\"url\":\"https:\/\/hotelrexriccione.clienti4.editatest.com\/fr\/le-stade-de-la-natation-a-riccione\/\",\"name\":\"H\u00f4tel Riccione sport - sport vacances \u00e0 Riccione | Hotel Rex Riccione\",\"isPartOf\":{\"@id\":\"https:\/\/hotelrexriccione.clienti4.editatest.com\/#website\"},\"datePublished\":\"2016-02-29T17:22:40+00:00\",\"dateModified\":\"2022-04-19T11:06:26+00:00\",\"breadcrumb\":{\"@id\":\"https:\/\/hotelrexriccione.clienti4.editatest.com\/fr\/le-stade-de-la-natation-a-riccione\/#breadcrumb\"},\"inLanguage\":\"fr-FR\",\"potentialAction\":[{\"@type\":\"ReadAction\",\"target\":[\"https:\/\/hotelrexriccione.clienti4.editatest.com\/fr\/le-stade-de-la-natation-a-riccione\/\"]}]},{\"@type\":\"BreadcrumbList\",\"@id\":\"https:\/\/hotelrexriccione.clienti4.editatest.com\/fr\/le-stade-de-la-natation-a-riccione\/#breadcrumb\",\"itemListElement\":[{\"@type\":\"ListItem\",\"position\":1,\"name\":\"Home\",\"item\":\"https:\/\/hotelrexriccione.clienti4.editatest.com\/fr\/\"},{\"@type\":\"ListItem\",\"position\":2,\"name\":\"LE STADE DE LA NATATION \u00c0 RICCIONE\"}]}]}<\/script>\n<!-- \/ Yoast SEO plugin. -->","yoast_head_json":{"title":"H\u00f4tel Riccione sport - sport vacances \u00e0 Riccione | Hotel Rex Riccione","robots":{"index":"noindex","follow":"follow","max-snippet":"max-snippet:-1","max-image-preview":"max-image-preview:large","max-video-preview":"max-video-preview:-1"},"og_locale":"fr_FR","og_type":"article","og_title":"H\u00f4tel Riccione sport - sport vacances \u00e0 Riccione | Hotel Rex Riccione","og_description":"L&rsquo;h\u00f4tel se trouve \u00e0 700 m\u00e8tres du stade de la natation de Riccione, qui est l&rsquo;un des plus modernes et mieux \u00e9quip\u00e9s d&rsquo;Italie. Le stade a \u00e9t\u00e9 choisi en 2004 et en 2012 pour les Championnats du Monde Masters de [..]","og_url":"https:\/\/hotelrexriccione.clienti4.editatest.com\/fr\/le-stade-de-la-natation-a-riccione\/","og_site_name":"Hotel Rex","article_modified_time":"2022-04-19T11:06:26+00:00","twitter_card":"summary","twitter_misc":{"Dur\u00e9e de lecture estim\u00e9e":"1 minute"},"schema":{"@context":"https:\/\/schema.org","@graph":[{"@type":"WebSite","@id":"https:\/\/hotelrexriccione.clienti4.editatest.com\/#website","url":"https:\/\/hotelrexriccione.clienti4.editatest.com\/","name":"Hotel Rex","description":"","potentialAction":[{"@type":"SearchAction","target":{"@type":"EntryPoint","urlTemplate":"https:\/\/hotelrexriccione.clienti4.editatest.com\/?s={search_term_string}"},"query-input":"required name=search_term_string"}],"inLanguage":"fr-FR"},{"@type":"WebPage","@id":"https:\/\/hotelrexriccione.clienti4.editatest.com\/fr\/le-stade-de-la-natation-a-riccione\/#webpage","url":"https:\/\/hotelrexriccione.clienti4.editatest.com\/fr\/le-stade-de-la-natation-a-riccione\/","name":"H\u00f4tel Riccione sport - sport vacances \u00e0 Riccione | Hotel Rex Riccione","isPartOf":{"@id":"https:\/\/hotelrexriccione.clienti4.editatest.com\/#website"},"datePublished":"2016-02-29T17:22:40+00:00","dateModified":"2022-04-19T11:06:26+00:00","breadcrumb":{"@id":"https:\/\/hotelrexriccione.clienti4.editatest.com\/fr\/le-stade-de-la-natation-a-riccione\/#breadcrumb"},"inLanguage":"fr-FR","potentialAction":[{"@type":"ReadAction","target":["https:\/\/hotelrexriccione.clienti4.editatest.com\/fr\/le-stade-de-la-natation-a-riccione\/"]}]},{"@type":"BreadcrumbList","@id":"https:\/\/hotelrexriccione.clienti4.editatest.com\/fr\/le-stade-de-la-natation-a-riccione\/#breadcrumb","itemListElement":[{"@type":"ListItem","position":1,"name":"Home","item":"https:\/\/hotelrexriccione.clienti4.editatest.com\/fr\/"},{"@type":"ListItem","position":2,"name":"LE STADE DE LA NATATION \u00c0 RICCIONE"}]}]}},"_links":{"self":[{"href":"https:\/\/hotelrexriccione.clienti4.editatest.com\/fr\/wp-json\/wp\/v2\/pages\/531"}],"collection":[{"href":"https:\/\/hotelrexriccione.clienti4.editatest.com\/fr\/wp-json\/wp\/v2\/pages"}],"about":[{"href":"https:\/\/hotelrexriccione.clienti4.editatest.com\/fr\/wp-json\/wp\/v2\/types\/page"}],"author":[{"embeddable":true,"href":"https:\/\/hotelrexriccione.clienti4.editatest.com\/fr\/wp-json\/wp\/v2\/users\/5"}],"replies":[{"embeddable":true,"href":"https:\/\/hotelrexriccione.clienti4.editatest.com\/fr\/wp-json\/wp\/v2\/comments?post=531"}],"version-history":[{"count":0,"href":"https:\/\/hotelrexriccione.clienti4.editatest.com\/fr\/wp-json\/wp\/v2\/pages\/531\/revisions"}],"wp:attachment":[{"href":"https:\/\/hotelrexriccione.clienti4.editatest.com\/fr\/wp-json\/wp\/v2\/media?parent=531"}],"curies":[{"name":"wp","href":"https:\/\/api.w.org\/{rel}","templated":true}]}}