{"id":525,"date":"2016-02-29T17:52:02","date_gmt":"2016-02-29T16:52:02","guid":{"rendered":"https:\/\/hotelrexriccione.clienti4.editatest.com\/fr\/hotel-per-golfisti-riccione\/"},"modified":"2018-05-04T14:50:11","modified_gmt":"2018-05-04T12:50:11","slug":"hotel-golf-riccione","status":"publish","type":"page","link":"https:\/\/hotelrexriccione.clienti4.editatest.com\/fr\/hotel-golf-riccione\/","title":{"rendered":"SP\u00c9CIAL GOLF"},"content":{"rendered":"<p><span style=\"font-size: 24pt;\">RIVIERA GOLF CLUB<\/span><br \/>\n<strong>S. Giovanni in Marignano (RN)<\/strong><\/p>\n<p>Le golf au centre. Un <strong>parcours de 18 trous<\/strong> con\u00e7us par Luigi Rota Caremoli. Voici les points forts du Riviera Golf Club : le trou le plus long d&rsquo;Italie, une \u00e9cole de golf qui donne le go\u00fbt pour ce sport dans la bonne humeur ; les \u00e9quipements comprennent un putting green de <strong>27 trous, un pitching green<\/strong> et un practice avec \u00e9clairage et postes chauff\u00e9s.<br \/>\n<a href=\"http:\/\/www.rivieragolf.it\">www.rivieragolf.it<\/a><\/p>\n<p><span style=\"font-size: 24pt;\">RIMINI GOLF CLUB<\/span><br \/>\n<strong>Villa Verucchio (RN)<\/strong><\/p>\n<p>Le parcours de <strong>18 trous<\/strong> et 7 (executive) sont le c\u0153ur et le fleuron du Rimini Golf. Le <strong>18 trous a \u00e9t\u00e9 dessin\u00e9 par Brian<\/strong> : Silva, les fairways sont l\u00e9g\u00e8rement ondul\u00e9s avec des collines sur les c\u00f4t\u00e9s ; de nombreux obstacles d&rsquo;eau sont diss\u00e9min\u00e9s le long du parcours, pour pimenter davantage le jeu. Enfin le panorama sur les collines environnantes ajoutent de belles \u00e9motions\u00a0<a href=\"https:\/\/www.riminiverucchiogolf.com\">www.riminiverucchiogolf.com<\/a><\/p>\n","protected":false},"excerpt":{"rendered":"<p>RIVIERA GOLF CLUB S. Giovanni in Marignano (RN) Le golf au centre. Un parcours de 18 trous con\u00e7us par Luigi Rota Caremoli. Voici les points forts du Riviera Golf Club : le trou le plus long d&rsquo;Italie, une \u00e9cole de [..]<\/p>\n","protected":false},"author":5,"featured_media":0,"parent":0,"menu_order":0,"comment_status":"closed","ping_status":"closed","template":"","meta":[],"acf":[],"yoast_head":"<!-- This site is optimized with the Yoast SEO plugin v18.4.1 - https:\/\/yoast.com\/wordpress\/plugins\/seo\/ -->\n<title>H\u00f4tel Riccione sport - sport vacances \u00e0 Riccione | Hotel Rex Riccione<\/title>\n<meta name=\"robots\" content=\"noindex, follow, max-snippet:-1, max-image-preview:large, max-video-preview:-1\" \/>\n<meta property=\"og:locale\" content=\"fr_FR\" \/>\n<meta property=\"og:type\" content=\"article\" \/>\n<meta property=\"og:title\" content=\"H\u00f4tel Riccione sport - sport vacances \u00e0 Riccione | Hotel Rex Riccione\" \/>\n<meta property=\"og:description\" content=\"RIVIERA GOLF CLUB S. Giovanni in Marignano (RN) Le golf au centre. Un parcours de 18 trous con\u00e7us par Luigi Rota Caremoli. Voici les points forts du Riviera Golf Club : le trou le plus long d&rsquo;Italie, une \u00e9cole de [..]\" \/>\n<meta property=\"og:url\" content=\"https:\/\/hotelrexriccione.clienti4.editatest.com\/fr\/hotel-golf-riccione\/\" \/>\n<meta property=\"og:site_name\" content=\"Hotel Rex\" \/>\n<meta property=\"article:modified_time\" content=\"2018-05-04T12:50:11+00:00\" \/>\n<meta name=\"twitter:card\" content=\"summary\" \/>\n<meta name=\"twitter:label1\" content=\"Dur\u00e9e de lecture estim\u00e9e\" \/>\n\t<meta name=\"twitter:data1\" content=\"1 minute\" \/>\n<script type=\"application\/ld+json\" class=\"yoast-schema-graph\">{\"@context\":\"https:\/\/schema.org\",\"@graph\":[{\"@type\":\"WebSite\",\"@id\":\"https:\/\/hotelrexriccione.clienti4.editatest.com\/#website\",\"url\":\"https:\/\/hotelrexriccione.clienti4.editatest.com\/\",\"name\":\"Hotel Rex\",\"description\":\"\",\"potentialAction\":[{\"@type\":\"SearchAction\",\"target\":{\"@type\":\"EntryPoint\",\"urlTemplate\":\"https:\/\/hotelrexriccione.clienti4.editatest.com\/?s={search_term_string}\"},\"query-input\":\"required name=search_term_string\"}],\"inLanguage\":\"fr-FR\"},{\"@type\":\"WebPage\",\"@id\":\"https:\/\/hotelrexriccione.clienti4.editatest.com\/fr\/hotel-golf-riccione\/#webpage\",\"url\":\"https:\/\/hotelrexriccione.clienti4.editatest.com\/fr\/hotel-golf-riccione\/\",\"name\":\"H\u00f4tel Riccione sport - sport vacances \u00e0 Riccione | Hotel Rex Riccione\",\"isPartOf\":{\"@id\":\"https:\/\/hotelrexriccione.clienti4.editatest.com\/#website\"},\"datePublished\":\"2016-02-29T16:52:02+00:00\",\"dateModified\":\"2018-05-04T12:50:11+00:00\",\"breadcrumb\":{\"@id\":\"https:\/\/hotelrexriccione.clienti4.editatest.com\/fr\/hotel-golf-riccione\/#breadcrumb\"},\"inLanguage\":\"fr-FR\",\"potentialAction\":[{\"@type\":\"ReadAction\",\"target\":[\"https:\/\/hotelrexriccione.clienti4.editatest.com\/fr\/hotel-golf-riccione\/\"]}]},{\"@type\":\"BreadcrumbList\",\"@id\":\"https:\/\/hotelrexriccione.clienti4.editatest.com\/fr\/hotel-golf-riccione\/#breadcrumb\",\"itemListElement\":[{\"@type\":\"ListItem\",\"position\":1,\"name\":\"Home\",\"item\":\"https:\/\/hotelrexriccione.clienti4.editatest.com\/fr\/\"},{\"@type\":\"ListItem\",\"position\":2,\"name\":\"SP\u00c9CIAL GOLF\"}]}]}<\/script>\n<!-- \/ Yoast SEO plugin. -->","yoast_head_json":{"title":"H\u00f4tel Riccione sport - sport vacances \u00e0 Riccione | Hotel Rex Riccione","robots":{"index":"noindex","follow":"follow","max-snippet":"max-snippet:-1","max-image-preview":"max-image-preview:large","max-video-preview":"max-video-preview:-1"},"og_locale":"fr_FR","og_type":"article","og_title":"H\u00f4tel Riccione sport - sport vacances \u00e0 Riccione | Hotel Rex Riccione","og_description":"RIVIERA GOLF CLUB S. Giovanni in Marignano (RN) Le golf au centre. Un parcours de 18 trous con\u00e7us par Luigi Rota Caremoli. Voici les points forts du Riviera Golf Club : le trou le plus long d&rsquo;Italie, une \u00e9cole de [..]","og_url":"https:\/\/hotelrexriccione.clienti4.editatest.com\/fr\/hotel-golf-riccione\/","og_site_name":"Hotel Rex","article_modified_time":"2018-05-04T12:50:11+00:00","twitter_card":"summary","twitter_misc":{"Dur\u00e9e de lecture estim\u00e9e":"1 minute"},"schema":{"@context":"https:\/\/schema.org","@graph":[{"@type":"WebSite","@id":"https:\/\/hotelrexriccione.clienti4.editatest.com\/#website","url":"https:\/\/hotelrexriccione.clienti4.editatest.com\/","name":"Hotel Rex","description":"","potentialAction":[{"@type":"SearchAction","target":{"@type":"EntryPoint","urlTemplate":"https:\/\/hotelrexriccione.clienti4.editatest.com\/?s={search_term_string}"},"query-input":"required name=search_term_string"}],"inLanguage":"fr-FR"},{"@type":"WebPage","@id":"https:\/\/hotelrexriccione.clienti4.editatest.com\/fr\/hotel-golf-riccione\/#webpage","url":"https:\/\/hotelrexriccione.clienti4.editatest.com\/fr\/hotel-golf-riccione\/","name":"H\u00f4tel Riccione sport - sport vacances \u00e0 Riccione | Hotel Rex Riccione","isPartOf":{"@id":"https:\/\/hotelrexriccione.clienti4.editatest.com\/#website"},"datePublished":"2016-02-29T16:52:02+00:00","dateModified":"2018-05-04T12:50:11+00:00","breadcrumb":{"@id":"https:\/\/hotelrexriccione.clienti4.editatest.com\/fr\/hotel-golf-riccione\/#breadcrumb"},"inLanguage":"fr-FR","potentialAction":[{"@type":"ReadAction","target":["https:\/\/hotelrexriccione.clienti4.editatest.com\/fr\/hotel-golf-riccione\/"]}]},{"@type":"BreadcrumbList","@id":"https:\/\/hotelrexriccione.clienti4.editatest.com\/fr\/hotel-golf-riccione\/#breadcrumb","itemListElement":[{"@type":"ListItem","position":1,"name":"Home","item":"https:\/\/hotelrexriccione.clienti4.editatest.com\/fr\/"},{"@type":"ListItem","position":2,"name":"SP\u00c9CIAL GOLF"}]}]}},"_links":{"self":[{"href":"https:\/\/hotelrexriccione.clienti4.editatest.com\/fr\/wp-json\/wp\/v2\/pages\/525"}],"collection":[{"href":"https:\/\/hotelrexriccione.clienti4.editatest.com\/fr\/wp-json\/wp\/v2\/pages"}],"about":[{"href":"https:\/\/hotelrexriccione.clienti4.editatest.com\/fr\/wp-json\/wp\/v2\/types\/page"}],"author":[{"embeddable":true,"href":"https:\/\/hotelrexriccione.clienti4.editatest.com\/fr\/wp-json\/wp\/v2\/users\/5"}],"replies":[{"embeddable":true,"href":"https:\/\/hotelrexriccione.clienti4.editatest.com\/fr\/wp-json\/wp\/v2\/comments?post=525"}],"version-history":[{"count":0,"href":"https:\/\/hotelrexriccione.clienti4.editatest.com\/fr\/wp-json\/wp\/v2\/pages\/525\/revisions"}],"wp:attachment":[{"href":"https:\/\/hotelrexriccione.clienti4.editatest.com\/fr\/wp-json\/wp\/v2\/media?parent=525"}],"curies":[{"name":"wp","href":"https:\/\/api.w.org\/{rel}","templated":true}]}}