{"id":511,"date":"2014-04-08T09:25:45","date_gmt":"2014-04-08T07:25:45","guid":{"rendered":"https:\/\/hotelrexriccione.clienti4.editatest.com\/fr\/richiesta-preventivo\/"},"modified":"2016-04-11T15:19:49","modified_gmt":"2016-04-11T13:19:49","slug":"demande-de-tarif","status":"publish","type":"page","link":"https:\/\/hotelrexriccione.clienti4.editatest.com\/fr\/demande-de-tarif\/","title":{"rendered":"DEMANDE DE TARIF"},"content":{"rendered":"<h3><strong>Vous d\u00e9sirez recevoir une offre personnalis\u00e9e?<\/strong><br \/>\n\u00c9crivez-nous \u00e0 l&rsquo;aide de ce formulaire ou appelez-nous + 39 0541 647500,<br \/>\nnous vous r\u00e9pondrons dans les plus brefs d\u00e9lais et vous enverrons notre meilleure offre.<\/h3>\n","protected":false},"excerpt":{"rendered":"<p>Vous d\u00e9sirez recevoir une offre personnalis\u00e9e? \u00c9crivez-nous \u00e0 l&rsquo;aide de ce formulaire ou appelez-nous + 39 0541 647500, nous vous r\u00e9pondrons dans les plus brefs d\u00e9lais et vous enverrons notre meilleure offre.<\/p>\n","protected":false},"author":5,"featured_media":0,"parent":0,"menu_order":0,"comment_status":"closed","ping_status":"closed","template":"template.richiesta-preventivo.php","meta":[],"acf":[],"yoast_head":"<!-- This site is optimized with the Yoast SEO plugin v18.4.1 - https:\/\/yoast.com\/wordpress\/plugins\/seo\/ -->\n<title>DEMANDE DE TARIF | Hotel Rex<\/title>\n<meta name=\"robots\" content=\"noindex, follow, max-snippet:-1, max-image-preview:large, max-video-preview:-1\" \/>\n<meta property=\"og:locale\" content=\"fr_FR\" \/>\n<meta property=\"og:type\" content=\"article\" \/>\n<meta property=\"og:title\" content=\"DEMANDE DE TARIF | Hotel Rex\" \/>\n<meta property=\"og:description\" content=\"Vous d\u00e9sirez recevoir une offre personnalis\u00e9e? \u00c9crivez-nous \u00e0 l&rsquo;aide de ce formulaire ou appelez-nous + 39 0541 647500, nous vous r\u00e9pondrons dans les plus brefs d\u00e9lais et vous enverrons notre meilleure offre.\" \/>\n<meta property=\"og:url\" content=\"https:\/\/hotelrexriccione.clienti4.editatest.com\/fr\/demande-de-tarif\/\" \/>\n<meta property=\"og:site_name\" content=\"Hotel Rex\" \/>\n<meta property=\"article:modified_time\" content=\"2016-04-11T13:19:49+00:00\" \/>\n<meta name=\"twitter:card\" content=\"summary\" \/>\n<script type=\"application\/ld+json\" class=\"yoast-schema-graph\">{\"@context\":\"https:\/\/schema.org\",\"@graph\":[{\"@type\":\"WebSite\",\"@id\":\"https:\/\/hotelrexriccione.clienti4.editatest.com\/#website\",\"url\":\"https:\/\/hotelrexriccione.clienti4.editatest.com\/\",\"name\":\"Hotel Rex\",\"description\":\"\",\"potentialAction\":[{\"@type\":\"SearchAction\",\"target\":{\"@type\":\"EntryPoint\",\"urlTemplate\":\"https:\/\/hotelrexriccione.clienti4.editatest.com\/?s={search_term_string}\"},\"query-input\":\"required name=search_term_string\"}],\"inLanguage\":\"fr-FR\"},{\"@type\":\"WebPage\",\"@id\":\"https:\/\/hotelrexriccione.clienti4.editatest.com\/fr\/demande-de-tarif\/#webpage\",\"url\":\"https:\/\/hotelrexriccione.clienti4.editatest.com\/fr\/demande-de-tarif\/\",\"name\":\"DEMANDE DE TARIF | Hotel Rex\",\"isPartOf\":{\"@id\":\"https:\/\/hotelrexriccione.clienti4.editatest.com\/#website\"},\"datePublished\":\"2014-04-08T07:25:45+00:00\",\"dateModified\":\"2016-04-11T13:19:49+00:00\",\"breadcrumb\":{\"@id\":\"https:\/\/hotelrexriccione.clienti4.editatest.com\/fr\/demande-de-tarif\/#breadcrumb\"},\"inLanguage\":\"fr-FR\",\"potentialAction\":[{\"@type\":\"ReadAction\",\"target\":[\"https:\/\/hotelrexriccione.clienti4.editatest.com\/fr\/demande-de-tarif\/\"]}]},{\"@type\":\"BreadcrumbList\",\"@id\":\"https:\/\/hotelrexriccione.clienti4.editatest.com\/fr\/demande-de-tarif\/#breadcrumb\",\"itemListElement\":[{\"@type\":\"ListItem\",\"position\":1,\"name\":\"Home\",\"item\":\"https:\/\/hotelrexriccione.clienti4.editatest.com\/fr\/\"},{\"@type\":\"ListItem\",\"position\":2,\"name\":\"DEMANDE DE TARIF\"}]}]}<\/script>\n<!-- \/ Yoast SEO plugin. -->","yoast_head_json":{"title":"DEMANDE DE TARIF | Hotel Rex","robots":{"index":"noindex","follow":"follow","max-snippet":"max-snippet:-1","max-image-preview":"max-image-preview:large","max-video-preview":"max-video-preview:-1"},"og_locale":"fr_FR","og_type":"article","og_title":"DEMANDE DE TARIF | Hotel Rex","og_description":"Vous d\u00e9sirez recevoir une offre personnalis\u00e9e? \u00c9crivez-nous \u00e0 l&rsquo;aide de ce formulaire ou appelez-nous + 39 0541 647500, nous vous r\u00e9pondrons dans les plus brefs d\u00e9lais et vous enverrons notre meilleure offre.","og_url":"https:\/\/hotelrexriccione.clienti4.editatest.com\/fr\/demande-de-tarif\/","og_site_name":"Hotel Rex","article_modified_time":"2016-04-11T13:19:49+00:00","twitter_card":"summary","schema":{"@context":"https:\/\/schema.org","@graph":[{"@type":"WebSite","@id":"https:\/\/hotelrexriccione.clienti4.editatest.com\/#website","url":"https:\/\/hotelrexriccione.clienti4.editatest.com\/","name":"Hotel Rex","description":"","potentialAction":[{"@type":"SearchAction","target":{"@type":"EntryPoint","urlTemplate":"https:\/\/hotelrexriccione.clienti4.editatest.com\/?s={search_term_string}"},"query-input":"required name=search_term_string"}],"inLanguage":"fr-FR"},{"@type":"WebPage","@id":"https:\/\/hotelrexriccione.clienti4.editatest.com\/fr\/demande-de-tarif\/#webpage","url":"https:\/\/hotelrexriccione.clienti4.editatest.com\/fr\/demande-de-tarif\/","name":"DEMANDE DE TARIF | Hotel Rex","isPartOf":{"@id":"https:\/\/hotelrexriccione.clienti4.editatest.com\/#website"},"datePublished":"2014-04-08T07:25:45+00:00","dateModified":"2016-04-11T13:19:49+00:00","breadcrumb":{"@id":"https:\/\/hotelrexriccione.clienti4.editatest.com\/fr\/demande-de-tarif\/#breadcrumb"},"inLanguage":"fr-FR","potentialAction":[{"@type":"ReadAction","target":["https:\/\/hotelrexriccione.clienti4.editatest.com\/fr\/demande-de-tarif\/"]}]},{"@type":"BreadcrumbList","@id":"https:\/\/hotelrexriccione.clienti4.editatest.com\/fr\/demande-de-tarif\/#breadcrumb","itemListElement":[{"@type":"ListItem","position":1,"name":"Home","item":"https:\/\/hotelrexriccione.clienti4.editatest.com\/fr\/"},{"@type":"ListItem","position":2,"name":"DEMANDE DE TARIF"}]}]}},"_links":{"self":[{"href":"https:\/\/hotelrexriccione.clienti4.editatest.com\/fr\/wp-json\/wp\/v2\/pages\/511"}],"collection":[{"href":"https:\/\/hotelrexriccione.clienti4.editatest.com\/fr\/wp-json\/wp\/v2\/pages"}],"about":[{"href":"https:\/\/hotelrexriccione.clienti4.editatest.com\/fr\/wp-json\/wp\/v2\/types\/page"}],"author":[{"embeddable":true,"href":"https:\/\/hotelrexriccione.clienti4.editatest.com\/fr\/wp-json\/wp\/v2\/users\/5"}],"replies":[{"embeddable":true,"href":"https:\/\/hotelrexriccione.clienti4.editatest.com\/fr\/wp-json\/wp\/v2\/comments?post=511"}],"version-history":[{"count":0,"href":"https:\/\/hotelrexriccione.clienti4.editatest.com\/fr\/wp-json\/wp\/v2\/pages\/511\/revisions"}],"wp:attachment":[{"href":"https:\/\/hotelrexriccione.clienti4.editatest.com\/fr\/wp-json\/wp\/v2\/media?parent=511"}],"curies":[{"name":"wp","href":"https:\/\/api.w.org\/{rel}","templated":true}]}}