{"id":499,"date":"2014-04-30T11:31:57","date_gmt":"2014-04-30T09:31:57","guid":{"rendered":"https:\/\/hotelrexriccione.clienti4.editatest.com\/fr\/offerte-hotel-riccione\/"},"modified":"2016-04-11T17:49:02","modified_gmt":"2016-04-11T15:49:02","slug":"offres-hotel-riccione","status":"publish","type":"page","link":"https:\/\/hotelrexriccione.clienti4.editatest.com\/fr\/offres-hotel-riccione\/","title":{"rendered":"Toutes les offres"},"content":{"rendered":"<h3>Nous vous pr\u00e9sentons ci-apr\u00e8s une s\u00e9lection de nos meilleures offres de s\u00e9jours \u00e0 Riccione.<\/h3>\n<p>Choisissez l&rsquo;h\u00f4tel Rex pour vos vacances \u00e0 Riccione. D\u00e9couvrez ci-apr\u00e8s les offres \u00e0 ne pas manquer et si vous ne trouvez pas celle qui vous convient, appelez-nous ou envoyez-nous une demande de devis. Vous verrez que nous trouverons la meilleure solution au meilleur prix pour votre s\u00e9jour.<\/p>\n","protected":false},"excerpt":{"rendered":"<p>Nous vous pr\u00e9sentons ci-apr\u00e8s une s\u00e9lection de nos meilleures offres de s\u00e9jours \u00e0 Riccione. Choisissez l&rsquo;h\u00f4tel Rex pour vos vacances \u00e0 Riccione. D\u00e9couvrez ci-apr\u00e8s les offres \u00e0 ne pas manquer et si vous ne trouvez pas celle qui vous convient, [..]<\/p>\n","protected":false},"author":5,"featured_media":0,"parent":0,"menu_order":0,"comment_status":"closed","ping_status":"closed","template":"template.offerte.php","meta":[],"acf":[],"yoast_head":"<!-- This site is optimized with the Yoast SEO plugin v18.4.1 - https:\/\/yoast.com\/wordpress\/plugins\/seo\/ -->\n<title>Toutes les offres | Hotel Rex<\/title>\n<meta name=\"robots\" content=\"noindex, follow, max-snippet:-1, max-image-preview:large, max-video-preview:-1\" \/>\n<meta property=\"og:locale\" content=\"fr_FR\" \/>\n<meta property=\"og:type\" content=\"article\" \/>\n<meta property=\"og:title\" content=\"Toutes les offres | Hotel Rex\" \/>\n<meta property=\"og:description\" content=\"Nous vous pr\u00e9sentons ci-apr\u00e8s une s\u00e9lection de nos meilleures offres de s\u00e9jours \u00e0 Riccione. Choisissez l&rsquo;h\u00f4tel Rex pour vos vacances \u00e0 Riccione. D\u00e9couvrez ci-apr\u00e8s les offres \u00e0 ne pas manquer et si vous ne trouvez pas celle qui vous convient, [..]\" \/>\n<meta property=\"og:url\" content=\"https:\/\/hotelrexriccione.clienti4.editatest.com\/fr\/offres-hotel-riccione\/\" \/>\n<meta property=\"og:site_name\" content=\"Hotel Rex\" \/>\n<meta property=\"article:modified_time\" content=\"2016-04-11T15:49:02+00:00\" \/>\n<meta name=\"twitter:card\" content=\"summary\" \/>\n<script type=\"application\/ld+json\" class=\"yoast-schema-graph\">{\"@context\":\"https:\/\/schema.org\",\"@graph\":[{\"@type\":\"WebSite\",\"@id\":\"https:\/\/hotelrexriccione.clienti4.editatest.com\/#website\",\"url\":\"https:\/\/hotelrexriccione.clienti4.editatest.com\/\",\"name\":\"Hotel Rex\",\"description\":\"\",\"potentialAction\":[{\"@type\":\"SearchAction\",\"target\":{\"@type\":\"EntryPoint\",\"urlTemplate\":\"https:\/\/hotelrexriccione.clienti4.editatest.com\/?s={search_term_string}\"},\"query-input\":\"required name=search_term_string\"}],\"inLanguage\":\"fr-FR\"},{\"@type\":\"WebPage\",\"@id\":\"https:\/\/hotelrexriccione.clienti4.editatest.com\/fr\/offres-hotel-riccione\/#webpage\",\"url\":\"https:\/\/hotelrexriccione.clienti4.editatest.com\/fr\/offres-hotel-riccione\/\",\"name\":\"Toutes les offres | Hotel Rex\",\"isPartOf\":{\"@id\":\"https:\/\/hotelrexriccione.clienti4.editatest.com\/#website\"},\"datePublished\":\"2014-04-30T09:31:57+00:00\",\"dateModified\":\"2016-04-11T15:49:02+00:00\",\"breadcrumb\":{\"@id\":\"https:\/\/hotelrexriccione.clienti4.editatest.com\/fr\/offres-hotel-riccione\/#breadcrumb\"},\"inLanguage\":\"fr-FR\",\"potentialAction\":[{\"@type\":\"ReadAction\",\"target\":[\"https:\/\/hotelrexriccione.clienti4.editatest.com\/fr\/offres-hotel-riccione\/\"]}]},{\"@type\":\"BreadcrumbList\",\"@id\":\"https:\/\/hotelrexriccione.clienti4.editatest.com\/fr\/offres-hotel-riccione\/#breadcrumb\",\"itemListElement\":[{\"@type\":\"ListItem\",\"position\":1,\"name\":\"Home\",\"item\":\"https:\/\/hotelrexriccione.clienti4.editatest.com\/fr\/\"},{\"@type\":\"ListItem\",\"position\":2,\"name\":\"Toutes les offres\"}]}]}<\/script>\n<!-- \/ Yoast SEO plugin. -->","yoast_head_json":{"title":"Toutes les offres | Hotel Rex","robots":{"index":"noindex","follow":"follow","max-snippet":"max-snippet:-1","max-image-preview":"max-image-preview:large","max-video-preview":"max-video-preview:-1"},"og_locale":"fr_FR","og_type":"article","og_title":"Toutes les offres | Hotel Rex","og_description":"Nous vous pr\u00e9sentons ci-apr\u00e8s une s\u00e9lection de nos meilleures offres de s\u00e9jours \u00e0 Riccione. Choisissez l&rsquo;h\u00f4tel Rex pour vos vacances \u00e0 Riccione. D\u00e9couvrez ci-apr\u00e8s les offres \u00e0 ne pas manquer et si vous ne trouvez pas celle qui vous convient, [..]","og_url":"https:\/\/hotelrexriccione.clienti4.editatest.com\/fr\/offres-hotel-riccione\/","og_site_name":"Hotel Rex","article_modified_time":"2016-04-11T15:49:02+00:00","twitter_card":"summary","schema":{"@context":"https:\/\/schema.org","@graph":[{"@type":"WebSite","@id":"https:\/\/hotelrexriccione.clienti4.editatest.com\/#website","url":"https:\/\/hotelrexriccione.clienti4.editatest.com\/","name":"Hotel Rex","description":"","potentialAction":[{"@type":"SearchAction","target":{"@type":"EntryPoint","urlTemplate":"https:\/\/hotelrexriccione.clienti4.editatest.com\/?s={search_term_string}"},"query-input":"required name=search_term_string"}],"inLanguage":"fr-FR"},{"@type":"WebPage","@id":"https:\/\/hotelrexriccione.clienti4.editatest.com\/fr\/offres-hotel-riccione\/#webpage","url":"https:\/\/hotelrexriccione.clienti4.editatest.com\/fr\/offres-hotel-riccione\/","name":"Toutes les offres | Hotel Rex","isPartOf":{"@id":"https:\/\/hotelrexriccione.clienti4.editatest.com\/#website"},"datePublished":"2014-04-30T09:31:57+00:00","dateModified":"2016-04-11T15:49:02+00:00","breadcrumb":{"@id":"https:\/\/hotelrexriccione.clienti4.editatest.com\/fr\/offres-hotel-riccione\/#breadcrumb"},"inLanguage":"fr-FR","potentialAction":[{"@type":"ReadAction","target":["https:\/\/hotelrexriccione.clienti4.editatest.com\/fr\/offres-hotel-riccione\/"]}]},{"@type":"BreadcrumbList","@id":"https:\/\/hotelrexriccione.clienti4.editatest.com\/fr\/offres-hotel-riccione\/#breadcrumb","itemListElement":[{"@type":"ListItem","position":1,"name":"Home","item":"https:\/\/hotelrexriccione.clienti4.editatest.com\/fr\/"},{"@type":"ListItem","position":2,"name":"Toutes les offres"}]}]}},"_links":{"self":[{"href":"https:\/\/hotelrexriccione.clienti4.editatest.com\/fr\/wp-json\/wp\/v2\/pages\/499"}],"collection":[{"href":"https:\/\/hotelrexriccione.clienti4.editatest.com\/fr\/wp-json\/wp\/v2\/pages"}],"about":[{"href":"https:\/\/hotelrexriccione.clienti4.editatest.com\/fr\/wp-json\/wp\/v2\/types\/page"}],"author":[{"embeddable":true,"href":"https:\/\/hotelrexriccione.clienti4.editatest.com\/fr\/wp-json\/wp\/v2\/users\/5"}],"replies":[{"embeddable":true,"href":"https:\/\/hotelrexriccione.clienti4.editatest.com\/fr\/wp-json\/wp\/v2\/comments?post=499"}],"version-history":[{"count":0,"href":"https:\/\/hotelrexriccione.clienti4.editatest.com\/fr\/wp-json\/wp\/v2\/pages\/499\/revisions"}],"wp:attachment":[{"href":"https:\/\/hotelrexriccione.clienti4.editatest.com\/fr\/wp-json\/wp\/v2\/media?parent=499"}],"curies":[{"name":"wp","href":"https:\/\/api.w.org\/{rel}","templated":true}]}}