{"id":495,"date":"2016-02-29T16:21:41","date_gmt":"2016-02-29T15:21:41","guid":{"rendered":"https:\/\/hotelrexriccione.clienti4.editatest.com\/fr\/hotel-vicino-parchi-divertimento\/"},"modified":"2017-02-02T16:31:37","modified_gmt":"2017-02-02T15:31:37","slug":"parcs-dattraction-et-parcs-a-theme","status":"publish","type":"page","link":"https:\/\/hotelrexriccione.clienti4.editatest.com\/fr\/parcs-dattraction-et-parcs-a-theme\/","title":{"rendered":"PARCS D&rsquo;ATTRACTION ET PARCS \u00c0 TH\u00c8ME <\/br>DE LA RIVIERA ADRIATIQUE"},"content":{"rendered":"<h2>Envie de divertissement? Voici une vaste s\u00e9lection de parcs \u00e0 th\u00e8me<\/h2>\n<p><span style=\"font-size: 18pt;\">&#8230;mais n&rsquo;exag\u00e9rez-pas, sinon \u00e0 votre retour \u00e0 Riccione, il vous faudra des vacances pour vous reposer!<\/span><\/p>\n<p><strong>OLTREMARE<\/strong><br \/>\nRepr\u00e9sentant un investissement de plus de 70 millions, Oltremare (litt\u00e9ralement \u00ab\u00a0Au del\u00e0 de la mer\u00a0\u00bb) est n\u00e9 de la volont\u00e9 d&rsquo;entreprises\u00a0 d\u00e9j\u00e0 en activit\u00e9 depuis de nombreuses ann\u00e9es dans la ville : le parc aquatique Aquafan et le Delphinarium de Riccione. Le parc, qui offre de nombreux parcours\u00a0 pleins d&rsquo;\u00e9motions \u00e0 la d\u00e9couverte de la nature, est le fruit d&rsquo;un projet architectural novateur et de la rencontre des technologies et de l&rsquo;exp\u00e9rience am\u00e9ricaine des spectacles avec la cr\u00e9ativit\u00e9 italienne.<\/p>\n<p><strong>AQUAFAN<\/strong><br \/>\nAquafan n&rsquo;est pas seulement le parc aquatique par excellence : il a plus de 15 ans d&rsquo;\u00e2ge et pourtant il a su rester cet ingu\u00e9rissable Peter Pan !\u00a0 D\u00e8s son inauguration (en 1987 !), il est devenu un observatoire privil\u00e9gi\u00e9 des modes et des tendances et c&rsquo;est peut-\u00eatre pour cette raison que la symbiose entre Riccione et Aquafan fonctionne si bien ! Par ailleurs, la collaboration continuelle avec Radio DEE JAY, sous la direction artistique de Linus, assure au parc une vitalit\u00e9 exceptionnelle, tout comme la v\u00f4tre !<\/p>\n<p><strong>ITALIE MINIATURE<\/strong><br \/>\nLe c\u00e9l\u00e8bre parc a conserv\u00e9 toute son originalit\u00e9 et toute sa fra\u00eecheur. Cette ann\u00e9e encore, de nombreux services et activit\u00e9s ont \u00e9t\u00e9 ajout\u00e9s. Nous vous signalons la Chasse au tr\u00e9sor, un parcours enthousiasmant entre les monuments, les montagnes, les ar\u00e8nes et les grand&rsquo; places. Ne manquez pas la grande aventure !<\/p>\n<p><strong>MIRABILANDIA<\/strong><br \/>\nC&rsquo;est le \u00ab\u00a0Pays des merveilles\u00a0\u00bb de la C\u00f4te Adriatique et l&rsquo;un des principaux parcs d&rsquo;attraction en Europe, comme l&rsquo;attestent le nombre des visiteurs : plus de 1 600 000 la derni\u00e8re saison. Technologie, ing\u00e9niosit\u00e9 et imagination donnent le jour \u00e0 37 attractions diff\u00e9rentes, r\u00e9parties en 6 zones th\u00e9matiques dans un espace vert de 70 ha. \u00c9motions, divertissement et d\u00e9tente sont assur\u00e9s !<\/p>\n<p><strong>FIABILANDIA<\/strong><br \/>\nCette ann\u00e9e encore Fiabilandia s&rsquo;est r\u00e9nov\u00e9e ! Parmi les nombreuses nouveaut\u00e9s, nous vous signalons le nouveau Safari Park, qui vous fera vivre une aventure exotique au contact des animaux les plus inattendus. Citons \u00e9galement la Jardin des fruits oubli\u00e9s et la Maison du paysan, pr\u00e8s de la Ferme d&rsquo;antan&#8230; de quoi satisfaire votre envie de nature !<\/p>\n<p><strong>AQUARIUM DE CATTOLICA<\/strong><br \/>\nUne nouvelle fa\u00e7on de d\u00e9couvrir la mer, ses habitants, son histoire. Situ\u00e9 dans un \u00e9tablissement de colonies de vacances datant des ann\u00e9es 30, r\u00e9nov\u00e9 et r\u00e9am\u00e9nag\u00e9, l&rsquo;aquarium contient plus de 100 bassins d&rsquo;exposition, soit 2 500 000 litres d&rsquo;eau de mer, 3 000 exemplaires de 400 esp\u00e8ces diff\u00e9rentes provenant des mers du monde entier. Cette structure, unique en Europe, permet aux visiteurs d&rsquo;interagir avec de redoutables requins-taureaux par une exp\u00e9rience \u00ab\u00a0face \u00e0 face\u00a0\u00bb.<\/p>\n<p><span style=\"font-size: 18pt;\">Pour les passionn\u00e9es de mer et de bateaux<\/span><\/p>\n<h2>SORTIE GRATUITE EN VOILIER !<\/h2>\n<p>Quand la chaleur devient \u00e9touffante et insupportable, qu&rsquo;y a-t-il de plus enviable et rafra\u00eechissant qu&rsquo;une sortie en voilier ? Le capitaine Maurizio, navigateur chevronn\u00e9 et \u00ab\u00a0v\u00e9ritable\u00a0\u00bb passionn\u00e9 de la mer, passe l&rsquo;hiver \u00e0 restaurer personnellement son voilier \u201cGreen Eyes\u2019 Princess\u201d pour le rendre chaque ann\u00e9e plus confortable &#8230; sans toutefois lui \u00f4ter son charme r\u00e9tro ! En quelques minutes, vous vous \u00e9loignez de la plage la plus vivace du monde pour vous retrouver dans la douceur des eaux tranquilles de la mer Adriatique, avec le murmure du vent pour seule \u00ab\u00a0musique de fond\u00a0\u00bb pour une exp\u00e9rience inoubliable.<\/p>\n","protected":false},"excerpt":{"rendered":"<p>Envie de divertissement? Voici une vaste s\u00e9lection de parcs \u00e0 th\u00e8me &#8230;mais n&rsquo;exag\u00e9rez-pas, sinon \u00e0 votre retour \u00e0 Riccione, il vous faudra des vacances pour vous reposer! OLTREMARE Repr\u00e9sentant un investissement de plus de 70 millions, Oltremare (litt\u00e9ralement \u00ab\u00a0Au del\u00e0 [..]<\/p>\n","protected":false},"author":5,"featured_media":0,"parent":0,"menu_order":0,"comment_status":"closed","ping_status":"closed","template":"","meta":[],"acf":[],"yoast_head":"<!-- This site is optimized with the Yoast SEO plugin v18.4.1 - https:\/\/yoast.com\/wordpress\/plugins\/seo\/ -->\n<title>Parcs d&#039;attractions Riccione | Hotel Rex Riccione<\/title>\n<meta name=\"robots\" content=\"noindex, follow, max-snippet:-1, max-image-preview:large, max-video-preview:-1\" \/>\n<meta property=\"og:locale\" content=\"fr_FR\" \/>\n<meta property=\"og:type\" content=\"article\" \/>\n<meta property=\"og:title\" content=\"Parcs d&#039;attractions Riccione | Hotel Rex Riccione\" \/>\n<meta property=\"og:description\" content=\"Envie de divertissement? Voici une vaste s\u00e9lection de parcs \u00e0 th\u00e8me &#8230;mais n&rsquo;exag\u00e9rez-pas, sinon \u00e0 votre retour \u00e0 Riccione, il vous faudra des vacances pour vous reposer! OLTREMARE Repr\u00e9sentant un investissement de plus de 70 millions, Oltremare (litt\u00e9ralement \u00ab\u00a0Au del\u00e0 [..]\" \/>\n<meta property=\"og:url\" content=\"https:\/\/hotelrexriccione.clienti4.editatest.com\/fr\/parcs-dattraction-et-parcs-a-theme\/\" \/>\n<meta property=\"og:site_name\" content=\"Hotel Rex\" \/>\n<meta property=\"article:modified_time\" content=\"2017-02-02T15:31:37+00:00\" \/>\n<meta name=\"twitter:card\" content=\"summary\" \/>\n<meta name=\"twitter:label1\" content=\"Dur\u00e9e de lecture estim\u00e9e\" \/>\n\t<meta name=\"twitter:data1\" content=\"3 minutes\" \/>\n<script type=\"application\/ld+json\" class=\"yoast-schema-graph\">{\"@context\":\"https:\/\/schema.org\",\"@graph\":[{\"@type\":\"WebSite\",\"@id\":\"https:\/\/hotelrexriccione.clienti4.editatest.com\/#website\",\"url\":\"https:\/\/hotelrexriccione.clienti4.editatest.com\/\",\"name\":\"Hotel Rex\",\"description\":\"\",\"potentialAction\":[{\"@type\":\"SearchAction\",\"target\":{\"@type\":\"EntryPoint\",\"urlTemplate\":\"https:\/\/hotelrexriccione.clienti4.editatest.com\/?s={search_term_string}\"},\"query-input\":\"required name=search_term_string\"}],\"inLanguage\":\"fr-FR\"},{\"@type\":\"WebPage\",\"@id\":\"https:\/\/hotelrexriccione.clienti4.editatest.com\/fr\/parcs-dattraction-et-parcs-a-theme\/#webpage\",\"url\":\"https:\/\/hotelrexriccione.clienti4.editatest.com\/fr\/parcs-dattraction-et-parcs-a-theme\/\",\"name\":\"Parcs d'attractions Riccione | Hotel Rex Riccione\",\"isPartOf\":{\"@id\":\"https:\/\/hotelrexriccione.clienti4.editatest.com\/#website\"},\"datePublished\":\"2016-02-29T15:21:41+00:00\",\"dateModified\":\"2017-02-02T15:31:37+00:00\",\"breadcrumb\":{\"@id\":\"https:\/\/hotelrexriccione.clienti4.editatest.com\/fr\/parcs-dattraction-et-parcs-a-theme\/#breadcrumb\"},\"inLanguage\":\"fr-FR\",\"potentialAction\":[{\"@type\":\"ReadAction\",\"target\":[\"https:\/\/hotelrexriccione.clienti4.editatest.com\/fr\/parcs-dattraction-et-parcs-a-theme\/\"]}]},{\"@type\":\"BreadcrumbList\",\"@id\":\"https:\/\/hotelrexriccione.clienti4.editatest.com\/fr\/parcs-dattraction-et-parcs-a-theme\/#breadcrumb\",\"itemListElement\":[{\"@type\":\"ListItem\",\"position\":1,\"name\":\"Home\",\"item\":\"https:\/\/hotelrexriccione.clienti4.editatest.com\/fr\/\"},{\"@type\":\"ListItem\",\"position\":2,\"name\":\"PARCS D&rsquo;ATTRACTION ET PARCS \u00c0 TH\u00c8ME DE LA RIVIERA ADRIATIQUE\"}]}]}<\/script>\n<!-- \/ Yoast SEO plugin. -->","yoast_head_json":{"title":"Parcs d'attractions Riccione | Hotel Rex Riccione","robots":{"index":"noindex","follow":"follow","max-snippet":"max-snippet:-1","max-image-preview":"max-image-preview:large","max-video-preview":"max-video-preview:-1"},"og_locale":"fr_FR","og_type":"article","og_title":"Parcs d'attractions Riccione | Hotel Rex Riccione","og_description":"Envie de divertissement? Voici une vaste s\u00e9lection de parcs \u00e0 th\u00e8me &#8230;mais n&rsquo;exag\u00e9rez-pas, sinon \u00e0 votre retour \u00e0 Riccione, il vous faudra des vacances pour vous reposer! OLTREMARE Repr\u00e9sentant un investissement de plus de 70 millions, Oltremare (litt\u00e9ralement \u00ab\u00a0Au del\u00e0 [..]","og_url":"https:\/\/hotelrexriccione.clienti4.editatest.com\/fr\/parcs-dattraction-et-parcs-a-theme\/","og_site_name":"Hotel Rex","article_modified_time":"2017-02-02T15:31:37+00:00","twitter_card":"summary","twitter_misc":{"Dur\u00e9e de lecture estim\u00e9e":"3 minutes"},"schema":{"@context":"https:\/\/schema.org","@graph":[{"@type":"WebSite","@id":"https:\/\/hotelrexriccione.clienti4.editatest.com\/#website","url":"https:\/\/hotelrexriccione.clienti4.editatest.com\/","name":"Hotel Rex","description":"","potentialAction":[{"@type":"SearchAction","target":{"@type":"EntryPoint","urlTemplate":"https:\/\/hotelrexriccione.clienti4.editatest.com\/?s={search_term_string}"},"query-input":"required name=search_term_string"}],"inLanguage":"fr-FR"},{"@type":"WebPage","@id":"https:\/\/hotelrexriccione.clienti4.editatest.com\/fr\/parcs-dattraction-et-parcs-a-theme\/#webpage","url":"https:\/\/hotelrexriccione.clienti4.editatest.com\/fr\/parcs-dattraction-et-parcs-a-theme\/","name":"Parcs d'attractions Riccione | Hotel Rex Riccione","isPartOf":{"@id":"https:\/\/hotelrexriccione.clienti4.editatest.com\/#website"},"datePublished":"2016-02-29T15:21:41+00:00","dateModified":"2017-02-02T15:31:37+00:00","breadcrumb":{"@id":"https:\/\/hotelrexriccione.clienti4.editatest.com\/fr\/parcs-dattraction-et-parcs-a-theme\/#breadcrumb"},"inLanguage":"fr-FR","potentialAction":[{"@type":"ReadAction","target":["https:\/\/hotelrexriccione.clienti4.editatest.com\/fr\/parcs-dattraction-et-parcs-a-theme\/"]}]},{"@type":"BreadcrumbList","@id":"https:\/\/hotelrexriccione.clienti4.editatest.com\/fr\/parcs-dattraction-et-parcs-a-theme\/#breadcrumb","itemListElement":[{"@type":"ListItem","position":1,"name":"Home","item":"https:\/\/hotelrexriccione.clienti4.editatest.com\/fr\/"},{"@type":"ListItem","position":2,"name":"PARCS D&rsquo;ATTRACTION ET PARCS \u00c0 TH\u00c8ME DE LA RIVIERA ADRIATIQUE"}]}]}},"_links":{"self":[{"href":"https:\/\/hotelrexriccione.clienti4.editatest.com\/fr\/wp-json\/wp\/v2\/pages\/495"}],"collection":[{"href":"https:\/\/hotelrexriccione.clienti4.editatest.com\/fr\/wp-json\/wp\/v2\/pages"}],"about":[{"href":"https:\/\/hotelrexriccione.clienti4.editatest.com\/fr\/wp-json\/wp\/v2\/types\/page"}],"author":[{"embeddable":true,"href":"https:\/\/hotelrexriccione.clienti4.editatest.com\/fr\/wp-json\/wp\/v2\/users\/5"}],"replies":[{"embeddable":true,"href":"https:\/\/hotelrexriccione.clienti4.editatest.com\/fr\/wp-json\/wp\/v2\/comments?post=495"}],"version-history":[{"count":0,"href":"https:\/\/hotelrexriccione.clienti4.editatest.com\/fr\/wp-json\/wp\/v2\/pages\/495\/revisions"}],"wp:attachment":[{"href":"https:\/\/hotelrexriccione.clienti4.editatest.com\/fr\/wp-json\/wp\/v2\/media?parent=495"}],"curies":[{"name":"wp","href":"https:\/\/api.w.org\/{rel}","templated":true}]}}