{"id":492,"date":"2016-02-29T11:39:41","date_gmt":"2016-02-29T10:39:41","guid":{"rendered":"https:\/\/hotelrexriccione.clienti4.editatest.com\/fr\/riccione-e-dintorni-non-solo-mare\/"},"modified":"2016-04-11T12:57:20","modified_gmt":"2016-04-11T10:57:20","slug":"riccione-et-ses-environs-beaucoup-plus-que-la-plage","status":"publish","type":"page","link":"https:\/\/hotelrexriccione.clienti4.editatest.com\/fr\/riccione-et-ses-environs-beaucoup-plus-que-la-plage\/","title":{"rendered":"RICCIONE ET SES ENVIRONS \u2026 BEAUCOUP PLUS QUE LA PLAGE"},"content":{"rendered":"<h3>Divertissement, hospitalit\u00e9 et tradition<\/h3>\n<p>Sable fin, soleil de lion, \u00e9tablissements baln\u00e9aires ultra modernes, structures h\u00f4teli\u00e8res et sportives, cuisine typique, \u00e9v\u00e9nements, shopping et une grande envie de s&rsquo;amuser : voici les ingr\u00e9dients essentiels pour des vacances inoubliables \u00e0 Riccione. Nos plages sont tr\u00e8s bien \u00e9quip\u00e9es : pour profiter du soleil en toute d\u00e9tente, pour pratiquer des sports \u00e0 l&rsquo;air libre, pour laisser jouer les enfants et pour les parents qui peuvent compter sur des aires de jeux prot\u00e9g\u00e9es, pour les accrocs du l\u00e8che-vitrines. Vous pouvez compter sur une organisation bien rod\u00e9e apr\u00e8s un si\u00e8cle d&rsquo;activit\u00e9, dont le principe de base est l&rsquo;accueil. Toutes ces raisons et bien d&rsquo;autres que vous d\u00e9couvrirez par vous-m\u00eames font de Riccione le c\u0153ur du tourisme et du divertissement de la C\u00f4te Adriatique et notamment de la Romagne.<\/p>\n<p><strong><span style=\"font-size: 14pt;\">La Romagne est une r\u00e9gion particuli\u00e8rement renomm\u00e9e pour son hospitalit\u00e9 et les visiteurs y s\u00e9journent volontiers&#8230;<\/span><\/strong><br \/>\n&#8230; les habitants savent \u00eatre g\u00e9n\u00e9reux, sympathiques et encore capables d&rsquo;\u00e9tonner. Les visiteurs s\u00e9journent volontiers en Romagne parce qu&rsquo;on y vit bien ; on y mange bien et on y boit bien aussi. L&rsquo;accueil est chaleureux et convivial. Les lieux \u00e0 voir et les choses \u00e0 faire ne manquent pas, c&rsquo;est un endroit charg\u00e9 d&rsquo;anecdotes, de parfums, de saveurs&#8230; \u00e0 partager.<\/p>\n<p><strong><span style=\"font-size: 18pt;\">Les lieux \u00e0 visiter:<\/span><\/strong><\/p>\n<table style=\"height: 222px;\" width=\"562\">\n<tbody>\n<tr>\n<td>\n<ul>\n<li>Brisighella<\/li>\n<li>Casteldelci<\/li>\n<li>Gemmano<\/li>\n<li>San Leo<\/li>\n<li>Santarcangelo<\/li>\n<li>Verucchio<\/li>\n<li>Faenza<\/li>\n<li>Montebello<\/li>\n<li>Montefiore<\/li>\n<li>Montegridolfo<\/li>\n<\/ul>\n<\/td>\n<td>\n<ul>\n<li>Sant&rsquo;Agata Feltria<\/li>\n<li>Novafeltria<\/li>\n<li>Pennabilli<\/li>\n<li>Predappio<\/li>\n<li>Gradara<\/li>\n<li>Saludecio<\/li>\n<li>San Marino<\/li>\n<li>Valconca<\/li>\n<li>Urbino<\/li>\n<li>Talamello<\/li>\n<li>Torriana<\/li>\n<\/ul>\n<\/td>\n<\/tr>\n<\/tbody>\n<\/table>\n","protected":false},"excerpt":{"rendered":"<p>Divertissement, hospitalit\u00e9 et tradition Sable fin, soleil de lion, \u00e9tablissements baln\u00e9aires ultra modernes, structures h\u00f4teli\u00e8res et sportives, cuisine typique, \u00e9v\u00e9nements, shopping et une grande envie de s&rsquo;amuser : voici les ingr\u00e9dients essentiels pour des vacances inoubliables \u00e0 Riccione. Nos plages [..]<\/p>\n","protected":false},"author":5,"featured_media":0,"parent":0,"menu_order":0,"comment_status":"closed","ping_status":"closed","template":"","meta":[],"acf":[],"yoast_head":"<!-- This site is optimized with the Yoast SEO plugin v18.4.1 - https:\/\/yoast.com\/wordpress\/plugins\/seo\/ -->\n<title>Viale Ceccarini Riccione - Riccione vacances - trois \u00e9toiles h\u00f4tel baln\u00e9aire de Riccione | Hotel Rex Riccione<\/title>\n<meta name=\"robots\" content=\"noindex, follow, max-snippet:-1, max-image-preview:large, max-video-preview:-1\" \/>\n<meta property=\"og:locale\" content=\"fr_FR\" \/>\n<meta property=\"og:type\" content=\"article\" \/>\n<meta property=\"og:title\" content=\"Viale Ceccarini Riccione - Riccione vacances - trois \u00e9toiles h\u00f4tel baln\u00e9aire de Riccione | Hotel Rex Riccione\" \/>\n<meta property=\"og:description\" content=\"Divertissement, hospitalit\u00e9 et tradition Sable fin, soleil de lion, \u00e9tablissements baln\u00e9aires ultra modernes, structures h\u00f4teli\u00e8res et sportives, cuisine typique, \u00e9v\u00e9nements, shopping et une grande envie de s&rsquo;amuser : voici les ingr\u00e9dients essentiels pour des vacances inoubliables \u00e0 Riccione. Nos plages [..]\" \/>\n<meta property=\"og:url\" content=\"https:\/\/hotelrexriccione.clienti4.editatest.com\/fr\/riccione-et-ses-environs-beaucoup-plus-que-la-plage\/\" \/>\n<meta property=\"og:site_name\" content=\"Hotel Rex\" \/>\n<meta property=\"article:modified_time\" content=\"2016-04-11T10:57:20+00:00\" \/>\n<meta name=\"twitter:card\" content=\"summary\" \/>\n<meta name=\"twitter:label1\" content=\"Dur\u00e9e de lecture estim\u00e9e\" \/>\n\t<meta name=\"twitter:data1\" content=\"1 minute\" \/>\n<script type=\"application\/ld+json\" class=\"yoast-schema-graph\">{\"@context\":\"https:\/\/schema.org\",\"@graph\":[{\"@type\":\"WebSite\",\"@id\":\"https:\/\/hotelrexriccione.clienti4.editatest.com\/#website\",\"url\":\"https:\/\/hotelrexriccione.clienti4.editatest.com\/\",\"name\":\"Hotel Rex\",\"description\":\"\",\"potentialAction\":[{\"@type\":\"SearchAction\",\"target\":{\"@type\":\"EntryPoint\",\"urlTemplate\":\"https:\/\/hotelrexriccione.clienti4.editatest.com\/?s={search_term_string}\"},\"query-input\":\"required name=search_term_string\"}],\"inLanguage\":\"fr-FR\"},{\"@type\":\"WebPage\",\"@id\":\"https:\/\/hotelrexriccione.clienti4.editatest.com\/fr\/riccione-et-ses-environs-beaucoup-plus-que-la-plage\/#webpage\",\"url\":\"https:\/\/hotelrexriccione.clienti4.editatest.com\/fr\/riccione-et-ses-environs-beaucoup-plus-que-la-plage\/\",\"name\":\"Viale Ceccarini Riccione - Riccione vacances - trois \u00e9toiles h\u00f4tel baln\u00e9aire de Riccione | Hotel Rex Riccione\",\"isPartOf\":{\"@id\":\"https:\/\/hotelrexriccione.clienti4.editatest.com\/#website\"},\"datePublished\":\"2016-02-29T10:39:41+00:00\",\"dateModified\":\"2016-04-11T10:57:20+00:00\",\"breadcrumb\":{\"@id\":\"https:\/\/hotelrexriccione.clienti4.editatest.com\/fr\/riccione-et-ses-environs-beaucoup-plus-que-la-plage\/#breadcrumb\"},\"inLanguage\":\"fr-FR\",\"potentialAction\":[{\"@type\":\"ReadAction\",\"target\":[\"https:\/\/hotelrexriccione.clienti4.editatest.com\/fr\/riccione-et-ses-environs-beaucoup-plus-que-la-plage\/\"]}]},{\"@type\":\"BreadcrumbList\",\"@id\":\"https:\/\/hotelrexriccione.clienti4.editatest.com\/fr\/riccione-et-ses-environs-beaucoup-plus-que-la-plage\/#breadcrumb\",\"itemListElement\":[{\"@type\":\"ListItem\",\"position\":1,\"name\":\"Home\",\"item\":\"https:\/\/hotelrexriccione.clienti4.editatest.com\/fr\/\"},{\"@type\":\"ListItem\",\"position\":2,\"name\":\"RICCIONE ET SES ENVIRONS \u2026 BEAUCOUP PLUS QUE LA PLAGE\"}]}]}<\/script>\n<!-- \/ Yoast SEO plugin. -->","yoast_head_json":{"title":"Viale Ceccarini Riccione - Riccione vacances - trois \u00e9toiles h\u00f4tel baln\u00e9aire de Riccione | Hotel Rex Riccione","robots":{"index":"noindex","follow":"follow","max-snippet":"max-snippet:-1","max-image-preview":"max-image-preview:large","max-video-preview":"max-video-preview:-1"},"og_locale":"fr_FR","og_type":"article","og_title":"Viale Ceccarini Riccione - Riccione vacances - trois \u00e9toiles h\u00f4tel baln\u00e9aire de Riccione | Hotel Rex Riccione","og_description":"Divertissement, hospitalit\u00e9 et tradition Sable fin, soleil de lion, \u00e9tablissements baln\u00e9aires ultra modernes, structures h\u00f4teli\u00e8res et sportives, cuisine typique, \u00e9v\u00e9nements, shopping et une grande envie de s&rsquo;amuser : voici les ingr\u00e9dients essentiels pour des vacances inoubliables \u00e0 Riccione. Nos plages [..]","og_url":"https:\/\/hotelrexriccione.clienti4.editatest.com\/fr\/riccione-et-ses-environs-beaucoup-plus-que-la-plage\/","og_site_name":"Hotel Rex","article_modified_time":"2016-04-11T10:57:20+00:00","twitter_card":"summary","twitter_misc":{"Dur\u00e9e de lecture estim\u00e9e":"1 minute"},"schema":{"@context":"https:\/\/schema.org","@graph":[{"@type":"WebSite","@id":"https:\/\/hotelrexriccione.clienti4.editatest.com\/#website","url":"https:\/\/hotelrexriccione.clienti4.editatest.com\/","name":"Hotel Rex","description":"","potentialAction":[{"@type":"SearchAction","target":{"@type":"EntryPoint","urlTemplate":"https:\/\/hotelrexriccione.clienti4.editatest.com\/?s={search_term_string}"},"query-input":"required name=search_term_string"}],"inLanguage":"fr-FR"},{"@type":"WebPage","@id":"https:\/\/hotelrexriccione.clienti4.editatest.com\/fr\/riccione-et-ses-environs-beaucoup-plus-que-la-plage\/#webpage","url":"https:\/\/hotelrexriccione.clienti4.editatest.com\/fr\/riccione-et-ses-environs-beaucoup-plus-que-la-plage\/","name":"Viale Ceccarini Riccione - Riccione vacances - trois \u00e9toiles h\u00f4tel baln\u00e9aire de Riccione | Hotel Rex Riccione","isPartOf":{"@id":"https:\/\/hotelrexriccione.clienti4.editatest.com\/#website"},"datePublished":"2016-02-29T10:39:41+00:00","dateModified":"2016-04-11T10:57:20+00:00","breadcrumb":{"@id":"https:\/\/hotelrexriccione.clienti4.editatest.com\/fr\/riccione-et-ses-environs-beaucoup-plus-que-la-plage\/#breadcrumb"},"inLanguage":"fr-FR","potentialAction":[{"@type":"ReadAction","target":["https:\/\/hotelrexriccione.clienti4.editatest.com\/fr\/riccione-et-ses-environs-beaucoup-plus-que-la-plage\/"]}]},{"@type":"BreadcrumbList","@id":"https:\/\/hotelrexriccione.clienti4.editatest.com\/fr\/riccione-et-ses-environs-beaucoup-plus-que-la-plage\/#breadcrumb","itemListElement":[{"@type":"ListItem","position":1,"name":"Home","item":"https:\/\/hotelrexriccione.clienti4.editatest.com\/fr\/"},{"@type":"ListItem","position":2,"name":"RICCIONE ET SES ENVIRONS \u2026 BEAUCOUP PLUS QUE LA PLAGE"}]}]}},"_links":{"self":[{"href":"https:\/\/hotelrexriccione.clienti4.editatest.com\/fr\/wp-json\/wp\/v2\/pages\/492"}],"collection":[{"href":"https:\/\/hotelrexriccione.clienti4.editatest.com\/fr\/wp-json\/wp\/v2\/pages"}],"about":[{"href":"https:\/\/hotelrexriccione.clienti4.editatest.com\/fr\/wp-json\/wp\/v2\/types\/page"}],"author":[{"embeddable":true,"href":"https:\/\/hotelrexriccione.clienti4.editatest.com\/fr\/wp-json\/wp\/v2\/users\/5"}],"replies":[{"embeddable":true,"href":"https:\/\/hotelrexriccione.clienti4.editatest.com\/fr\/wp-json\/wp\/v2\/comments?post=492"}],"version-history":[{"count":0,"href":"https:\/\/hotelrexriccione.clienti4.editatest.com\/fr\/wp-json\/wp\/v2\/pages\/492\/revisions"}],"wp:attachment":[{"href":"https:\/\/hotelrexriccione.clienti4.editatest.com\/fr\/wp-json\/wp\/v2\/media?parent=492"}],"curies":[{"name":"wp","href":"https:\/\/api.w.org\/{rel}","templated":true}]}}