{"id":479,"date":"2014-04-30T11:31:19","date_gmt":"2014-04-30T09:31:19","guid":{"rendered":"https:\/\/hotelrexriccione.clienti4.editatest.com\/fr\/dove-siamo\/"},"modified":"2017-02-02T16:31:28","modified_gmt":"2017-02-02T15:31:28","slug":"ou-sommes-nous","status":"publish","type":"page","link":"https:\/\/hotelrexriccione.clienti4.editatest.com\/fr\/ou-sommes-nous\/","title":{"rendered":"Les Pieds Dans L&rsquo;eau"},"content":{"rendered":"<h3>\u00c0 quelques pas du quartier chic de Via Ceccarini et Viale Dante, le c\u0153ur battant de Riccione.<\/h3>\n<p><span style=\"font-size: 18pt;\">COMMENT ARRIVER:<\/span><\/p>\n<ul>\n<li><strong>EN VOITURE<br \/>\n<\/strong>De l&rsquo;Autoroute A14 Bologna-Taranto, sortie au p\u00e9age de Riccione. Au premier rond-point, tournez \u00e0 gauche, puis au quatri\u00e8me rond-point, tournez de nouveau \u00e0 gauche en direction de Rimini. Suivez la route et au deuxi\u00e8me rondpoint que vous trouvez, tournez \u00e0 droite Viale Emilia (une avenue bord\u00e9e de pins). Suivez cette avenue, empruntez le souterrain et au bout de la route, vous arrivez \u00e0 un rond-point, tournez \u00e0 droite Viale D&rsquo;Annunzio. Apr\u00e8s environ 400-500 m\u00e8tres, face \u00e0 Via Puccini, prenez \u00e0 gauche, notre h\u00f4tel se trouve \u00e0 30 m\u00e8tres.<\/li>\n<li><strong>EN TRAIN<\/strong><br \/>\nLa gare de Riccione se trouve \u00e0 1 km de l&rsquo;h\u00f4tel Rex.<br \/>\n\u00c0 la sortie de la gare, vous pourrez prendre un bus ou un taxi et arriver sans encombre \u00e0 l&rsquo;h\u00f4tel.<\/li>\n<li><strong>EN AVION<\/strong><br \/>\nRiccione se trouve \u00e0 environ 5 km de l&rsquo;a\u00e9roport de Rimini, \u00e0 environ 50 km de celui de Forl\u00ec, \u00e0 110 km de celui de Bologne et \u00e0 90 km de celui d&rsquo;Anc\u00f4ne (Falconara).<strong><br \/>\n<\/strong><\/li>\n<\/ul>\n","protected":false},"excerpt":{"rendered":"<p>\u00c0 quelques pas du quartier chic de Via Ceccarini et Viale Dante, le c\u0153ur battant de Riccione. COMMENT ARRIVER: EN VOITURE De l&rsquo;Autoroute A14 Bologna-Taranto, sortie au p\u00e9age de Riccione. Au premier rond-point, tournez \u00e0 gauche, puis au quatri\u00e8me rond-point, [..]<\/p>\n","protected":false},"author":5,"featured_media":0,"parent":0,"menu_order":0,"comment_status":"closed","ping_status":"closed","template":"template.mappa.php","meta":[],"acf":[],"yoast_head":"<!-- This site is optimized with the Yoast SEO plugin v18.4.1 - https:\/\/yoast.com\/wordpress\/plugins\/seo\/ -->\n<title>H\u00f4tel sur la plage trois \u00e9toiles \u00e0 Riccione | Hotel Rex Riccione<\/title>\n<meta name=\"robots\" content=\"noindex, follow, max-snippet:-1, max-image-preview:large, max-video-preview:-1\" \/>\n<meta property=\"og:locale\" content=\"fr_FR\" \/>\n<meta property=\"og:type\" content=\"article\" \/>\n<meta property=\"og:title\" content=\"H\u00f4tel sur la plage trois \u00e9toiles \u00e0 Riccione | Hotel Rex Riccione\" \/>\n<meta property=\"og:description\" content=\"\u00c0 quelques pas du quartier chic de Via Ceccarini et Viale Dante, le c\u0153ur battant de Riccione. COMMENT ARRIVER: EN VOITURE De l&rsquo;Autoroute A14 Bologna-Taranto, sortie au p\u00e9age de Riccione. Au premier rond-point, tournez \u00e0 gauche, puis au quatri\u00e8me rond-point, [..]\" \/>\n<meta property=\"og:url\" content=\"https:\/\/hotelrexriccione.clienti4.editatest.com\/fr\/ou-sommes-nous\/\" \/>\n<meta property=\"og:site_name\" content=\"Hotel Rex\" \/>\n<meta property=\"article:modified_time\" content=\"2017-02-02T15:31:28+00:00\" \/>\n<meta name=\"twitter:card\" content=\"summary\" \/>\n<meta name=\"twitter:label1\" content=\"Dur\u00e9e de lecture estim\u00e9e\" \/>\n\t<meta name=\"twitter:data1\" content=\"1 minute\" \/>\n<script type=\"application\/ld+json\" class=\"yoast-schema-graph\">{\"@context\":\"https:\/\/schema.org\",\"@graph\":[{\"@type\":\"WebSite\",\"@id\":\"https:\/\/hotelrexriccione.clienti4.editatest.com\/#website\",\"url\":\"https:\/\/hotelrexriccione.clienti4.editatest.com\/\",\"name\":\"Hotel Rex\",\"description\":\"\",\"potentialAction\":[{\"@type\":\"SearchAction\",\"target\":{\"@type\":\"EntryPoint\",\"urlTemplate\":\"https:\/\/hotelrexriccione.clienti4.editatest.com\/?s={search_term_string}\"},\"query-input\":\"required name=search_term_string\"}],\"inLanguage\":\"fr-FR\"},{\"@type\":\"WebPage\",\"@id\":\"https:\/\/hotelrexriccione.clienti4.editatest.com\/fr\/ou-sommes-nous\/#webpage\",\"url\":\"https:\/\/hotelrexriccione.clienti4.editatest.com\/fr\/ou-sommes-nous\/\",\"name\":\"H\u00f4tel sur la plage trois \u00e9toiles \u00e0 Riccione | Hotel Rex Riccione\",\"isPartOf\":{\"@id\":\"https:\/\/hotelrexriccione.clienti4.editatest.com\/#website\"},\"datePublished\":\"2014-04-30T09:31:19+00:00\",\"dateModified\":\"2017-02-02T15:31:28+00:00\",\"breadcrumb\":{\"@id\":\"https:\/\/hotelrexriccione.clienti4.editatest.com\/fr\/ou-sommes-nous\/#breadcrumb\"},\"inLanguage\":\"fr-FR\",\"potentialAction\":[{\"@type\":\"ReadAction\",\"target\":[\"https:\/\/hotelrexriccione.clienti4.editatest.com\/fr\/ou-sommes-nous\/\"]}]},{\"@type\":\"BreadcrumbList\",\"@id\":\"https:\/\/hotelrexriccione.clienti4.editatest.com\/fr\/ou-sommes-nous\/#breadcrumb\",\"itemListElement\":[{\"@type\":\"ListItem\",\"position\":1,\"name\":\"Home\",\"item\":\"https:\/\/hotelrexriccione.clienti4.editatest.com\/fr\/\"},{\"@type\":\"ListItem\",\"position\":2,\"name\":\"Les Pieds Dans L&rsquo;eau\"}]}]}<\/script>\n<!-- \/ Yoast SEO plugin. -->","yoast_head_json":{"title":"H\u00f4tel sur la plage trois \u00e9toiles \u00e0 Riccione | Hotel Rex Riccione","robots":{"index":"noindex","follow":"follow","max-snippet":"max-snippet:-1","max-image-preview":"max-image-preview:large","max-video-preview":"max-video-preview:-1"},"og_locale":"fr_FR","og_type":"article","og_title":"H\u00f4tel sur la plage trois \u00e9toiles \u00e0 Riccione | Hotel Rex Riccione","og_description":"\u00c0 quelques pas du quartier chic de Via Ceccarini et Viale Dante, le c\u0153ur battant de Riccione. COMMENT ARRIVER: EN VOITURE De l&rsquo;Autoroute A14 Bologna-Taranto, sortie au p\u00e9age de Riccione. Au premier rond-point, tournez \u00e0 gauche, puis au quatri\u00e8me rond-point, [..]","og_url":"https:\/\/hotelrexriccione.clienti4.editatest.com\/fr\/ou-sommes-nous\/","og_site_name":"Hotel Rex","article_modified_time":"2017-02-02T15:31:28+00:00","twitter_card":"summary","twitter_misc":{"Dur\u00e9e de lecture estim\u00e9e":"1 minute"},"schema":{"@context":"https:\/\/schema.org","@graph":[{"@type":"WebSite","@id":"https:\/\/hotelrexriccione.clienti4.editatest.com\/#website","url":"https:\/\/hotelrexriccione.clienti4.editatest.com\/","name":"Hotel Rex","description":"","potentialAction":[{"@type":"SearchAction","target":{"@type":"EntryPoint","urlTemplate":"https:\/\/hotelrexriccione.clienti4.editatest.com\/?s={search_term_string}"},"query-input":"required name=search_term_string"}],"inLanguage":"fr-FR"},{"@type":"WebPage","@id":"https:\/\/hotelrexriccione.clienti4.editatest.com\/fr\/ou-sommes-nous\/#webpage","url":"https:\/\/hotelrexriccione.clienti4.editatest.com\/fr\/ou-sommes-nous\/","name":"H\u00f4tel sur la plage trois \u00e9toiles \u00e0 Riccione | Hotel Rex Riccione","isPartOf":{"@id":"https:\/\/hotelrexriccione.clienti4.editatest.com\/#website"},"datePublished":"2014-04-30T09:31:19+00:00","dateModified":"2017-02-02T15:31:28+00:00","breadcrumb":{"@id":"https:\/\/hotelrexriccione.clienti4.editatest.com\/fr\/ou-sommes-nous\/#breadcrumb"},"inLanguage":"fr-FR","potentialAction":[{"@type":"ReadAction","target":["https:\/\/hotelrexriccione.clienti4.editatest.com\/fr\/ou-sommes-nous\/"]}]},{"@type":"BreadcrumbList","@id":"https:\/\/hotelrexriccione.clienti4.editatest.com\/fr\/ou-sommes-nous\/#breadcrumb","itemListElement":[{"@type":"ListItem","position":1,"name":"Home","item":"https:\/\/hotelrexriccione.clienti4.editatest.com\/fr\/"},{"@type":"ListItem","position":2,"name":"Les Pieds Dans L&rsquo;eau"}]}]}},"_links":{"self":[{"href":"https:\/\/hotelrexriccione.clienti4.editatest.com\/fr\/wp-json\/wp\/v2\/pages\/479"}],"collection":[{"href":"https:\/\/hotelrexriccione.clienti4.editatest.com\/fr\/wp-json\/wp\/v2\/pages"}],"about":[{"href":"https:\/\/hotelrexriccione.clienti4.editatest.com\/fr\/wp-json\/wp\/v2\/types\/page"}],"author":[{"embeddable":true,"href":"https:\/\/hotelrexriccione.clienti4.editatest.com\/fr\/wp-json\/wp\/v2\/users\/5"}],"replies":[{"embeddable":true,"href":"https:\/\/hotelrexriccione.clienti4.editatest.com\/fr\/wp-json\/wp\/v2\/comments?post=479"}],"version-history":[{"count":0,"href":"https:\/\/hotelrexriccione.clienti4.editatest.com\/fr\/wp-json\/wp\/v2\/pages\/479\/revisions"}],"wp:attachment":[{"href":"https:\/\/hotelrexriccione.clienti4.editatest.com\/fr\/wp-json\/wp\/v2\/media?parent=479"}],"curies":[{"name":"wp","href":"https:\/\/api.w.org\/{rel}","templated":true}]}}