{"id":467,"date":"2016-02-10T15:11:55","date_gmt":"2016-02-10T14:11:55","guid":{"rendered":"https:\/\/hotelrexriccione.clienti4.editatest.com\/fr\/camere\/"},"modified":"2016-04-13T10:40:58","modified_gmt":"2016-04-13T08:40:58","slug":"chambres","status":"publish","type":"page","link":"https:\/\/hotelrexriccione.clienti4.editatest.com\/fr\/chambres\/","title":{"rendered":"Chambres &amp; Suites"},"content":{"rendered":"<h3>Nos <strong>Chambres<\/strong> et nos <strong>Suites<\/strong> sont de v\u00e9ritables oasis de paix,<br \/>\ncon\u00e7ues et r\u00e9alis\u00e9es pour satisfaire toutes vos exigences et vous donner la possibilit\u00e9<br \/>\nde choisir entre diff\u00e9rents types. Toutes sont \u00e9quip\u00e9es d&rsquo;un balcon.<\/h3>\n","protected":false},"excerpt":{"rendered":"<p>Nos Chambres et nos Suites sont de v\u00e9ritables oasis de paix, con\u00e7ues et r\u00e9alis\u00e9es pour satisfaire toutes vos exigences et vous donner la possibilit\u00e9 de choisir entre diff\u00e9rents types. Toutes sont \u00e9quip\u00e9es d&rsquo;un balcon.<\/p>\n","protected":false},"author":5,"featured_media":0,"parent":0,"menu_order":0,"comment_status":"closed","ping_status":"closed","template":"template.camere.php","meta":[],"acf":[],"yoast_head":"<!-- This site is optimized with the Yoast SEO plugin v18.4.1 - https:\/\/yoast.com\/wordpress\/plugins\/seo\/ -->\n<title>Chambres avec vue sur la mer, h\u00f4tel trois \u00e9toiles Riccione | Hotel Rex Riccione<\/title>\n<meta name=\"robots\" content=\"noindex, follow, max-snippet:-1, max-image-preview:large, max-video-preview:-1\" \/>\n<meta property=\"og:locale\" content=\"fr_FR\" \/>\n<meta property=\"og:type\" content=\"article\" \/>\n<meta property=\"og:title\" content=\"Chambres avec vue sur la mer, h\u00f4tel trois \u00e9toiles Riccione | Hotel Rex Riccione\" \/>\n<meta property=\"og:description\" content=\"Nos Chambres et nos Suites sont de v\u00e9ritables oasis de paix, con\u00e7ues et r\u00e9alis\u00e9es pour satisfaire toutes vos exigences et vous donner la possibilit\u00e9 de choisir entre diff\u00e9rents types. Toutes sont \u00e9quip\u00e9es d&rsquo;un balcon.\" \/>\n<meta property=\"og:url\" content=\"https:\/\/hotelrexriccione.clienti4.editatest.com\/fr\/chambres\/\" \/>\n<meta property=\"og:site_name\" content=\"Hotel Rex\" \/>\n<meta property=\"article:modified_time\" content=\"2016-04-13T08:40:58+00:00\" \/>\n<meta name=\"twitter:card\" content=\"summary\" \/>\n<script type=\"application\/ld+json\" class=\"yoast-schema-graph\">{\"@context\":\"https:\/\/schema.org\",\"@graph\":[{\"@type\":\"WebSite\",\"@id\":\"https:\/\/hotelrexriccione.clienti4.editatest.com\/#website\",\"url\":\"https:\/\/hotelrexriccione.clienti4.editatest.com\/\",\"name\":\"Hotel Rex\",\"description\":\"\",\"potentialAction\":[{\"@type\":\"SearchAction\",\"target\":{\"@type\":\"EntryPoint\",\"urlTemplate\":\"https:\/\/hotelrexriccione.clienti4.editatest.com\/?s={search_term_string}\"},\"query-input\":\"required name=search_term_string\"}],\"inLanguage\":\"fr-FR\"},{\"@type\":\"WebPage\",\"@id\":\"https:\/\/hotelrexriccione.clienti4.editatest.com\/fr\/chambres\/#webpage\",\"url\":\"https:\/\/hotelrexriccione.clienti4.editatest.com\/fr\/chambres\/\",\"name\":\"Chambres avec vue sur la mer, h\u00f4tel trois \u00e9toiles Riccione | Hotel Rex Riccione\",\"isPartOf\":{\"@id\":\"https:\/\/hotelrexriccione.clienti4.editatest.com\/#website\"},\"datePublished\":\"2016-02-10T14:11:55+00:00\",\"dateModified\":\"2016-04-13T08:40:58+00:00\",\"breadcrumb\":{\"@id\":\"https:\/\/hotelrexriccione.clienti4.editatest.com\/fr\/chambres\/#breadcrumb\"},\"inLanguage\":\"fr-FR\",\"potentialAction\":[{\"@type\":\"ReadAction\",\"target\":[\"https:\/\/hotelrexriccione.clienti4.editatest.com\/fr\/chambres\/\"]}]},{\"@type\":\"BreadcrumbList\",\"@id\":\"https:\/\/hotelrexriccione.clienti4.editatest.com\/fr\/chambres\/#breadcrumb\",\"itemListElement\":[{\"@type\":\"ListItem\",\"position\":1,\"name\":\"Home\",\"item\":\"https:\/\/hotelrexriccione.clienti4.editatest.com\/fr\/\"},{\"@type\":\"ListItem\",\"position\":2,\"name\":\"Chambres &amp; Suites\"}]}]}<\/script>\n<!-- \/ Yoast SEO plugin. -->","yoast_head_json":{"title":"Chambres avec vue sur la mer, h\u00f4tel trois \u00e9toiles Riccione | Hotel Rex Riccione","robots":{"index":"noindex","follow":"follow","max-snippet":"max-snippet:-1","max-image-preview":"max-image-preview:large","max-video-preview":"max-video-preview:-1"},"og_locale":"fr_FR","og_type":"article","og_title":"Chambres avec vue sur la mer, h\u00f4tel trois \u00e9toiles Riccione | Hotel Rex Riccione","og_description":"Nos Chambres et nos Suites sont de v\u00e9ritables oasis de paix, con\u00e7ues et r\u00e9alis\u00e9es pour satisfaire toutes vos exigences et vous donner la possibilit\u00e9 de choisir entre diff\u00e9rents types. Toutes sont \u00e9quip\u00e9es d&rsquo;un balcon.","og_url":"https:\/\/hotelrexriccione.clienti4.editatest.com\/fr\/chambres\/","og_site_name":"Hotel Rex","article_modified_time":"2016-04-13T08:40:58+00:00","twitter_card":"summary","schema":{"@context":"https:\/\/schema.org","@graph":[{"@type":"WebSite","@id":"https:\/\/hotelrexriccione.clienti4.editatest.com\/#website","url":"https:\/\/hotelrexriccione.clienti4.editatest.com\/","name":"Hotel Rex","description":"","potentialAction":[{"@type":"SearchAction","target":{"@type":"EntryPoint","urlTemplate":"https:\/\/hotelrexriccione.clienti4.editatest.com\/?s={search_term_string}"},"query-input":"required name=search_term_string"}],"inLanguage":"fr-FR"},{"@type":"WebPage","@id":"https:\/\/hotelrexriccione.clienti4.editatest.com\/fr\/chambres\/#webpage","url":"https:\/\/hotelrexriccione.clienti4.editatest.com\/fr\/chambres\/","name":"Chambres avec vue sur la mer, h\u00f4tel trois \u00e9toiles Riccione | Hotel Rex Riccione","isPartOf":{"@id":"https:\/\/hotelrexriccione.clienti4.editatest.com\/#website"},"datePublished":"2016-02-10T14:11:55+00:00","dateModified":"2016-04-13T08:40:58+00:00","breadcrumb":{"@id":"https:\/\/hotelrexriccione.clienti4.editatest.com\/fr\/chambres\/#breadcrumb"},"inLanguage":"fr-FR","potentialAction":[{"@type":"ReadAction","target":["https:\/\/hotelrexriccione.clienti4.editatest.com\/fr\/chambres\/"]}]},{"@type":"BreadcrumbList","@id":"https:\/\/hotelrexriccione.clienti4.editatest.com\/fr\/chambres\/#breadcrumb","itemListElement":[{"@type":"ListItem","position":1,"name":"Home","item":"https:\/\/hotelrexriccione.clienti4.editatest.com\/fr\/"},{"@type":"ListItem","position":2,"name":"Chambres &amp; Suites"}]}]}},"_links":{"self":[{"href":"https:\/\/hotelrexriccione.clienti4.editatest.com\/fr\/wp-json\/wp\/v2\/pages\/467"}],"collection":[{"href":"https:\/\/hotelrexriccione.clienti4.editatest.com\/fr\/wp-json\/wp\/v2\/pages"}],"about":[{"href":"https:\/\/hotelrexriccione.clienti4.editatest.com\/fr\/wp-json\/wp\/v2\/types\/page"}],"author":[{"embeddable":true,"href":"https:\/\/hotelrexriccione.clienti4.editatest.com\/fr\/wp-json\/wp\/v2\/users\/5"}],"replies":[{"embeddable":true,"href":"https:\/\/hotelrexriccione.clienti4.editatest.com\/fr\/wp-json\/wp\/v2\/comments?post=467"}],"version-history":[{"count":0,"href":"https:\/\/hotelrexriccione.clienti4.editatest.com\/fr\/wp-json\/wp\/v2\/pages\/467\/revisions"}],"wp:attachment":[{"href":"https:\/\/hotelrexriccione.clienti4.editatest.com\/fr\/wp-json\/wp\/v2\/media?parent=467"}],"curies":[{"name":"wp","href":"https:\/\/api.w.org\/{rel}","templated":true}]}}