{"id":465,"date":"2016-02-29T22:15:30","date_gmt":"2016-02-29T21:15:30","guid":{"rendered":"https:\/\/hotelrexriccione.clienti4.editatest.com\/fr\/hotel-ecologico-a-riccione\/"},"modified":"2017-02-02T16:31:02","modified_gmt":"2017-02-02T15:31:02","slug":"hotel-ecologique-a-riccione","status":"publish","type":"page","link":"https:\/\/hotelrexriccione.clienti4.editatest.com\/fr\/hotel-ecologique-a-riccione\/","title":{"rendered":"H\u00f4tel \u00c9cologique \u00e0 Riccione"},"content":{"rendered":"<h3>Nous nous engageons pour la sauvegarde de l&rsquo;environnement<\/h3>\n<p><em>\u00ab\u00a0Quand vous aurez abattu le dernier arbre, quand vous aurez p\u00e9ch\u00e9 le dernier poisson, quand vous aurez pollu\u00e9 le dernier cours d&rsquo;eau, alors vous vous apercevrez que l&rsquo;argent ne se mange pas.\u00a0\u00bb<\/em><br \/>\nC&rsquo;est dans cet esprit que les<strong> \u00e9co-h\u00f4tels<\/strong> ont vu le jour \u00e0 Riccione en 1997.<\/p>\n<div id='gallery-1' class='gallery galleryid-261 gallery-columns-3 gallery-size-medium'><figure class='gallery-item'>\n\t\t\t<div class='gallery-icon landscape'>\n\t\t\t\t<a href='https:\/\/hotelrexriccione.clienti4.editatest.com\/wp-content\/uploads\/2016\/02\/Premio-legambiente-1.jpg' data-size=\"750x522\"><img width=\"318\" height=\"318\" src=\"https:\/\/hotelrexriccione.clienti4.editatest.com\/wp-content\/uploads\/2016\/02\/Premio-legambiente-1-318x318.jpg\" class=\"attachment-medium size-medium\" alt=\"Hotel Rex Riccione Staff\" loading=\"lazy\" srcset=\"https:\/\/hotelrexriccione.clienti4.editatest.com\/wp-content\/uploads\/2016\/02\/Premio-legambiente-1-318x318.jpg 318w, https:\/\/hotelrexriccione.clienti4.editatest.com\/wp-content\/uploads\/2016\/02\/Premio-legambiente-1-150x150.jpg 150w\" sizes=\"(max-width: 318px) 100vw, 318px\" \/><\/a>\n\t\t\t<\/div><\/figure><figure class='gallery-item'>\n\t\t\t<div class='gallery-icon portrait'>\n\t\t\t\t<a href='https:\/\/hotelrexriccione.clienti4.editatest.com\/wp-content\/uploads\/2016\/02\/Premio-legambiente-2.jpg' data-size=\"450x659\"><img width=\"318\" height=\"318\" src=\"https:\/\/hotelrexriccione.clienti4.editatest.com\/wp-content\/uploads\/2016\/02\/Premio-legambiente-2-318x318.jpg\" class=\"attachment-medium size-medium\" alt=\"Hotel Rex Riccione Risparmio Energetico\" loading=\"lazy\" srcset=\"https:\/\/hotelrexriccione.clienti4.editatest.com\/wp-content\/uploads\/2016\/02\/Premio-legambiente-2-318x318.jpg 318w, https:\/\/hotelrexriccione.clienti4.editatest.com\/wp-content\/uploads\/2016\/02\/Premio-legambiente-2-150x150.jpg 150w\" sizes=\"(max-width: 318px) 100vw, 318px\" \/><\/a>\n\t\t\t<\/div><\/figure>\n\t\t<\/div>\n\n<p><span style=\"font-size: 18pt;\">LE D\u00c9CALOGUE:<br \/>\n<\/span><strong>LES 10 R\u00c8GLES POUR AM\u00c9LIORER L&rsquo;ENVIRONNEMENT<\/strong><\/p>\n<p><img loading=\"lazy\" class=\"alignleft size-full wp-image-263\" src=\"https:\/\/hotelrexriccione.clienti4.editatest.com\/wp-content\/uploads\/2016\/02\/regola1.jpg\" alt=\"regola1\" width=\"204\" height=\"107\" data-big-size=\"204x107\" \/>Produire le moins de d\u00e9chets possible et mettre en \u0153uvre une collecte qui soit compatible avec l&rsquo;environnement. Pr\u00e9f\u00e9rer les achats de marchandises avec des emballages l\u00e9gers et sans gaspillage, les bouteilles avec consigne, les recharges pour les produits d&rsquo;entretien et autres. Participer au programme de tri et de recyclage des d\u00e9chets.<\/p>\n<p>&nbsp;<\/p>\n<p><img loading=\"lazy\" class=\"alignleft size-full wp-image-264\" src=\"https:\/\/hotelrexriccione.clienti4.editatest.com\/wp-content\/uploads\/2016\/02\/regola2.jpg\" alt=\"regola2\" width=\"204\" height=\"107\" data-big-size=\"204x107\" \/>R\u00e9duire les consommations d&rsquo;eau et d&rsquo;\u00e9nergie pour le chauffage de l&rsquo;eau en utilisant les technologies disponibles, comme les acc\u00e9l\u00e9rateurs de flux pour les douches, les robinets et les distributeurs. Promouvoir aupr\u00e8s des clients les comportements les mieux adapt\u00e9s pour atteindre ces objectifs.<\/p>\n<p>&nbsp;<\/p>\n<p><img loading=\"lazy\" class=\"alignleft size-full wp-image-265\" src=\"https:\/\/hotelrexriccione.clienti4.editatest.com\/wp-content\/uploads\/2016\/02\/regola3.jpg\" alt=\"regola3\" width=\"204\" height=\"107\" data-big-size=\"204x107\" \/>Favoriser les \u00e9conomies et la r\u00e9cup\u00e9ration de l&rsquo;\u00e9nergie, en r\u00e9duisant le linge \u00e0 laver et en installant des ampoules basse consommation.<\/p>\n<p>&nbsp;<\/p>\n<p>&nbsp;<\/p>\n<p><img loading=\"lazy\" class=\"alignleft size-full wp-image-266\" src=\"https:\/\/hotelrexriccione.clienti4.editatest.com\/wp-content\/uploads\/2016\/02\/regola4.jpg\" alt=\"regola4\" width=\"204\" height=\"107\" data-big-size=\"204x107\" \/>Utiliser des aliments sains et sans substances chimiques (pesticides et herbicides), comme les fruits et les l\u00e9gumes bio ou cultiv\u00e9s selon des m\u00e9thodes ayant un faible impact sur l&rsquo;environnement.<\/p>\n<p>&nbsp;<\/p>\n<p><img loading=\"lazy\" class=\"alignleft size-full wp-image-267\" src=\"https:\/\/hotelrexriccione.clienti4.editatest.com\/wp-content\/uploads\/2016\/02\/regola5.jpg\" alt=\"regola5\" width=\"204\" height=\"107\" data-big-size=\"204x107\" \/>Valoriser les traditions locales et les sp\u00e9cialit\u00e9s du terroir. Promouvoir et proposer des plats r\u00e9gionaux pr\u00e9par\u00e9s \u00e0 base de produits locaux typiques\u00a0: poisson, viande et fromages des march\u00e9s r\u00e9gionaux, fruits et l\u00e9gumes de saison.<\/p>\n<p>&nbsp;<\/p>\n<p><img loading=\"lazy\" class=\"alignleft size-full wp-image-268\" src=\"https:\/\/hotelrexriccione.clienti4.editatest.com\/wp-content\/uploads\/2016\/02\/regola6.jpg\" alt=\"regola6\" width=\"204\" height=\"107\" data-big-size=\"204x107\" \/>Encourager l&rsquo;utilisation des transports en commun publics et priv\u00e9s par la diffusion des tickets sp\u00e9ciaux que les compagnies de transport proposent.<\/p>\n<p>&nbsp;<\/p>\n<p>&nbsp;<\/p>\n<p><img loading=\"lazy\" class=\"alignleft size-full wp-image-269\" src=\"https:\/\/hotelrexriccione.clienti4.editatest.com\/wp-content\/uploads\/2016\/02\/regola7.jpg\" alt=\"regola7\" width=\"204\" height=\"107\" data-big-size=\"204x107\" \/>R\u00e9pandre et encourager les moyens de transport les moins polluants. Promouvoir les pistes cyclables et les voies v\u00e9los-pi\u00e9tons, la location et le pr\u00eat gratuit de v\u00e9los ainsi que l&rsquo;utilisation de v\u00e9hicules \u00e9lectriques.<\/p>\n<p>&nbsp;<\/p>\n<p><img loading=\"lazy\" class=\"alignleft size-full wp-image-270\" src=\"https:\/\/hotelrexriccione.clienti4.editatest.com\/wp-content\/uploads\/2016\/02\/regola8.jpg\" alt=\"regola8\" width=\"204\" height=\"107\" data-big-size=\"204x107\" \/>Limiter les bruits dans l&rsquo;h\u00f4tel et dans les alentours, surtout la nuit, en invitant \u00e9galement les touristes \u00e0 des comportements responsables et en soutenant les initiatives publiques sur ce th\u00e8me.<\/p>\n<p>&nbsp;<\/p>\n<p><img loading=\"lazy\" class=\"alignleft size-full wp-image-271\" src=\"https:\/\/hotelrexriccione.clienti4.editatest.com\/wp-content\/uploads\/2016\/02\/regola9.jpg\" alt=\"regola9\" width=\"204\" height=\"107\" data-big-size=\"204x107\" \/>Valoriser les biens culturels et naturels, par des propositions touristiques hors des sch\u00e9mas habituels, des itin\u00e9raires faisant d\u00e9couvrir la beaut\u00e9 de la nature et des paysages, des parcours de visite aux lieux qui illustrent le mieux la r\u00e9alit\u00e9 historique et culturelle locale.<\/p>\n<p>&nbsp;<\/p>\n<p><img loading=\"lazy\" class=\"alignleft size-full wp-image-272\" src=\"https:\/\/hotelrexriccione.clienti4.editatest.com\/wp-content\/uploads\/2016\/02\/regola10.jpg\" alt=\"regola10\" width=\"204\" height=\"107\" data-big-size=\"204x107\" \/>Impliquer les touristes dans la mise en \u0153uvre de ce d\u00e9calogue et pour l&rsquo;\u00e9valuation de la d\u00e9marche des h\u00f4tel. Diffuser ce guide, qui comprend une fiche pour la d\u00e9claration du degr\u00e9 de satisfaction du client quant aux objectifs que l&rsquo;h\u00f4telier s&rsquo;est fix\u00e9s.<\/p>\n<p>&nbsp;<\/p>\n<p><strong><span style=\"font-size: 14pt;\">En collaboration avec:<\/span><\/strong><\/p>\n<ul>\n<li>Association H\u00f4teliers de Riccione<\/li>\n<li>Mairie de Riccione<\/li>\n<li>Legambiente &#8211; Association environnementale italienne &#8211; section Tourisme<\/li>\n<\/ul>\n<p>Vous avez laiss\u00e9 votre voiture \u00e0 la maison?<strong><br \/>\nNOS F\u00c9LICITATIONS, vous recevrez un cadeau \u00e9cologique<\/strong><\/p>\n","protected":false},"excerpt":{"rendered":"<p>Nous nous engageons pour la sauvegarde de l&rsquo;environnement \u00ab\u00a0Quand vous aurez abattu le dernier arbre, quand vous aurez p\u00e9ch\u00e9 le dernier poisson, quand vous aurez pollu\u00e9 le dernier cours d&rsquo;eau, alors vous vous apercevrez que l&rsquo;argent ne se mange pas.\u00a0\u00bb [..]<\/p>\n","protected":false},"author":5,"featured_media":0,"parent":0,"menu_order":0,"comment_status":"closed","ping_status":"closed","template":"","meta":[],"acf":[],"yoast_head":"<!-- This site is optimized with the Yoast SEO plugin v18.4.1 - https:\/\/yoast.com\/wordpress\/plugins\/seo\/ -->\n<title>H\u00f4tel \u00e9cologique Riccione - vacances \u00e9cologique Riccione | Hotel Rex Riccione<\/title>\n<meta name=\"robots\" content=\"noindex, follow, max-snippet:-1, max-image-preview:large, max-video-preview:-1\" \/>\n<meta property=\"og:locale\" content=\"fr_FR\" \/>\n<meta property=\"og:type\" content=\"article\" \/>\n<meta property=\"og:title\" content=\"H\u00f4tel \u00e9cologique Riccione - vacances \u00e9cologique Riccione | Hotel Rex Riccione\" \/>\n<meta property=\"og:description\" content=\"Nous nous engageons pour la sauvegarde de l&rsquo;environnement \u00ab\u00a0Quand vous aurez abattu le dernier arbre, quand vous aurez p\u00e9ch\u00e9 le dernier poisson, quand vous aurez pollu\u00e9 le dernier cours d&rsquo;eau, alors vous vous apercevrez que l&rsquo;argent ne se mange pas.\u00a0\u00bb [..]\" \/>\n<meta property=\"og:url\" content=\"https:\/\/hotelrexriccione.clienti4.editatest.com\/fr\/hotel-ecologique-a-riccione\/\" \/>\n<meta property=\"og:site_name\" content=\"Hotel Rex\" \/>\n<meta property=\"article:modified_time\" content=\"2017-02-02T15:31:02+00:00\" \/>\n<meta property=\"og:image\" content=\"https:\/\/hotelrexriccione.clienti4.editatest.com\/wp-content\/uploads\/2016\/02\/Premio-legambiente-1-318x318.jpg\" \/>\n<meta name=\"twitter:card\" content=\"summary\" \/>\n<meta name=\"twitter:label1\" content=\"Dur\u00e9e de lecture estim\u00e9e\" \/>\n\t<meta name=\"twitter:data1\" content=\"3 minutes\" \/>\n<script type=\"application\/ld+json\" class=\"yoast-schema-graph\">{\"@context\":\"https:\/\/schema.org\",\"@graph\":[{\"@type\":\"WebSite\",\"@id\":\"https:\/\/hotelrexriccione.clienti4.editatest.com\/#website\",\"url\":\"https:\/\/hotelrexriccione.clienti4.editatest.com\/\",\"name\":\"Hotel Rex\",\"description\":\"\",\"potentialAction\":[{\"@type\":\"SearchAction\",\"target\":{\"@type\":\"EntryPoint\",\"urlTemplate\":\"https:\/\/hotelrexriccione.clienti4.editatest.com\/?s={search_term_string}\"},\"query-input\":\"required name=search_term_string\"}],\"inLanguage\":\"fr-FR\"},{\"@type\":\"ImageObject\",\"@id\":\"https:\/\/hotelrexriccione.clienti4.editatest.com\/fr\/hotel-ecologique-a-riccione\/#primaryimage\",\"inLanguage\":\"fr-FR\",\"url\":\"https:\/\/hotelrexriccione.clienti4.editatest.com\/wp-content\/uploads\/2016\/02\/regola1.jpg\",\"contentUrl\":\"https:\/\/hotelrexriccione.clienti4.editatest.com\/wp-content\/uploads\/2016\/02\/regola1.jpg\",\"width\":204,\"height\":107,\"caption\":\"Hotel Rex Riccione ecologico\"},{\"@type\":\"WebPage\",\"@id\":\"https:\/\/hotelrexriccione.clienti4.editatest.com\/fr\/hotel-ecologique-a-riccione\/#webpage\",\"url\":\"https:\/\/hotelrexriccione.clienti4.editatest.com\/fr\/hotel-ecologique-a-riccione\/\",\"name\":\"H\u00f4tel \u00e9cologique Riccione - vacances \u00e9cologique Riccione | Hotel Rex Riccione\",\"isPartOf\":{\"@id\":\"https:\/\/hotelrexriccione.clienti4.editatest.com\/#website\"},\"primaryImageOfPage\":{\"@id\":\"https:\/\/hotelrexriccione.clienti4.editatest.com\/fr\/hotel-ecologique-a-riccione\/#primaryimage\"},\"datePublished\":\"2016-02-29T21:15:30+00:00\",\"dateModified\":\"2017-02-02T15:31:02+00:00\",\"breadcrumb\":{\"@id\":\"https:\/\/hotelrexriccione.clienti4.editatest.com\/fr\/hotel-ecologique-a-riccione\/#breadcrumb\"},\"inLanguage\":\"fr-FR\",\"potentialAction\":[{\"@type\":\"ReadAction\",\"target\":[\"https:\/\/hotelrexriccione.clienti4.editatest.com\/fr\/hotel-ecologique-a-riccione\/\"]}]},{\"@type\":\"BreadcrumbList\",\"@id\":\"https:\/\/hotelrexriccione.clienti4.editatest.com\/fr\/hotel-ecologique-a-riccione\/#breadcrumb\",\"itemListElement\":[{\"@type\":\"ListItem\",\"position\":1,\"name\":\"Home\",\"item\":\"https:\/\/hotelrexriccione.clienti4.editatest.com\/fr\/\"},{\"@type\":\"ListItem\",\"position\":2,\"name\":\"H\u00f4tel \u00c9cologique \u00e0 Riccione\"}]}]}<\/script>\n<!-- \/ Yoast SEO plugin. -->","yoast_head_json":{"title":"H\u00f4tel \u00e9cologique Riccione - vacances \u00e9cologique Riccione | Hotel Rex Riccione","robots":{"index":"noindex","follow":"follow","max-snippet":"max-snippet:-1","max-image-preview":"max-image-preview:large","max-video-preview":"max-video-preview:-1"},"og_locale":"fr_FR","og_type":"article","og_title":"H\u00f4tel \u00e9cologique Riccione - vacances \u00e9cologique Riccione | Hotel Rex Riccione","og_description":"Nous nous engageons pour la sauvegarde de l&rsquo;environnement \u00ab\u00a0Quand vous aurez abattu le dernier arbre, quand vous aurez p\u00e9ch\u00e9 le dernier poisson, quand vous aurez pollu\u00e9 le dernier cours d&rsquo;eau, alors vous vous apercevrez que l&rsquo;argent ne se mange pas.\u00a0\u00bb [..]","og_url":"https:\/\/hotelrexriccione.clienti4.editatest.com\/fr\/hotel-ecologique-a-riccione\/","og_site_name":"Hotel Rex","article_modified_time":"2017-02-02T15:31:02+00:00","og_image":[{"url":"https:\/\/hotelrexriccione.clienti4.editatest.com\/wp-content\/uploads\/2016\/02\/Premio-legambiente-1-318x318.jpg"}],"twitter_card":"summary","twitter_misc":{"Dur\u00e9e de lecture estim\u00e9e":"3 minutes"},"schema":{"@context":"https:\/\/schema.org","@graph":[{"@type":"WebSite","@id":"https:\/\/hotelrexriccione.clienti4.editatest.com\/#website","url":"https:\/\/hotelrexriccione.clienti4.editatest.com\/","name":"Hotel Rex","description":"","potentialAction":[{"@type":"SearchAction","target":{"@type":"EntryPoint","urlTemplate":"https:\/\/hotelrexriccione.clienti4.editatest.com\/?s={search_term_string}"},"query-input":"required name=search_term_string"}],"inLanguage":"fr-FR"},{"@type":"ImageObject","@id":"https:\/\/hotelrexriccione.clienti4.editatest.com\/fr\/hotel-ecologique-a-riccione\/#primaryimage","inLanguage":"fr-FR","url":"https:\/\/hotelrexriccione.clienti4.editatest.com\/wp-content\/uploads\/2016\/02\/regola1.jpg","contentUrl":"https:\/\/hotelrexriccione.clienti4.editatest.com\/wp-content\/uploads\/2016\/02\/regola1.jpg","width":204,"height":107,"caption":"Hotel Rex Riccione ecologico"},{"@type":"WebPage","@id":"https:\/\/hotelrexriccione.clienti4.editatest.com\/fr\/hotel-ecologique-a-riccione\/#webpage","url":"https:\/\/hotelrexriccione.clienti4.editatest.com\/fr\/hotel-ecologique-a-riccione\/","name":"H\u00f4tel \u00e9cologique Riccione - vacances \u00e9cologique Riccione | Hotel Rex Riccione","isPartOf":{"@id":"https:\/\/hotelrexriccione.clienti4.editatest.com\/#website"},"primaryImageOfPage":{"@id":"https:\/\/hotelrexriccione.clienti4.editatest.com\/fr\/hotel-ecologique-a-riccione\/#primaryimage"},"datePublished":"2016-02-29T21:15:30+00:00","dateModified":"2017-02-02T15:31:02+00:00","breadcrumb":{"@id":"https:\/\/hotelrexriccione.clienti4.editatest.com\/fr\/hotel-ecologique-a-riccione\/#breadcrumb"},"inLanguage":"fr-FR","potentialAction":[{"@type":"ReadAction","target":["https:\/\/hotelrexriccione.clienti4.editatest.com\/fr\/hotel-ecologique-a-riccione\/"]}]},{"@type":"BreadcrumbList","@id":"https:\/\/hotelrexriccione.clienti4.editatest.com\/fr\/hotel-ecologique-a-riccione\/#breadcrumb","itemListElement":[{"@type":"ListItem","position":1,"name":"Home","item":"https:\/\/hotelrexriccione.clienti4.editatest.com\/fr\/"},{"@type":"ListItem","position":2,"name":"H\u00f4tel \u00c9cologique \u00e0 Riccione"}]}]}},"_links":{"self":[{"href":"https:\/\/hotelrexriccione.clienti4.editatest.com\/fr\/wp-json\/wp\/v2\/pages\/465"}],"collection":[{"href":"https:\/\/hotelrexriccione.clienti4.editatest.com\/fr\/wp-json\/wp\/v2\/pages"}],"about":[{"href":"https:\/\/hotelrexriccione.clienti4.editatest.com\/fr\/wp-json\/wp\/v2\/types\/page"}],"author":[{"embeddable":true,"href":"https:\/\/hotelrexriccione.clienti4.editatest.com\/fr\/wp-json\/wp\/v2\/users\/5"}],"replies":[{"embeddable":true,"href":"https:\/\/hotelrexriccione.clienti4.editatest.com\/fr\/wp-json\/wp\/v2\/comments?post=465"}],"version-history":[{"count":0,"href":"https:\/\/hotelrexriccione.clienti4.editatest.com\/fr\/wp-json\/wp\/v2\/pages\/465\/revisions"}],"wp:attachment":[{"href":"https:\/\/hotelrexriccione.clienti4.editatest.com\/fr\/wp-json\/wp\/v2\/media?parent=465"}],"curies":[{"name":"wp","href":"https:\/\/api.w.org\/{rel}","templated":true}]}}