{"id":463,"date":"2016-02-28T22:39:04","date_gmt":"2016-02-28T21:39:04","guid":{"rendered":"https:\/\/hotelrexriccione.clienti4.editatest.com\/fr\/la-spiaggia-convenzionata\/"},"modified":"2017-02-02T16:30:51","modified_gmt":"2017-02-02T15:30:51","slug":"etablissement-balneaire-remis-neuf","status":"publish","type":"page","link":"https:\/\/hotelrexriccione.clienti4.editatest.com\/fr\/etablissement-balneaire-remis-neuf\/","title":{"rendered":"\u00c9tablissement Baln\u00e9aire Remis \u00e0 neuf"},"content":{"rendered":"<h3>De grandes nouveaut\u00e9s vous attendent \u00e0 l&rsquo;\u00e9tablissement baln\u00e9aire 93-94 \u00ab\u00a0Battarra e Settimio\u00a0\u00bb, conventionn\u00e9 et situ\u00e9 juste devant l&rsquo;h\u00f4tel Rex.<\/h3>\n<p><img loading=\"lazy\" class=\"alignleft wp-image-233\" src=\"https:\/\/hotelrexriccione.clienti4.editatest.com\/wp-content\/uploads\/2016\/02\/spiaggia1-318x318.jpg\" alt=\"spiaggia1\" width=\"295\" height=\"295\" srcset=\"https:\/\/hotelrexriccione.clienti4.editatest.com\/wp-content\/uploads\/2016\/02\/spiaggia1-318x318.jpg 318w, https:\/\/hotelrexriccione.clienti4.editatest.com\/wp-content\/uploads\/2016\/02\/spiaggia1-150x150.jpg 150w\" sizes=\"(max-width: 295px) 100vw, 295px\" \/>La plage et ses \u00e9quipements ont \u00e9t\u00e9 enti\u00e8rement r\u00e9nov\u00e9s: dot\u00e9e de 2 piscines, une pour adultes et une pour enfants et de <strong>2 superbes bains bouillonnants<\/strong> pour profiter \u00e0 fond de la d\u00e9tente et du bien-\u00eatre.<\/p>\n<p>La <strong>grande piscine mesure 50 m2<\/strong> et a une profondeur de 120 cm. La <strong>piscine ludique mesure 20 m2<\/strong> et a une profondeur de 60 cm, pour la joie des plus petits.<br \/>\nToutes deux sont sous la surveillance d&rsquo;une monitrice.<br \/>\nVous trouverez bien plus que le soleil et la mer\u00a0!<br \/>\nEn effet, dans l&rsquo;\u00e9tablissement 93, vous trouverez tous les services de plage traditionnels plus une ambiance conviviale, fruit de l&rsquo;exp\u00e9rience de trois g\u00e9n\u00e9rations. Nos clients pourront choisir parmi les services de plage traditionnels, comme la location de cabines, de parasols et de lits de plage ; ils auront \u00e9galement acc\u00e8s \u00e0 des douches chaudes et froides gratuites. Le matin, ils pourront participer \u00e0 des cours de gymnastique pour un r\u00e9veil musculaire en douceur et \u00e0 des activit\u00e9s de danse en groupe.<\/p>\n<p>&nbsp;<\/p>\n<p>&nbsp;<\/p>\n<p><img loading=\"lazy\" class=\"alignleft wp-image-234\" src=\"https:\/\/hotelrexriccione.clienti4.editatest.com\/wp-content\/uploads\/2016\/02\/spiaggia2-318x318.jpg\" alt=\"spiaggia2\" width=\"295\" height=\"295\" srcset=\"https:\/\/hotelrexriccione.clienti4.editatest.com\/wp-content\/uploads\/2016\/02\/spiaggia2-318x318.jpg 318w, https:\/\/hotelrexriccione.clienti4.editatest.com\/wp-content\/uploads\/2016\/02\/spiaggia2-150x150.jpg 150w\" sizes=\"(max-width: 295px) 100vw, 295px\" \/><\/p>\n<p><strong>Les plus petits auront un espace de jeux sous le contr\u00f4le d&rsquo;une animatrice et des toilettes \u00e0 leur mesure, avec une table \u00e0 langer.<\/strong><\/p>\n<p><strong>Tous les enfants recevront un bracelet personnalis\u00e9 anti-\u00e9garement<\/strong> et nous disposons par ailleurs d&rsquo;un service de recherche centralis\u00e9. Pour votre s\u00e9curit\u00e9, nous disposons \u00e9galement d&rsquo;un service de sauvetage priv\u00e9, d&rsquo;un service pour les premiers secours et d&rsquo;appel des secours. Un coin lecture est \u00e9galement am\u00e9nag\u00e9 et comprend des journaux et des revues. <strong>Nous disposons d&rsquo;une remise pour les cano\u00ebs, les matelas gonflables et les jouets, d&rsquo;un atelier pour les planches \u00e0 voile et d&rsquo;un parking pour les v\u00e9los et les scooters.<\/strong><\/p>\n<p>Le long de la c\u00f4te, vous pourrez louer des p\u00e9dalos avec ou sans toboggan et l&#8217;embarcation la plus typique et la plus sympathique de la c\u00f4te, soit le \u00ab\u00a0moscone\u00a0\u00bb, un genre de radeau \u00e0 rames.<\/p>\n","protected":false},"excerpt":{"rendered":"<p>De grandes nouveaut\u00e9s vous attendent \u00e0 l&rsquo;\u00e9tablissement baln\u00e9aire 93-94 \u00ab\u00a0Battarra e Settimio\u00a0\u00bb, conventionn\u00e9 et situ\u00e9 juste devant l&rsquo;h\u00f4tel Rex. La plage et ses \u00e9quipements ont \u00e9t\u00e9 enti\u00e8rement r\u00e9nov\u00e9s: dot\u00e9e de 2 piscines, une pour adultes et une pour enfants et [..]<\/p>\n","protected":false},"author":5,"featured_media":0,"parent":0,"menu_order":0,"comment_status":"closed","ping_status":"closed","template":"","meta":[],"acf":[],"yoast_head":"<!-- This site is optimized with the Yoast SEO plugin v18.4.1 - https:\/\/yoast.com\/wordpress\/plugins\/seo\/ -->\n<title>h\u00f4tel trois \u00e9toiles de plage de Riccione | Hotel Rex Riccione<\/title>\n<meta name=\"robots\" content=\"noindex, follow, max-snippet:-1, max-image-preview:large, max-video-preview:-1\" \/>\n<meta property=\"og:locale\" content=\"fr_FR\" \/>\n<meta property=\"og:type\" content=\"article\" \/>\n<meta property=\"og:title\" content=\"h\u00f4tel trois \u00e9toiles de plage de Riccione | Hotel Rex Riccione\" \/>\n<meta property=\"og:description\" content=\"De grandes nouveaut\u00e9s vous attendent \u00e0 l&rsquo;\u00e9tablissement baln\u00e9aire 93-94 \u00ab\u00a0Battarra e Settimio\u00a0\u00bb, conventionn\u00e9 et situ\u00e9 juste devant l&rsquo;h\u00f4tel Rex. La plage et ses \u00e9quipements ont \u00e9t\u00e9 enti\u00e8rement r\u00e9nov\u00e9s: dot\u00e9e de 2 piscines, une pour adultes et une pour enfants et [..]\" \/>\n<meta property=\"og:url\" content=\"https:\/\/hotelrexriccione.clienti4.editatest.com\/fr\/etablissement-balneaire-remis-neuf\/\" \/>\n<meta property=\"og:site_name\" content=\"Hotel Rex\" \/>\n<meta property=\"article:modified_time\" content=\"2017-02-02T15:30:51+00:00\" \/>\n<meta property=\"og:image\" content=\"https:\/\/hotelrexriccione.clienti4.editatest.com\/wp-content\/uploads\/2016\/02\/spiaggia1-318x318.jpg\" \/>\n<meta name=\"twitter:card\" content=\"summary\" \/>\n<meta name=\"twitter:label1\" content=\"Dur\u00e9e de lecture estim\u00e9e\" \/>\n\t<meta name=\"twitter:data1\" content=\"2 minutes\" \/>\n<script type=\"application\/ld+json\" class=\"yoast-schema-graph\">{\"@context\":\"https:\/\/schema.org\",\"@graph\":[{\"@type\":\"WebSite\",\"@id\":\"https:\/\/hotelrexriccione.clienti4.editatest.com\/#website\",\"url\":\"https:\/\/hotelrexriccione.clienti4.editatest.com\/\",\"name\":\"Hotel Rex\",\"description\":\"\",\"potentialAction\":[{\"@type\":\"SearchAction\",\"target\":{\"@type\":\"EntryPoint\",\"urlTemplate\":\"https:\/\/hotelrexriccione.clienti4.editatest.com\/?s={search_term_string}\"},\"query-input\":\"required name=search_term_string\"}],\"inLanguage\":\"fr-FR\"},{\"@type\":\"ImageObject\",\"@id\":\"https:\/\/hotelrexriccione.clienti4.editatest.com\/fr\/etablissement-balneaire-remis-neuf\/#primaryimage\",\"inLanguage\":\"fr-FR\",\"url\":\"https:\/\/hotelrexriccione.clienti4.editatest.com\/wp-content\/uploads\/2016\/02\/spiaggia1.jpg\",\"contentUrl\":\"https:\/\/hotelrexriccione.clienti4.editatest.com\/wp-content\/uploads\/2016\/02\/spiaggia1.jpg\",\"width\":900,\"height\":608,\"caption\":\"Hotel Rex Riccione spiaggia piscina\"},{\"@type\":\"WebPage\",\"@id\":\"https:\/\/hotelrexriccione.clienti4.editatest.com\/fr\/etablissement-balneaire-remis-neuf\/#webpage\",\"url\":\"https:\/\/hotelrexriccione.clienti4.editatest.com\/fr\/etablissement-balneaire-remis-neuf\/\",\"name\":\"h\u00f4tel trois \u00e9toiles de plage de Riccione | Hotel Rex Riccione\",\"isPartOf\":{\"@id\":\"https:\/\/hotelrexriccione.clienti4.editatest.com\/#website\"},\"primaryImageOfPage\":{\"@id\":\"https:\/\/hotelrexriccione.clienti4.editatest.com\/fr\/etablissement-balneaire-remis-neuf\/#primaryimage\"},\"datePublished\":\"2016-02-28T21:39:04+00:00\",\"dateModified\":\"2017-02-02T15:30:51+00:00\",\"breadcrumb\":{\"@id\":\"https:\/\/hotelrexriccione.clienti4.editatest.com\/fr\/etablissement-balneaire-remis-neuf\/#breadcrumb\"},\"inLanguage\":\"fr-FR\",\"potentialAction\":[{\"@type\":\"ReadAction\",\"target\":[\"https:\/\/hotelrexriccione.clienti4.editatest.com\/fr\/etablissement-balneaire-remis-neuf\/\"]}]},{\"@type\":\"BreadcrumbList\",\"@id\":\"https:\/\/hotelrexriccione.clienti4.editatest.com\/fr\/etablissement-balneaire-remis-neuf\/#breadcrumb\",\"itemListElement\":[{\"@type\":\"ListItem\",\"position\":1,\"name\":\"Home\",\"item\":\"https:\/\/hotelrexriccione.clienti4.editatest.com\/fr\/\"},{\"@type\":\"ListItem\",\"position\":2,\"name\":\"\u00c9tablissement Baln\u00e9aire Remis \u00e0 neuf\"}]}]}<\/script>\n<!-- \/ Yoast SEO plugin. -->","yoast_head_json":{"title":"h\u00f4tel trois \u00e9toiles de plage de Riccione | Hotel Rex Riccione","robots":{"index":"noindex","follow":"follow","max-snippet":"max-snippet:-1","max-image-preview":"max-image-preview:large","max-video-preview":"max-video-preview:-1"},"og_locale":"fr_FR","og_type":"article","og_title":"h\u00f4tel trois \u00e9toiles de plage de Riccione | Hotel Rex Riccione","og_description":"De grandes nouveaut\u00e9s vous attendent \u00e0 l&rsquo;\u00e9tablissement baln\u00e9aire 93-94 \u00ab\u00a0Battarra e Settimio\u00a0\u00bb, conventionn\u00e9 et situ\u00e9 juste devant l&rsquo;h\u00f4tel Rex. La plage et ses \u00e9quipements ont \u00e9t\u00e9 enti\u00e8rement r\u00e9nov\u00e9s: dot\u00e9e de 2 piscines, une pour adultes et une pour enfants et [..]","og_url":"https:\/\/hotelrexriccione.clienti4.editatest.com\/fr\/etablissement-balneaire-remis-neuf\/","og_site_name":"Hotel Rex","article_modified_time":"2017-02-02T15:30:51+00:00","og_image":[{"url":"https:\/\/hotelrexriccione.clienti4.editatest.com\/wp-content\/uploads\/2016\/02\/spiaggia1-318x318.jpg"}],"twitter_card":"summary","twitter_misc":{"Dur\u00e9e de lecture estim\u00e9e":"2 minutes"},"schema":{"@context":"https:\/\/schema.org","@graph":[{"@type":"WebSite","@id":"https:\/\/hotelrexriccione.clienti4.editatest.com\/#website","url":"https:\/\/hotelrexriccione.clienti4.editatest.com\/","name":"Hotel Rex","description":"","potentialAction":[{"@type":"SearchAction","target":{"@type":"EntryPoint","urlTemplate":"https:\/\/hotelrexriccione.clienti4.editatest.com\/?s={search_term_string}"},"query-input":"required name=search_term_string"}],"inLanguage":"fr-FR"},{"@type":"ImageObject","@id":"https:\/\/hotelrexriccione.clienti4.editatest.com\/fr\/etablissement-balneaire-remis-neuf\/#primaryimage","inLanguage":"fr-FR","url":"https:\/\/hotelrexriccione.clienti4.editatest.com\/wp-content\/uploads\/2016\/02\/spiaggia1.jpg","contentUrl":"https:\/\/hotelrexriccione.clienti4.editatest.com\/wp-content\/uploads\/2016\/02\/spiaggia1.jpg","width":900,"height":608,"caption":"Hotel Rex Riccione spiaggia piscina"},{"@type":"WebPage","@id":"https:\/\/hotelrexriccione.clienti4.editatest.com\/fr\/etablissement-balneaire-remis-neuf\/#webpage","url":"https:\/\/hotelrexriccione.clienti4.editatest.com\/fr\/etablissement-balneaire-remis-neuf\/","name":"h\u00f4tel trois \u00e9toiles de plage de Riccione | Hotel Rex Riccione","isPartOf":{"@id":"https:\/\/hotelrexriccione.clienti4.editatest.com\/#website"},"primaryImageOfPage":{"@id":"https:\/\/hotelrexriccione.clienti4.editatest.com\/fr\/etablissement-balneaire-remis-neuf\/#primaryimage"},"datePublished":"2016-02-28T21:39:04+00:00","dateModified":"2017-02-02T15:30:51+00:00","breadcrumb":{"@id":"https:\/\/hotelrexriccione.clienti4.editatest.com\/fr\/etablissement-balneaire-remis-neuf\/#breadcrumb"},"inLanguage":"fr-FR","potentialAction":[{"@type":"ReadAction","target":["https:\/\/hotelrexriccione.clienti4.editatest.com\/fr\/etablissement-balneaire-remis-neuf\/"]}]},{"@type":"BreadcrumbList","@id":"https:\/\/hotelrexriccione.clienti4.editatest.com\/fr\/etablissement-balneaire-remis-neuf\/#breadcrumb","itemListElement":[{"@type":"ListItem","position":1,"name":"Home","item":"https:\/\/hotelrexriccione.clienti4.editatest.com\/fr\/"},{"@type":"ListItem","position":2,"name":"\u00c9tablissement Baln\u00e9aire Remis \u00e0 neuf"}]}]}},"_links":{"self":[{"href":"https:\/\/hotelrexriccione.clienti4.editatest.com\/fr\/wp-json\/wp\/v2\/pages\/463"}],"collection":[{"href":"https:\/\/hotelrexriccione.clienti4.editatest.com\/fr\/wp-json\/wp\/v2\/pages"}],"about":[{"href":"https:\/\/hotelrexriccione.clienti4.editatest.com\/fr\/wp-json\/wp\/v2\/types\/page"}],"author":[{"embeddable":true,"href":"https:\/\/hotelrexriccione.clienti4.editatest.com\/fr\/wp-json\/wp\/v2\/users\/5"}],"replies":[{"embeddable":true,"href":"https:\/\/hotelrexriccione.clienti4.editatest.com\/fr\/wp-json\/wp\/v2\/comments?post=463"}],"version-history":[{"count":0,"href":"https:\/\/hotelrexriccione.clienti4.editatest.com\/fr\/wp-json\/wp\/v2\/pages\/463\/revisions"}],"wp:attachment":[{"href":"https:\/\/hotelrexriccione.clienti4.editatest.com\/fr\/wp-json\/wp\/v2\/media?parent=463"}],"curies":[{"name":"wp","href":"https:\/\/api.w.org\/{rel}","templated":true}]}}