{"id":461,"date":"2013-07-09T12:41:08","date_gmt":"2013-07-09T12:41:08","guid":{"rendered":"https:\/\/hotelrexriccione.clienti4.editatest.com\/fr\/home\/"},"modified":"2019-11-30T18:39:01","modified_gmt":"2019-11-30T17:39:01","slug":"hotel-3-etoiles-riccione","status":"publish","type":"page","link":"https:\/\/hotelrexriccione.clienti4.editatest.com\/fr\/","title":{"rendered":"H\u00f4tel 3 \u00c9toiles Riccione"},"content":{"rendered":"<h3>Depuis 60 ans sur la cr\u00eate des flots<\/h3>\n<p><strong>Situ\u00e9 en bord de mer<\/strong>, dans le centre ville de Riccione et \u00e0 quelques pas seulement de l&rsquo;\u00e9l\u00e9gante avenue <strong>Viale Ceccarini<\/strong>, mais dans un zone tranquille, l&rsquo;h\u00f4tel 3 \u00e9toiles Riccione <strong>est enti\u00e8rement climatis\u00e9<\/strong>; il dispose d&rsquo;une connexion <strong>Wi-Fi GRATUITE<\/strong> dans tout l&rsquo;\u00e9tablissement et allie savoir-faire et raffinement dans tous les services qu&rsquo;il offre \u00e0 sa client\u00e8le.<\/p>\n<p>Fort de plus de <strong>60 ans d&rsquo;exp\u00e9rience<\/strong> de gestion par la <strong>famille Vanucci<\/strong>, l&rsquo;h\u00f4tel Rex 3 \u00e9toiles de Riccione, est le lieu id\u00e9al pour passer des vacances inoubliables, pleines de charme et d&rsquo;\u00e9motions.<\/p>\n<p>Notre h\u00f4tel 3 \u00e9toiles \u00e0 Riccione a l&rsquo;honneur d&rsquo;\u00eatre labellis\u00e9 <strong>H\u00f4tel \u00e9cologique<\/strong>. Gr\u00e2ce \u00e0 l&rsquo;association environnementale Legambiente et \u00e0 l&rsquo;association des h\u00f4teliers de Riccione, nous sommes engag\u00e9s, avec d&rsquo;autres \u00e9tablissements de la Riviera Adriatique, dans une d\u00e9marche pour la sauvegarde de l&rsquo;environnement et le <strong>\u00abPrix Efficacit\u00e9 \u00c9nerg\u00e9tique\u00bb<\/strong> nous a \u00e9t\u00e9 d\u00e9cern\u00e9.<\/p>\n<p>&nbsp;<\/p>\n","protected":false},"excerpt":{"rendered":"<p>Depuis 60 ans sur la cr\u00eate des flots Situ\u00e9 en bord de mer, dans le centre ville de Riccione et \u00e0 quelques pas seulement de l&rsquo;\u00e9l\u00e9gante avenue Viale Ceccarini, mais dans un zone tranquille, l&rsquo;h\u00f4tel 3 \u00e9toiles Riccione est enti\u00e8rement [..]<\/p>\n","protected":false},"author":5,"featured_media":0,"parent":0,"menu_order":3,"comment_status":"closed","ping_status":"closed","template":"","meta":[],"acf":[],"yoast_head":"<!-- This site is optimized with the Yoast SEO plugin v18.4.1 - https:\/\/yoast.com\/wordpress\/plugins\/seo\/ -->\n<title>H\u00f4tel Riccione mer 3 \u00e9toiles | Hotel Rex Riccione<\/title>\n<meta name=\"robots\" content=\"noindex, follow, max-snippet:-1, max-image-preview:large, max-video-preview:-1\" \/>\n<meta property=\"og:locale\" content=\"fr_FR\" \/>\n<meta property=\"og:type\" content=\"article\" \/>\n<meta property=\"og:title\" content=\"H\u00f4tel Riccione mer 3 \u00e9toiles | Hotel Rex Riccione\" \/>\n<meta property=\"og:description\" content=\"Depuis 60 ans sur la cr\u00eate des flots Situ\u00e9 en bord de mer, dans le centre ville de Riccione et \u00e0 quelques pas seulement de l&rsquo;\u00e9l\u00e9gante avenue Viale Ceccarini, mais dans un zone tranquille, l&rsquo;h\u00f4tel 3 \u00e9toiles Riccione est enti\u00e8rement [..]\" \/>\n<meta property=\"og:url\" content=\"https:\/\/hotelrexriccione.clienti4.editatest.com\/fr\/\" \/>\n<meta property=\"og:site_name\" content=\"Hotel Rex\" \/>\n<meta property=\"article:modified_time\" content=\"2019-11-30T17:39:01+00:00\" \/>\n<meta name=\"twitter:card\" content=\"summary\" \/>\n<meta name=\"twitter:label1\" content=\"Dur\u00e9e de lecture estim\u00e9e\" \/>\n\t<meta name=\"twitter:data1\" content=\"1 minute\" \/>\n<script type=\"application\/ld+json\" class=\"yoast-schema-graph\">{\"@context\":\"https:\/\/schema.org\",\"@graph\":[{\"@type\":\"WebSite\",\"@id\":\"https:\/\/hotelrexriccione.clienti4.editatest.com\/#website\",\"url\":\"https:\/\/hotelrexriccione.clienti4.editatest.com\/\",\"name\":\"Hotel Rex\",\"description\":\"\",\"potentialAction\":[{\"@type\":\"SearchAction\",\"target\":{\"@type\":\"EntryPoint\",\"urlTemplate\":\"https:\/\/hotelrexriccione.clienti4.editatest.com\/?s={search_term_string}\"},\"query-input\":\"required name=search_term_string\"}],\"inLanguage\":\"fr-FR\"},{\"@type\":\"WebPage\",\"@id\":\"https:\/\/hotelrexriccione.clienti4.editatest.com\/fr\/#webpage\",\"url\":\"https:\/\/hotelrexriccione.clienti4.editatest.com\/fr\/\",\"name\":\"H\u00f4tel Riccione mer 3 \u00e9toiles | Hotel Rex Riccione\",\"isPartOf\":{\"@id\":\"https:\/\/hotelrexriccione.clienti4.editatest.com\/#website\"},\"datePublished\":\"2013-07-09T12:41:08+00:00\",\"dateModified\":\"2019-11-30T17:39:01+00:00\",\"breadcrumb\":{\"@id\":\"https:\/\/hotelrexriccione.clienti4.editatest.com\/fr\/#breadcrumb\"},\"inLanguage\":\"fr-FR\",\"potentialAction\":[{\"@type\":\"ReadAction\",\"target\":[\"https:\/\/hotelrexriccione.clienti4.editatest.com\/fr\/\"]}]},{\"@type\":\"BreadcrumbList\",\"@id\":\"https:\/\/hotelrexriccione.clienti4.editatest.com\/fr\/#breadcrumb\",\"itemListElement\":[{\"@type\":\"ListItem\",\"position\":1,\"name\":\"Home\",\"item\":\"https:\/\/hotelrexriccione.clienti4.editatest.com\/fr\/\"},{\"@type\":\"ListItem\",\"position\":2,\"name\":\"H\u00f4tel 3 \u00c9toiles Riccione\"}]}]}<\/script>\n<!-- \/ Yoast SEO plugin. -->","yoast_head_json":{"title":"H\u00f4tel Riccione mer 3 \u00e9toiles | Hotel Rex Riccione","robots":{"index":"noindex","follow":"follow","max-snippet":"max-snippet:-1","max-image-preview":"max-image-preview:large","max-video-preview":"max-video-preview:-1"},"og_locale":"fr_FR","og_type":"article","og_title":"H\u00f4tel Riccione mer 3 \u00e9toiles | Hotel Rex Riccione","og_description":"Depuis 60 ans sur la cr\u00eate des flots Situ\u00e9 en bord de mer, dans le centre ville de Riccione et \u00e0 quelques pas seulement de l&rsquo;\u00e9l\u00e9gante avenue Viale Ceccarini, mais dans un zone tranquille, l&rsquo;h\u00f4tel 3 \u00e9toiles Riccione est enti\u00e8rement [..]","og_url":"https:\/\/hotelrexriccione.clienti4.editatest.com\/fr\/","og_site_name":"Hotel Rex","article_modified_time":"2019-11-30T17:39:01+00:00","twitter_card":"summary","twitter_misc":{"Dur\u00e9e de lecture estim\u00e9e":"1 minute"},"schema":{"@context":"https:\/\/schema.org","@graph":[{"@type":"WebSite","@id":"https:\/\/hotelrexriccione.clienti4.editatest.com\/#website","url":"https:\/\/hotelrexriccione.clienti4.editatest.com\/","name":"Hotel Rex","description":"","potentialAction":[{"@type":"SearchAction","target":{"@type":"EntryPoint","urlTemplate":"https:\/\/hotelrexriccione.clienti4.editatest.com\/?s={search_term_string}"},"query-input":"required name=search_term_string"}],"inLanguage":"fr-FR"},{"@type":"WebPage","@id":"https:\/\/hotelrexriccione.clienti4.editatest.com\/fr\/#webpage","url":"https:\/\/hotelrexriccione.clienti4.editatest.com\/fr\/","name":"H\u00f4tel Riccione mer 3 \u00e9toiles | Hotel Rex Riccione","isPartOf":{"@id":"https:\/\/hotelrexriccione.clienti4.editatest.com\/#website"},"datePublished":"2013-07-09T12:41:08+00:00","dateModified":"2019-11-30T17:39:01+00:00","breadcrumb":{"@id":"https:\/\/hotelrexriccione.clienti4.editatest.com\/fr\/#breadcrumb"},"inLanguage":"fr-FR","potentialAction":[{"@type":"ReadAction","target":["https:\/\/hotelrexriccione.clienti4.editatest.com\/fr\/"]}]},{"@type":"BreadcrumbList","@id":"https:\/\/hotelrexriccione.clienti4.editatest.com\/fr\/#breadcrumb","itemListElement":[{"@type":"ListItem","position":1,"name":"Home","item":"https:\/\/hotelrexriccione.clienti4.editatest.com\/fr\/"},{"@type":"ListItem","position":2,"name":"H\u00f4tel 3 \u00c9toiles Riccione"}]}]}},"_links":{"self":[{"href":"https:\/\/hotelrexriccione.clienti4.editatest.com\/fr\/wp-json\/wp\/v2\/pages\/461"}],"collection":[{"href":"https:\/\/hotelrexriccione.clienti4.editatest.com\/fr\/wp-json\/wp\/v2\/pages"}],"about":[{"href":"https:\/\/hotelrexriccione.clienti4.editatest.com\/fr\/wp-json\/wp\/v2\/types\/page"}],"author":[{"embeddable":true,"href":"https:\/\/hotelrexriccione.clienti4.editatest.com\/fr\/wp-json\/wp\/v2\/users\/5"}],"replies":[{"embeddable":true,"href":"https:\/\/hotelrexriccione.clienti4.editatest.com\/fr\/wp-json\/wp\/v2\/comments?post=461"}],"version-history":[{"count":0,"href":"https:\/\/hotelrexriccione.clienti4.editatest.com\/fr\/wp-json\/wp\/v2\/pages\/461\/revisions"}],"wp:attachment":[{"href":"https:\/\/hotelrexriccione.clienti4.editatest.com\/fr\/wp-json\/wp\/v2\/media?parent=461"}],"curies":[{"name":"wp","href":"https:\/\/api.w.org\/{rel}","templated":true}]}}