{"id":424,"date":"2016-02-28T23:05:56","date_gmt":"2016-02-28T22:05:56","guid":{"rendered":"https:\/\/hotelrexriccione.clienti4.editatest.com\/fr\/la-storia\/"},"modified":"2016-04-11T17:24:49","modified_gmt":"2016-04-11T15:24:49","slug":"historique","status":"publish","type":"page","link":"https:\/\/hotelrexriccione.clienti4.editatest.com\/fr\/historique\/","title":{"rendered":"Historique"},"content":{"rendered":"<p><strong>1938 &#8211;\u00a0<\/strong>Gastone Vanucci, au jeune \u00e2ge de 11 ans, fait ses premiers pas dans le commerce en vendant des cartes postales sur la plage aux premiers touristes en vacance \u00e0 Riccione. Il montre d\u00e8s le d\u00e9but sa nature d&rsquo;entrepreneur qui restera un trait distinctif.<\/p>\n<p><strong>1952 &#8211; <\/strong>Les fr\u00e8res Albo et Gaston Vanucci commencent une activit\u00e9 h\u00f4teli\u00e8re en prenant en gestion la pension Giulietta jusqu&rsquo;en 1955. Avec eux, leur m\u00e8re Ida, une excellente cuisini\u00e8re\u00a0: certaines de ses recettes figurent encore dans nos menus.<\/p>\n<p><strong>1955 &#8211; <\/strong>Inspir\u00e9 du Rex, le c\u00e9l\u00e8bre transatlantique vainqueur du prestigieux \u00ab\u00a0Ruban bleu\u00a0\u00bb en 1033, l&rsquo;\u00e9bauche de l&rsquo;h\u00f4tel Rex voit le jour.<\/p>\n<div id='gallery-1' class='gallery galleryid-235 gallery-columns-5 gallery-size-medium'><figure class='gallery-item'>\n\t\t\t<div class='gallery-icon portrait'>\n\t\t\t\t<a href='https:\/\/hotelrexriccione.clienti4.editatest.com\/wp-content\/uploads\/2016\/02\/1938.jpg' data-size=\"450x677\"><img width=\"318\" height=\"318\" src=\"https:\/\/hotelrexriccione.clienti4.editatest.com\/wp-content\/uploads\/2016\/02\/1938-318x318.jpg\" class=\"attachment-medium size-medium\" alt=\"Hotel Riccione 3 stelle con piscina\" loading=\"lazy\" aria-describedby=\"gallery-1-1204\" srcset=\"https:\/\/hotelrexriccione.clienti4.editatest.com\/wp-content\/uploads\/2016\/02\/1938-318x318.jpg 318w, https:\/\/hotelrexriccione.clienti4.editatest.com\/wp-content\/uploads\/2016\/02\/1938-150x150.jpg 150w\" sizes=\"(max-width: 318px) 100vw, 318px\" \/><\/a>\n\t\t\t<\/div>\n\t\t\t\t<figcaption class='wp-caption-text gallery-caption' id='gallery-1-1204'>\n\t\t\t\t 1938\n\t\t\t\t<\/figcaption><\/figure><figure class='gallery-item'>\n\t\t\t<div class='gallery-icon landscape'>\n\t\t\t\t<a href='https:\/\/hotelrexriccione.clienti4.editatest.com\/wp-content\/uploads\/2016\/02\/1952.jpg' data-size=\"700x499\"><img width=\"318\" height=\"318\" src=\"https:\/\/hotelrexriccione.clienti4.editatest.com\/wp-content\/uploads\/2016\/02\/1952-318x318.jpg\" class=\"attachment-medium size-medium\" alt=\"\" loading=\"lazy\" aria-describedby=\"gallery-1-238\" srcset=\"https:\/\/hotelrexriccione.clienti4.editatest.com\/wp-content\/uploads\/2016\/02\/1952-318x318.jpg 318w, https:\/\/hotelrexriccione.clienti4.editatest.com\/wp-content\/uploads\/2016\/02\/1952-150x150.jpg 150w\" sizes=\"(max-width: 318px) 100vw, 318px\" \/><\/a>\n\t\t\t<\/div>\n\t\t\t\t<figcaption class='wp-caption-text gallery-caption' id='gallery-1-238'>\n\t\t\t\t 1952\n\t\t\t\t<\/figcaption><\/figure><figure class='gallery-item'>\n\t\t\t<div class='gallery-icon portrait'>\n\t\t\t\t<a href='https:\/\/hotelrexriccione.clienti4.editatest.com\/wp-content\/uploads\/2016\/02\/1955.jpg' data-size=\"450x758\"><img width=\"318\" height=\"318\" src=\"https:\/\/hotelrexriccione.clienti4.editatest.com\/wp-content\/uploads\/2016\/02\/1955-318x318.jpg\" class=\"attachment-medium size-medium\" alt=\"\" loading=\"lazy\" aria-describedby=\"gallery-1-239\" srcset=\"https:\/\/hotelrexriccione.clienti4.editatest.com\/wp-content\/uploads\/2016\/02\/1955-318x318.jpg 318w, https:\/\/hotelrexriccione.clienti4.editatest.com\/wp-content\/uploads\/2016\/02\/1955-150x150.jpg 150w\" sizes=\"(max-width: 318px) 100vw, 318px\" \/><\/a>\n\t\t\t<\/div>\n\t\t\t\t<figcaption class='wp-caption-text gallery-caption' id='gallery-1-239'>\n\t\t\t\t 1955\n\t\t\t\t<\/figcaption><\/figure><figure class='gallery-item'>\n\t\t\t<div class='gallery-icon landscape'>\n\t\t\t\t<a href='https:\/\/hotelrexriccione.clienti4.editatest.com\/wp-content\/uploads\/2016\/02\/1956.jpg' data-size=\"700x528\"><img width=\"318\" height=\"318\" src=\"https:\/\/hotelrexriccione.clienti4.editatest.com\/wp-content\/uploads\/2016\/02\/1956-318x318.jpg\" class=\"attachment-medium size-medium\" alt=\"\" loading=\"lazy\" aria-describedby=\"gallery-1-240\" srcset=\"https:\/\/hotelrexriccione.clienti4.editatest.com\/wp-content\/uploads\/2016\/02\/1956-318x318.jpg 318w, https:\/\/hotelrexriccione.clienti4.editatest.com\/wp-content\/uploads\/2016\/02\/1956-150x150.jpg 150w\" sizes=\"(max-width: 318px) 100vw, 318px\" \/><\/a>\n\t\t\t<\/div>\n\t\t\t\t<figcaption class='wp-caption-text gallery-caption' id='gallery-1-240'>\n\t\t\t\t 1956\n\t\t\t\t<\/figcaption><\/figure><figure class='gallery-item'>\n\t\t\t<div class='gallery-icon landscape'>\n\t\t\t\t<a href='https:\/\/hotelrexriccione.clienti4.editatest.com\/wp-content\/uploads\/2016\/02\/1958.jpg' data-size=\"700x466\"><img width=\"318\" height=\"318\" src=\"https:\/\/hotelrexriccione.clienti4.editatest.com\/wp-content\/uploads\/2016\/02\/1958-318x318.jpg\" class=\"attachment-medium size-medium\" alt=\"\" loading=\"lazy\" aria-describedby=\"gallery-1-241\" srcset=\"https:\/\/hotelrexriccione.clienti4.editatest.com\/wp-content\/uploads\/2016\/02\/1958-318x318.jpg 318w, https:\/\/hotelrexriccione.clienti4.editatest.com\/wp-content\/uploads\/2016\/02\/1958-150x150.jpg 150w\" sizes=\"(max-width: 318px) 100vw, 318px\" \/><\/a>\n\t\t\t<\/div>\n\t\t\t\t<figcaption class='wp-caption-text gallery-caption' id='gallery-1-241'>\n\t\t\t\t 1958\n\t\t\t\t<\/figcaption><\/figure>\n\t\t<\/div>\n\n<p><strong>1956<\/strong> <strong>&#8211;<\/strong> Les fr\u00e8res Vanucci \u00ab\u00a0cr\u00e9ent\u00a0\u00bb l&rsquo;h\u00f4tel Rex.<\/p>\n<p><strong>1958 &#8211;<\/strong> Vous \u00eates trop nombreux\u00a0! L&rsquo;\u00e9tablissement est enti\u00e8rement refait et grandit de deux \u00e9tages.<\/p>\n<p><strong>1960 &#8211;<\/strong> Le personnel du Rex.<\/p>\n<p><strong>1971 &#8211;<\/strong> Remarquer les standards de s\u00e9curit\u00e9 (une bou\u00e9e \u00e0 chaque balcon!)<\/p>\n<div id='gallery-2' class='gallery galleryid-235 gallery-columns-5 gallery-size-medium'><figure class='gallery-item'>\n\t\t\t<div class='gallery-icon portrait'>\n\t\t\t\t<a href='https:\/\/hotelrexriccione.clienti4.editatest.com\/wp-content\/uploads\/2016\/02\/1960-ok.jpg' data-size=\"207x210\"><img width=\"207\" height=\"210\" src=\"https:\/\/hotelrexriccione.clienti4.editatest.com\/wp-content\/uploads\/2016\/02\/1960-ok.jpg\" class=\"attachment-medium size-medium\" alt=\"\" loading=\"lazy\" aria-describedby=\"gallery-2-248\" \/><\/a>\n\t\t\t<\/div>\n\t\t\t\t<figcaption class='wp-caption-text gallery-caption' id='gallery-2-248'>\n\t\t\t\t 1960\n\t\t\t\t<\/figcaption><\/figure><figure class='gallery-item'>\n\t\t\t<div class='gallery-icon landscape'>\n\t\t\t\t<a href='https:\/\/hotelrexriccione.clienti4.editatest.com\/wp-content\/uploads\/2016\/02\/1971.jpg' data-size=\"700x492\"><img width=\"318\" height=\"318\" src=\"https:\/\/hotelrexriccione.clienti4.editatest.com\/wp-content\/uploads\/2016\/02\/1971-318x318.jpg\" class=\"attachment-medium size-medium\" alt=\"Hotel Rex Riccione Storia\" loading=\"lazy\" aria-describedby=\"gallery-2-1210\" srcset=\"https:\/\/hotelrexriccione.clienti4.editatest.com\/wp-content\/uploads\/2016\/02\/1971-318x318.jpg 318w, https:\/\/hotelrexriccione.clienti4.editatest.com\/wp-content\/uploads\/2016\/02\/1971-150x150.jpg 150w\" sizes=\"(max-width: 318px) 100vw, 318px\" \/><\/a>\n\t\t\t<\/div>\n\t\t\t\t<figcaption class='wp-caption-text gallery-caption' id='gallery-2-1210'>\n\t\t\t\t 1971\n\t\t\t\t<\/figcaption><\/figure><figure class='gallery-item'>\n\t\t\t<div class='gallery-icon landscape'>\n\t\t\t\t<a href='https:\/\/hotelrexriccione.clienti4.editatest.com\/wp-content\/uploads\/2016\/02\/1978.jpg' data-size=\"700x483\"><img width=\"318\" height=\"318\" src=\"https:\/\/hotelrexriccione.clienti4.editatest.com\/wp-content\/uploads\/2016\/02\/1978-318x318.jpg\" class=\"attachment-medium size-medium\" alt=\"Hotel Rex Riccione Storia\" loading=\"lazy\" aria-describedby=\"gallery-2-1207\" srcset=\"https:\/\/hotelrexriccione.clienti4.editatest.com\/wp-content\/uploads\/2016\/02\/1978-318x318.jpg 318w, https:\/\/hotelrexriccione.clienti4.editatest.com\/wp-content\/uploads\/2016\/02\/1978-150x150.jpg 150w\" sizes=\"(max-width: 318px) 100vw, 318px\" \/><\/a>\n\t\t\t<\/div>\n\t\t\t\t<figcaption class='wp-caption-text gallery-caption' id='gallery-2-1207'>\n\t\t\t\t 1978\n\t\t\t\t<\/figcaption><\/figure><figure class='gallery-item'>\n\t\t\t<div class='gallery-icon portrait'>\n\t\t\t\t<a href='https:\/\/hotelrexriccione.clienti4.editatest.com\/wp-content\/uploads\/2016\/02\/1981.jpg' data-size=\"450x601\"><img width=\"318\" height=\"318\" src=\"https:\/\/hotelrexriccione.clienti4.editatest.com\/wp-content\/uploads\/2016\/02\/1981-318x318.jpg\" class=\"attachment-medium size-medium\" alt=\"Hotel Rex Riccione sulla spiaggia\" loading=\"lazy\" aria-describedby=\"gallery-2-1213\" srcset=\"https:\/\/hotelrexriccione.clienti4.editatest.com\/wp-content\/uploads\/2016\/02\/1981-318x318.jpg 318w, https:\/\/hotelrexriccione.clienti4.editatest.com\/wp-content\/uploads\/2016\/02\/1981-150x150.jpg 150w\" sizes=\"(max-width: 318px) 100vw, 318px\" \/><\/a>\n\t\t\t<\/div>\n\t\t\t\t<figcaption class='wp-caption-text gallery-caption' id='gallery-2-1213'>\n\t\t\t\t 1981\n\t\t\t\t<\/figcaption><\/figure><figure class='gallery-item'>\n\t\t\t<div class='gallery-icon portrait'>\n\t\t\t\t<a href='https:\/\/hotelrexriccione.clienti4.editatest.com\/wp-content\/uploads\/2016\/02\/2011.jpg' data-size=\"497x600\"><img width=\"318\" height=\"318\" src=\"https:\/\/hotelrexriccione.clienti4.editatest.com\/wp-content\/uploads\/2016\/02\/2011-318x318.jpg\" class=\"attachment-medium size-medium\" alt=\"\" loading=\"lazy\" aria-describedby=\"gallery-2-247\" srcset=\"https:\/\/hotelrexriccione.clienti4.editatest.com\/wp-content\/uploads\/2016\/02\/2011-318x318.jpg 318w, https:\/\/hotelrexriccione.clienti4.editatest.com\/wp-content\/uploads\/2016\/02\/2011-150x150.jpg 150w\" sizes=\"(max-width: 318px) 100vw, 318px\" \/><\/a>\n\t\t\t<\/div>\n\t\t\t\t<figcaption class='wp-caption-text gallery-caption' id='gallery-2-247'>\n\t\t\t\t 2011\n\t\t\t\t<\/figcaption><\/figure>\n\t\t<\/div>\n\n<p><strong>1978 &#8211;<\/strong> La demande est croissante\u00a0: un quatri\u00e8me \u00e9tage est ajout\u00e9.<\/p>\n<p><strong>1981 &#8211;<\/strong> Restyling important.<\/p>\n<p><strong>2011 &#8211; <\/strong>Des suites et des chambres sont am\u00e9nag\u00e9es dans les combles.<strong><br \/>\n<\/strong><\/p>\n<p><strong>2015 &#8211; <\/strong>Pr\u00e9sentation du livre \u00ab\u00a0Rex\u00a0\u00bb de Giulio Massobrio (vainqueur du Prix Bancarella).<strong><br \/>\n<\/strong><\/p>\n<p><strong>2016 &#8211; <\/strong>L&rsquo;espace ext\u00e9rieur grandit\u00a0: petit-d\u00e9jeuner et ap\u00e9ritif \u00e0 la lumi\u00e8re du jour.<strong><br \/>\n<\/strong><\/p>\n<p><strong><img loading=\"lazy\" class=\"size-medium wp-image-249 alignleft\" src=\"https:\/\/hotelrexriccione.clienti4.editatest.com\/wp-content\/uploads\/2016\/02\/2003-1-318x318.jpg\" alt=\"2003\" width=\"318\" height=\"318\" srcset=\"https:\/\/hotelrexriccione.clienti4.editatest.com\/wp-content\/uploads\/2016\/02\/2003-1-318x318.jpg 318w, https:\/\/hotelrexriccione.clienti4.editatest.com\/wp-content\/uploads\/2016\/02\/2003-1-150x150.jpg 150w\" sizes=\"(max-width: 318px) 100vw, 318px\" \/><\/strong><strong>Le gouvernail du Rex<\/strong> &#8211; L&rsquo;\u00e9t\u00e9 2003, la direction passe d\u00e9finitivement \u00e0 Franco et \u00e0 Maurizio, depuis toujours embarqu\u00e9s sur le \u00ab\u00a0Rex\u00a0\u00bb, pour continuer \u00e0 naviguer sur la route trac\u00e9e par leur p\u00e8re Gastone, qui a toujours consid\u00e9r\u00e9 que TRADITION, ACCUEIL et INNOVATION \u00e9taient les ingr\u00e9dients indispensables pour \u00ab\u00a0vivre et faire vivre le tourisme\u00a0\u00bb.<\/p>\n","protected":false},"excerpt":{"rendered":"<p>1938 &#8211;\u00a0Gastone Vanucci, au jeune \u00e2ge de 11 ans, fait ses premiers pas dans le commerce en vendant des cartes postales sur la plage aux premiers touristes en vacance \u00e0 Riccione. Il montre d\u00e8s le d\u00e9but sa nature d&rsquo;entrepreneur qui [..]<\/p>\n","protected":false},"author":5,"featured_media":0,"parent":0,"menu_order":0,"comment_status":"closed","ping_status":"closed","template":"","meta":[],"acf":[],"yoast_head":"<!-- This site is optimized with the Yoast SEO plugin v18.4.1 - https:\/\/yoast.com\/wordpress\/plugins\/seo\/ -->\n<title>H\u00f4tel 3 \u00e9toiles pr\u00e8s de Viale Ceccarini - H\u00f4tel Riccione Beach<\/title>\n<meta name=\"robots\" content=\"noindex, follow, max-snippet:-1, max-image-preview:large, max-video-preview:-1\" \/>\n<meta property=\"og:locale\" content=\"fr_FR\" \/>\n<meta property=\"og:type\" content=\"article\" \/>\n<meta property=\"og:title\" content=\"H\u00f4tel 3 \u00e9toiles pr\u00e8s de Viale Ceccarini - H\u00f4tel Riccione Beach\" \/>\n<meta property=\"og:description\" content=\"1938 &#8211;\u00a0Gastone Vanucci, au jeune \u00e2ge de 11 ans, fait ses premiers pas dans le commerce en vendant des cartes postales sur la plage aux premiers touristes en vacance \u00e0 Riccione. Il montre d\u00e8s le d\u00e9but sa nature d&rsquo;entrepreneur qui [..]\" \/>\n<meta property=\"og:url\" content=\"https:\/\/hotelrexriccione.clienti4.editatest.com\/fr\/historique\/\" \/>\n<meta property=\"og:site_name\" content=\"Hotel Rex\" \/>\n<meta property=\"article:modified_time\" content=\"2016-04-11T15:24:49+00:00\" \/>\n<meta property=\"og:image\" content=\"https:\/\/hotelrexriccione.clienti4.editatest.com\/wp-content\/uploads\/2016\/02\/1938-318x318.jpg\" \/>\n<meta name=\"twitter:card\" content=\"summary\" \/>\n<meta name=\"twitter:label1\" content=\"Dur\u00e9e de lecture estim\u00e9e\" \/>\n\t<meta name=\"twitter:data1\" content=\"1 minute\" \/>\n<script type=\"application\/ld+json\" class=\"yoast-schema-graph\">{\"@context\":\"https:\/\/schema.org\",\"@graph\":[{\"@type\":\"WebSite\",\"@id\":\"https:\/\/hotelrexriccione.clienti4.editatest.com\/#website\",\"url\":\"https:\/\/hotelrexriccione.clienti4.editatest.com\/\",\"name\":\"Hotel Rex\",\"description\":\"\",\"potentialAction\":[{\"@type\":\"SearchAction\",\"target\":{\"@type\":\"EntryPoint\",\"urlTemplate\":\"https:\/\/hotelrexriccione.clienti4.editatest.com\/?s={search_term_string}\"},\"query-input\":\"required name=search_term_string\"}],\"inLanguage\":\"fr-FR\"},{\"@type\":\"ImageObject\",\"@id\":\"https:\/\/hotelrexriccione.clienti4.editatest.com\/fr\/historique\/#primaryimage\",\"inLanguage\":\"fr-FR\",\"url\":\"https:\/\/hotelrexriccione.clienti4.editatest.com\/wp-content\/uploads\/2016\/02\/2003-1.jpg\",\"contentUrl\":\"https:\/\/hotelrexriccione.clienti4.editatest.com\/wp-content\/uploads\/2016\/02\/2003-1.jpg\",\"width\":700,\"height\":525},{\"@type\":\"WebPage\",\"@id\":\"https:\/\/hotelrexriccione.clienti4.editatest.com\/fr\/historique\/#webpage\",\"url\":\"https:\/\/hotelrexriccione.clienti4.editatest.com\/fr\/historique\/\",\"name\":\"H\u00f4tel 3 \u00e9toiles pr\u00e8s de Viale Ceccarini - H\u00f4tel Riccione Beach\",\"isPartOf\":{\"@id\":\"https:\/\/hotelrexriccione.clienti4.editatest.com\/#website\"},\"primaryImageOfPage\":{\"@id\":\"https:\/\/hotelrexriccione.clienti4.editatest.com\/fr\/historique\/#primaryimage\"},\"datePublished\":\"2016-02-28T22:05:56+00:00\",\"dateModified\":\"2016-04-11T15:24:49+00:00\",\"breadcrumb\":{\"@id\":\"https:\/\/hotelrexriccione.clienti4.editatest.com\/fr\/historique\/#breadcrumb\"},\"inLanguage\":\"fr-FR\",\"potentialAction\":[{\"@type\":\"ReadAction\",\"target\":[\"https:\/\/hotelrexriccione.clienti4.editatest.com\/fr\/historique\/\"]}]},{\"@type\":\"BreadcrumbList\",\"@id\":\"https:\/\/hotelrexriccione.clienti4.editatest.com\/fr\/historique\/#breadcrumb\",\"itemListElement\":[{\"@type\":\"ListItem\",\"position\":1,\"name\":\"Home\",\"item\":\"https:\/\/hotelrexriccione.clienti4.editatest.com\/fr\/\"},{\"@type\":\"ListItem\",\"position\":2,\"name\":\"Historique\"}]}]}<\/script>\n<!-- \/ Yoast SEO plugin. -->","yoast_head_json":{"title":"H\u00f4tel 3 \u00e9toiles pr\u00e8s de Viale Ceccarini - H\u00f4tel Riccione Beach","robots":{"index":"noindex","follow":"follow","max-snippet":"max-snippet:-1","max-image-preview":"max-image-preview:large","max-video-preview":"max-video-preview:-1"},"og_locale":"fr_FR","og_type":"article","og_title":"H\u00f4tel 3 \u00e9toiles pr\u00e8s de Viale Ceccarini - H\u00f4tel Riccione Beach","og_description":"1938 &#8211;\u00a0Gastone Vanucci, au jeune \u00e2ge de 11 ans, fait ses premiers pas dans le commerce en vendant des cartes postales sur la plage aux premiers touristes en vacance \u00e0 Riccione. Il montre d\u00e8s le d\u00e9but sa nature d&rsquo;entrepreneur qui [..]","og_url":"https:\/\/hotelrexriccione.clienti4.editatest.com\/fr\/historique\/","og_site_name":"Hotel Rex","article_modified_time":"2016-04-11T15:24:49+00:00","og_image":[{"url":"https:\/\/hotelrexriccione.clienti4.editatest.com\/wp-content\/uploads\/2016\/02\/1938-318x318.jpg"}],"twitter_card":"summary","twitter_misc":{"Dur\u00e9e de lecture estim\u00e9e":"1 minute"},"schema":{"@context":"https:\/\/schema.org","@graph":[{"@type":"WebSite","@id":"https:\/\/hotelrexriccione.clienti4.editatest.com\/#website","url":"https:\/\/hotelrexriccione.clienti4.editatest.com\/","name":"Hotel Rex","description":"","potentialAction":[{"@type":"SearchAction","target":{"@type":"EntryPoint","urlTemplate":"https:\/\/hotelrexriccione.clienti4.editatest.com\/?s={search_term_string}"},"query-input":"required name=search_term_string"}],"inLanguage":"fr-FR"},{"@type":"ImageObject","@id":"https:\/\/hotelrexriccione.clienti4.editatest.com\/fr\/historique\/#primaryimage","inLanguage":"fr-FR","url":"https:\/\/hotelrexriccione.clienti4.editatest.com\/wp-content\/uploads\/2016\/02\/2003-1.jpg","contentUrl":"https:\/\/hotelrexriccione.clienti4.editatest.com\/wp-content\/uploads\/2016\/02\/2003-1.jpg","width":700,"height":525},{"@type":"WebPage","@id":"https:\/\/hotelrexriccione.clienti4.editatest.com\/fr\/historique\/#webpage","url":"https:\/\/hotelrexriccione.clienti4.editatest.com\/fr\/historique\/","name":"H\u00f4tel 3 \u00e9toiles pr\u00e8s de Viale Ceccarini - H\u00f4tel Riccione Beach","isPartOf":{"@id":"https:\/\/hotelrexriccione.clienti4.editatest.com\/#website"},"primaryImageOfPage":{"@id":"https:\/\/hotelrexriccione.clienti4.editatest.com\/fr\/historique\/#primaryimage"},"datePublished":"2016-02-28T22:05:56+00:00","dateModified":"2016-04-11T15:24:49+00:00","breadcrumb":{"@id":"https:\/\/hotelrexriccione.clienti4.editatest.com\/fr\/historique\/#breadcrumb"},"inLanguage":"fr-FR","potentialAction":[{"@type":"ReadAction","target":["https:\/\/hotelrexriccione.clienti4.editatest.com\/fr\/historique\/"]}]},{"@type":"BreadcrumbList","@id":"https:\/\/hotelrexriccione.clienti4.editatest.com\/fr\/historique\/#breadcrumb","itemListElement":[{"@type":"ListItem","position":1,"name":"Home","item":"https:\/\/hotelrexriccione.clienti4.editatest.com\/fr\/"},{"@type":"ListItem","position":2,"name":"Historique"}]}]}},"_links":{"self":[{"href":"https:\/\/hotelrexriccione.clienti4.editatest.com\/fr\/wp-json\/wp\/v2\/pages\/424"}],"collection":[{"href":"https:\/\/hotelrexriccione.clienti4.editatest.com\/fr\/wp-json\/wp\/v2\/pages"}],"about":[{"href":"https:\/\/hotelrexriccione.clienti4.editatest.com\/fr\/wp-json\/wp\/v2\/types\/page"}],"author":[{"embeddable":true,"href":"https:\/\/hotelrexriccione.clienti4.editatest.com\/fr\/wp-json\/wp\/v2\/users\/5"}],"replies":[{"embeddable":true,"href":"https:\/\/hotelrexriccione.clienti4.editatest.com\/fr\/wp-json\/wp\/v2\/comments?post=424"}],"version-history":[{"count":0,"href":"https:\/\/hotelrexriccione.clienti4.editatest.com\/fr\/wp-json\/wp\/v2\/pages\/424\/revisions"}],"wp:attachment":[{"href":"https:\/\/hotelrexriccione.clienti4.editatest.com\/fr\/wp-json\/wp\/v2\/media?parent=424"}],"curies":[{"name":"wp","href":"https:\/\/api.w.org\/{rel}","templated":true}]}}