{"id":411,"date":"2016-02-28T00:09:00","date_gmt":"2016-02-27T23:09:00","guid":{"rendered":"https:\/\/hotelrexriccione.clienti4.editatest.com\/fr\/il-ristorante\/"},"modified":"2016-04-13T10:06:39","modified_gmt":"2016-04-13T08:06:39","slug":"restaurant","status":"publish","type":"page","link":"https:\/\/hotelrexriccione.clienti4.editatest.com\/fr\/restaurant\/","title":{"rendered":"Restaurant \u00ab\u00a0Nastro Azzurro\u00a0\u00bb, d\u00e9lices et cr\u00e9ativit\u00e9"},"content":{"rendered":"<p>D\u00e9couvrez les mets fins du <strong>restaurant \u00ab\u00a0Nastro Azzurro\u00a0\u00bb<\/strong> \u00e0 l&rsquo;int\u00e9rieur de l&rsquo;h\u00f4tel Rex \u00e0 Riccione.<\/p>\n<p>Histoire et art: ce sont les \u00e9l\u00e9ments par lesquels l&rsquo;h\u00f4tel Rex met sa <strong>grande tradition culinaire en sc\u00e8ne<\/strong>.<\/p>\n<p><strong>Des secrets de la grand-m\u00e8re Ida<\/strong>, puis de <strong>maman Anna<\/strong>, d&rsquo;excellentes cuisini\u00e8res qui ont concoct\u00e9 des recettes qui ont marqu\u00e9 leur temps et qui constellent encore le menu de notre restaurant \u00ab\u00a0Nastro Azzurro\u00a0\u00bb. Les <strong>petits-d\u00e9jeuners gourmands<\/strong> allient les ar\u00f4mes et la simplicit\u00e9 d\u2019ingr\u00e9dients authentiques. Le g\u00e9nie culinaire se d\u00e9cline en mets d\u00e9licieux autant que recherch\u00e9s pour all\u00e9cher les palais les plus exigeants. Le style de la restauration exprime l&rsquo;opulence et le raffinement des banquets d&rsquo;antan, tels qu&rsquo;on les pr\u00e9parait dans la cambuse du m\u00e9morable transatlantique Rex.<\/p>\n<div id='gallery-1' class='gallery galleryid-219 gallery-columns-4 gallery-size-large'><figure class='gallery-item'>\n\t\t\t<div class='gallery-icon landscape'>\n\t\t\t\t<a href='https:\/\/hotelrexriccione.clienti4.editatest.com\/wp-content\/uploads\/2016\/02\/pesce.jpg' data-size=\"1202x800\"><img width=\"700\" height=\"415\" src=\"https:\/\/hotelrexriccione.clienti4.editatest.com\/wp-content\/uploads\/2016\/02\/pesce-700x415.jpg\" class=\"attachment-large size-large\" alt=\"Hotel Rex Riccione Paccheri orientale\" loading=\"lazy\" aria-describedby=\"gallery-1-1414\" \/><\/a>\n\t\t\t<\/div>\n\t\t\t\t<figcaption class='wp-caption-text gallery-caption' id='gallery-1-1414'>\n\t\t\t\t \n\t\t\t\t<\/figcaption><\/figure><figure class='gallery-item'>\n\t\t\t<div class='gallery-icon landscape'>\n\t\t\t\t<a href='https:\/\/hotelrexriccione.clienti4.editatest.com\/wp-content\/uploads\/2016\/02\/antipasto-nastroazzurro.jpg' data-size=\"1805x1205\"><img width=\"700\" height=\"415\" src=\"https:\/\/hotelrexriccione.clienti4.editatest.com\/wp-content\/uploads\/2016\/02\/antipasto-nastroazzurro-700x415.jpg\" class=\"attachment-large size-large\" alt=\"Hotel Rex Riccione antipasti\" loading=\"lazy\" aria-describedby=\"gallery-1-1141\" \/><\/a>\n\t\t\t<\/div>\n\t\t\t\t<figcaption class='wp-caption-text gallery-caption' id='gallery-1-1141'>\n\t\t\t\t \n\t\t\t\t<\/figcaption><\/figure><figure class='gallery-item'>\n\t\t\t<div class='gallery-icon landscape'>\n\t\t\t\t<a href='https:\/\/hotelrexriccione.clienti4.editatest.com\/wp-content\/uploads\/2016\/02\/tagliolino.jpg' data-size=\"1187x800\"><img width=\"700\" height=\"415\" src=\"https:\/\/hotelrexriccione.clienti4.editatest.com\/wp-content\/uploads\/2016\/02\/tagliolino-700x415.jpg\" class=\"attachment-large size-large\" alt=\"Hotel Rex Riccione Tagliolino profumo di mare\" loading=\"lazy\" aria-describedby=\"gallery-1-1420\" \/><\/a>\n\t\t\t<\/div>\n\t\t\t\t<figcaption class='wp-caption-text gallery-caption' id='gallery-1-1420'>\n\t\t\t\t \n\t\t\t\t<\/figcaption><\/figure><figure class='gallery-item'>\n\t\t\t<div class='gallery-icon landscape'>\n\t\t\t\t<a href='https:\/\/hotelrexriccione.clienti4.editatest.com\/wp-content\/uploads\/2016\/02\/tagliata.jpg' data-size=\"1202x800\"><img width=\"700\" height=\"415\" src=\"https:\/\/hotelrexriccione.clienti4.editatest.com\/wp-content\/uploads\/2016\/02\/tagliata-700x415.jpg\" class=\"attachment-large size-large\" alt=\"Hotel Rex Riccione tagliata grana e rucola\" loading=\"lazy\" aria-describedby=\"gallery-1-1423\" \/><\/a>\n\t\t\t<\/div>\n\t\t\t\t<figcaption class='wp-caption-text gallery-caption' id='gallery-1-1423'>\n\t\t\t\t \n\t\t\t\t<\/figcaption><\/figure><figure class='gallery-item'>\n\t\t\t<div class='gallery-icon landscape'>\n\t\t\t\t<a href='https:\/\/hotelrexriccione.clienti4.editatest.com\/wp-content\/uploads\/2016\/02\/rombo.jpg' data-size=\"1281x800\"><img width=\"700\" height=\"415\" src=\"https:\/\/hotelrexriccione.clienti4.editatest.com\/wp-content\/uploads\/2016\/02\/rombo-700x415.jpg\" class=\"attachment-large size-large\" alt=\"Hotel Rex Riccione\" loading=\"lazy\" aria-describedby=\"gallery-1-1417\" \/><\/a>\n\t\t\t<\/div>\n\t\t\t\t<figcaption class='wp-caption-text gallery-caption' id='gallery-1-1417'>\n\t\t\t\t \n\t\t\t\t<\/figcaption><\/figure><figure class='gallery-item'>\n\t\t\t<div class='gallery-icon landscape'>\n\t\t\t\t<a href='https:\/\/hotelrexriccione.clienti4.editatest.com\/wp-content\/uploads\/2016\/02\/20150611_072823.jpg' data-size=\"2560x1536\"><img width=\"700\" height=\"415\" src=\"https:\/\/hotelrexriccione.clienti4.editatest.com\/wp-content\/uploads\/2016\/02\/20150611_072823-700x415.jpg\" class=\"attachment-large size-large\" alt=\"Hotel Rex Riccione colazione salato\" loading=\"lazy\" aria-describedby=\"gallery-1-1129\" \/><\/a>\n\t\t\t<\/div>\n\t\t\t\t<figcaption class='wp-caption-text gallery-caption' id='gallery-1-1129'>\n\t\t\t\t \n\t\t\t\t<\/figcaption><\/figure><figure class='gallery-item'>\n\t\t\t<div class='gallery-icon landscape'>\n\t\t\t\t<a href='https:\/\/hotelrexriccione.clienti4.editatest.com\/wp-content\/uploads\/2016\/02\/breakfast.jpg' data-size=\"1000x668\"><img width=\"700\" height=\"415\" src=\"https:\/\/hotelrexriccione.clienti4.editatest.com\/wp-content\/uploads\/2016\/02\/breakfast-700x415.jpg\" class=\"attachment-large size-large\" alt=\"Hotel Rex Riccione Dolci Ristorante\" loading=\"lazy\" aria-describedby=\"gallery-1-1357\" \/><\/a>\n\t\t\t<\/div>\n\t\t\t\t<figcaption class='wp-caption-text gallery-caption' id='gallery-1-1357'>\n\t\t\t\t \n\t\t\t\t<\/figcaption><\/figure><figure class='gallery-item'>\n\t\t\t<div class='gallery-icon landscape'>\n\t\t\t\t<a href='https:\/\/hotelrexriccione.clienti4.editatest.com\/wp-content\/uploads\/2016\/02\/20150615_193231.jpg' data-size=\"2560x1536\"><img width=\"700\" height=\"415\" src=\"https:\/\/hotelrexriccione.clienti4.editatest.com\/wp-content\/uploads\/2016\/02\/20150615_193231-700x415.jpg\" class=\"attachment-large size-large\" alt=\"Hotel Rex Riccione Primi piatti\" loading=\"lazy\" aria-describedby=\"gallery-1-1126\" \/><\/a>\n\t\t\t<\/div>\n\t\t\t\t<figcaption class='wp-caption-text gallery-caption' id='gallery-1-1126'>\n\t\t\t\t \n\t\t\t\t<\/figcaption><\/figure>\n\t\t<\/div>\n\n<p>Chaque jour, le chef De Lucia propose un choix de <strong>quatre menus diff\u00e9rents<\/strong>, avec des plats \u00e0 base de poisson et de fruits de mer au d\u00e9jeuner comme au d\u00eener, accompagn\u00e9s des meilleurs vins de la r\u00e9gion. Le matin, <strong>le petit-d\u00e9jeuner buffet gourmand<\/strong> aux go\u00fbts sal\u00e9s et sucr\u00e9s comprenant une s\u00e9lection de <strong>produits bio<\/strong> vous donnera l&rsquo;\u00e9nergie n\u00e9cessaire pour bien commencer la journ\u00e9e.<\/p>\n<p>D\u00e9guster vos repas dans le <strong>restaurant de l&rsquo;h\u00f4tel Rex<\/strong> est sans aucun doute la meilleure fa\u00e7on de vivre et d&rsquo;appr\u00e9cier votre s\u00e9jour sur la Riviera Adriatique.<\/p>\n","protected":false},"excerpt":{"rendered":"<p>D\u00e9couvrez les mets fins du restaurant \u00ab\u00a0Nastro Azzurro\u00a0\u00bb \u00e0 l&rsquo;int\u00e9rieur de l&rsquo;h\u00f4tel Rex \u00e0 Riccione. Histoire et art: ce sont les \u00e9l\u00e9ments par lesquels l&rsquo;h\u00f4tel Rex met sa grande tradition culinaire en sc\u00e8ne. Des secrets de la grand-m\u00e8re Ida, puis [..]<\/p>\n","protected":false},"author":5,"featured_media":0,"parent":0,"menu_order":0,"comment_status":"closed","ping_status":"closed","template":"","meta":[],"acf":[],"yoast_head":"<!-- This site is optimized with the Yoast SEO plugin v18.4.1 - https:\/\/yoast.com\/wordpress\/plugins\/seo\/ -->\n<title>Restaurant Rex Riccione h\u00f4tel, h\u00f4tel trois \u00e9toiles avec restaurant<\/title>\n<meta name=\"robots\" content=\"noindex, follow, max-snippet:-1, max-image-preview:large, max-video-preview:-1\" \/>\n<meta property=\"og:locale\" content=\"fr_FR\" \/>\n<meta property=\"og:type\" content=\"article\" \/>\n<meta property=\"og:title\" content=\"Restaurant Rex Riccione h\u00f4tel, h\u00f4tel trois \u00e9toiles avec restaurant\" \/>\n<meta property=\"og:description\" content=\"D\u00e9couvrez les mets fins du restaurant \u00ab\u00a0Nastro Azzurro\u00a0\u00bb \u00e0 l&rsquo;int\u00e9rieur de l&rsquo;h\u00f4tel Rex \u00e0 Riccione. Histoire et art: ce sont les \u00e9l\u00e9ments par lesquels l&rsquo;h\u00f4tel Rex met sa grande tradition culinaire en sc\u00e8ne. Des secrets de la grand-m\u00e8re Ida, puis [..]\" \/>\n<meta property=\"og:url\" content=\"https:\/\/hotelrexriccione.clienti4.editatest.com\/fr\/restaurant\/\" \/>\n<meta property=\"og:site_name\" content=\"Hotel Rex\" \/>\n<meta property=\"article:modified_time\" content=\"2016-04-13T08:06:39+00:00\" \/>\n<meta property=\"og:image\" content=\"https:\/\/hotelrexriccione.clienti4.editatest.com\/wp-content\/uploads\/2016\/02\/pesce-700x415.jpg\" \/>\n<meta name=\"twitter:card\" content=\"summary\" \/>\n<meta name=\"twitter:label1\" content=\"Dur\u00e9e de lecture estim\u00e9e\" \/>\n\t<meta name=\"twitter:data1\" content=\"1 minute\" \/>\n<script type=\"application\/ld+json\" class=\"yoast-schema-graph\">{\"@context\":\"https:\/\/schema.org\",\"@graph\":[{\"@type\":\"WebSite\",\"@id\":\"https:\/\/hotelrexriccione.clienti4.editatest.com\/#website\",\"url\":\"https:\/\/hotelrexriccione.clienti4.editatest.com\/\",\"name\":\"Hotel Rex\",\"description\":\"\",\"potentialAction\":[{\"@type\":\"SearchAction\",\"target\":{\"@type\":\"EntryPoint\",\"urlTemplate\":\"https:\/\/hotelrexriccione.clienti4.editatest.com\/?s={search_term_string}\"},\"query-input\":\"required name=search_term_string\"}],\"inLanguage\":\"fr-FR\"},{\"@type\":\"WebPage\",\"@id\":\"https:\/\/hotelrexriccione.clienti4.editatest.com\/fr\/restaurant\/#webpage\",\"url\":\"https:\/\/hotelrexriccione.clienti4.editatest.com\/fr\/restaurant\/\",\"name\":\"Restaurant Rex Riccione h\u00f4tel, h\u00f4tel trois \u00e9toiles avec restaurant\",\"isPartOf\":{\"@id\":\"https:\/\/hotelrexriccione.clienti4.editatest.com\/#website\"},\"datePublished\":\"2016-02-27T23:09:00+00:00\",\"dateModified\":\"2016-04-13T08:06:39+00:00\",\"breadcrumb\":{\"@id\":\"https:\/\/hotelrexriccione.clienti4.editatest.com\/fr\/restaurant\/#breadcrumb\"},\"inLanguage\":\"fr-FR\",\"potentialAction\":[{\"@type\":\"ReadAction\",\"target\":[\"https:\/\/hotelrexriccione.clienti4.editatest.com\/fr\/restaurant\/\"]}]},{\"@type\":\"BreadcrumbList\",\"@id\":\"https:\/\/hotelrexriccione.clienti4.editatest.com\/fr\/restaurant\/#breadcrumb\",\"itemListElement\":[{\"@type\":\"ListItem\",\"position\":1,\"name\":\"Home\",\"item\":\"https:\/\/hotelrexriccione.clienti4.editatest.com\/fr\/\"},{\"@type\":\"ListItem\",\"position\":2,\"name\":\"Restaurant \u00ab\u00a0Nastro Azzurro\u00a0\u00bb, d\u00e9lices et cr\u00e9ativit\u00e9\"}]}]}<\/script>\n<!-- \/ Yoast SEO plugin. -->","yoast_head_json":{"title":"Restaurant Rex Riccione h\u00f4tel, h\u00f4tel trois \u00e9toiles avec restaurant","robots":{"index":"noindex","follow":"follow","max-snippet":"max-snippet:-1","max-image-preview":"max-image-preview:large","max-video-preview":"max-video-preview:-1"},"og_locale":"fr_FR","og_type":"article","og_title":"Restaurant Rex Riccione h\u00f4tel, h\u00f4tel trois \u00e9toiles avec restaurant","og_description":"D\u00e9couvrez les mets fins du restaurant \u00ab\u00a0Nastro Azzurro\u00a0\u00bb \u00e0 l&rsquo;int\u00e9rieur de l&rsquo;h\u00f4tel Rex \u00e0 Riccione. Histoire et art: ce sont les \u00e9l\u00e9ments par lesquels l&rsquo;h\u00f4tel Rex met sa grande tradition culinaire en sc\u00e8ne. Des secrets de la grand-m\u00e8re Ida, puis [..]","og_url":"https:\/\/hotelrexriccione.clienti4.editatest.com\/fr\/restaurant\/","og_site_name":"Hotel Rex","article_modified_time":"2016-04-13T08:06:39+00:00","og_image":[{"url":"https:\/\/hotelrexriccione.clienti4.editatest.com\/wp-content\/uploads\/2016\/02\/pesce-700x415.jpg"}],"twitter_card":"summary","twitter_misc":{"Dur\u00e9e de lecture estim\u00e9e":"1 minute"},"schema":{"@context":"https:\/\/schema.org","@graph":[{"@type":"WebSite","@id":"https:\/\/hotelrexriccione.clienti4.editatest.com\/#website","url":"https:\/\/hotelrexriccione.clienti4.editatest.com\/","name":"Hotel Rex","description":"","potentialAction":[{"@type":"SearchAction","target":{"@type":"EntryPoint","urlTemplate":"https:\/\/hotelrexriccione.clienti4.editatest.com\/?s={search_term_string}"},"query-input":"required name=search_term_string"}],"inLanguage":"fr-FR"},{"@type":"WebPage","@id":"https:\/\/hotelrexriccione.clienti4.editatest.com\/fr\/restaurant\/#webpage","url":"https:\/\/hotelrexriccione.clienti4.editatest.com\/fr\/restaurant\/","name":"Restaurant Rex Riccione h\u00f4tel, h\u00f4tel trois \u00e9toiles avec restaurant","isPartOf":{"@id":"https:\/\/hotelrexriccione.clienti4.editatest.com\/#website"},"datePublished":"2016-02-27T23:09:00+00:00","dateModified":"2016-04-13T08:06:39+00:00","breadcrumb":{"@id":"https:\/\/hotelrexriccione.clienti4.editatest.com\/fr\/restaurant\/#breadcrumb"},"inLanguage":"fr-FR","potentialAction":[{"@type":"ReadAction","target":["https:\/\/hotelrexriccione.clienti4.editatest.com\/fr\/restaurant\/"]}]},{"@type":"BreadcrumbList","@id":"https:\/\/hotelrexriccione.clienti4.editatest.com\/fr\/restaurant\/#breadcrumb","itemListElement":[{"@type":"ListItem","position":1,"name":"Home","item":"https:\/\/hotelrexriccione.clienti4.editatest.com\/fr\/"},{"@type":"ListItem","position":2,"name":"Restaurant \u00ab\u00a0Nastro Azzurro\u00a0\u00bb, d\u00e9lices et cr\u00e9ativit\u00e9"}]}]}},"_links":{"self":[{"href":"https:\/\/hotelrexriccione.clienti4.editatest.com\/fr\/wp-json\/wp\/v2\/pages\/411"}],"collection":[{"href":"https:\/\/hotelrexriccione.clienti4.editatest.com\/fr\/wp-json\/wp\/v2\/pages"}],"about":[{"href":"https:\/\/hotelrexriccione.clienti4.editatest.com\/fr\/wp-json\/wp\/v2\/types\/page"}],"author":[{"embeddable":true,"href":"https:\/\/hotelrexriccione.clienti4.editatest.com\/fr\/wp-json\/wp\/v2\/users\/5"}],"replies":[{"embeddable":true,"href":"https:\/\/hotelrexriccione.clienti4.editatest.com\/fr\/wp-json\/wp\/v2\/comments?post=411"}],"version-history":[{"count":0,"href":"https:\/\/hotelrexriccione.clienti4.editatest.com\/fr\/wp-json\/wp\/v2\/pages\/411\/revisions"}],"wp:attachment":[{"href":"https:\/\/hotelrexriccione.clienti4.editatest.com\/fr\/wp-json\/wp\/v2\/media?parent=411"}],"curies":[{"name":"wp","href":"https:\/\/api.w.org\/{rel}","templated":true}]}}