{"id":532,"date":"2016-02-29T18:22:40","date_gmt":"2016-02-29T17:22:40","guid":{"rendered":"https:\/\/hotelrexriccione.clienti4.editatest.com\/de\/stadio-del-nuoto-di-riccione\/"},"modified":"2022-04-19T13:07:11","modified_gmt":"2022-04-19T11:07:11","slug":"hallenschwimmbad-riccione","status":"publish","type":"page","link":"https:\/\/hotelrexriccione.clienti4.editatest.com\/de\/hallenschwimmbad-riccione\/","title":{"rendered":"HALLENSCHWIMMBAD Riccione"},"content":{"rendered":"<p><strong>Das Hotel befindet sich ca. 700 meter vom Schwimmbad entfernt<\/strong>, es ist eines der modernsten und best ausgestatteten Italiens. 2004 und 2012 wurde es f\u00fcr die Weltmeisterschaften der Schwimm-Masters ausgew\u00e4hlt.<\/p>\n<ul>\n<li><strong><span style=\"font-size: 14pt;\">FREIBAD<\/span><\/strong><br \/>\nL\u00e4nge 50 m x 10 Bahnen<br \/>\nBreite 25 m H\u00f6he 2 m Breite konstant<\/li>\n<\/ul>\n<ul>\n<li><span style=\"font-size: 14pt;\"><strong>NEUES \u00dcBERDACHTES SCHWIMMBAD<\/strong><\/span><br \/>\nL\u00e4nge 50 m x 10 Bahnen; Breite 25 m; H\u00f6he 2 m<br \/>\nL\u00e4nge 25 m x 10 Bahnen; Breite 11 m; H\u00f6he 1,20 m<\/li>\n<\/ul>\n<p>Das Freibad ist 50 m und verf\u00fcgt \u00fcber 10 Bahnen, am Rand stehen Liegen und Sonnenschirme zur Verf\u00fcgung, Au\u00dfen und Innen Duschen, Restaurant und Bar sowie Tribune zum sitzen.<\/p>\n<ul>\n<li>Rezeption<\/li>\n<li>Reservierte Bahnen im Olympiabecken<\/li>\n<li>Gro\u00dfer Parkplatz vor dem Schwimmbad<\/li>\n<li>Interne Umkleidekabinen<\/li>\n<li>Interne Duschen<\/li>\n<li>Haartrockner<\/li>\n<li>Toiletten<\/li>\n<\/ul>\n","protected":false},"excerpt":{"rendered":"<p>Das Hotel befindet sich ca. 700 meter vom Schwimmbad entfernt, es ist eines der modernsten und best ausgestatteten Italiens. 2004 und 2012 wurde es f\u00fcr die Weltmeisterschaften der Schwimm-Masters ausgew\u00e4hlt. FREIBAD L\u00e4nge 50 m x 10 Bahnen Breite 25 m [..]<\/p>\n","protected":false},"author":5,"featured_media":0,"parent":0,"menu_order":0,"comment_status":"closed","ping_status":"closed","template":"","meta":[],"acf":[],"yoast_head":"<!-- This site is optimized with the Yoast SEO plugin v18.4.1 - https:\/\/yoast.com\/wordpress\/plugins\/seo\/ -->\n<title>Hotel Riccione Sport - Sport Urlaub in Riccione | Hotel Rex Riccione<\/title>\n<meta name=\"robots\" content=\"noindex, follow, max-snippet:-1, max-image-preview:large, max-video-preview:-1\" \/>\n<meta property=\"og:locale\" content=\"de_DE\" \/>\n<meta property=\"og:type\" content=\"article\" \/>\n<meta property=\"og:title\" content=\"Hotel Riccione Sport - Sport Urlaub in Riccione | Hotel Rex Riccione\" \/>\n<meta property=\"og:description\" content=\"Das Hotel befindet sich ca. 700 meter vom Schwimmbad entfernt, es ist eines der modernsten und best ausgestatteten Italiens. 2004 und 2012 wurde es f\u00fcr die Weltmeisterschaften der Schwimm-Masters ausgew\u00e4hlt. FREIBAD L\u00e4nge 50 m x 10 Bahnen Breite 25 m [..]\" \/>\n<meta property=\"og:url\" content=\"https:\/\/hotelrexriccione.clienti4.editatest.com\/de\/hallenschwimmbad-riccione\/\" \/>\n<meta property=\"og:site_name\" content=\"Hotel Rex\" \/>\n<meta property=\"article:modified_time\" content=\"2022-04-19T11:07:11+00:00\" \/>\n<meta name=\"twitter:card\" content=\"summary\" \/>\n<meta name=\"twitter:label1\" content=\"Gesch\u00e4tzte Lesezeit\" \/>\n\t<meta name=\"twitter:data1\" content=\"1\u00a0Minute\" \/>\n<script type=\"application\/ld+json\" class=\"yoast-schema-graph\">{\"@context\":\"https:\/\/schema.org\",\"@graph\":[{\"@type\":\"WebSite\",\"@id\":\"https:\/\/hotelrexriccione.clienti4.editatest.com\/#website\",\"url\":\"https:\/\/hotelrexriccione.clienti4.editatest.com\/\",\"name\":\"Hotel Rex\",\"description\":\"\",\"potentialAction\":[{\"@type\":\"SearchAction\",\"target\":{\"@type\":\"EntryPoint\",\"urlTemplate\":\"https:\/\/hotelrexriccione.clienti4.editatest.com\/?s={search_term_string}\"},\"query-input\":\"required name=search_term_string\"}],\"inLanguage\":\"de\"},{\"@type\":\"WebPage\",\"@id\":\"https:\/\/hotelrexriccione.clienti4.editatest.com\/de\/hallenschwimmbad-riccione\/#webpage\",\"url\":\"https:\/\/hotelrexriccione.clienti4.editatest.com\/de\/hallenschwimmbad-riccione\/\",\"name\":\"Hotel Riccione Sport - Sport Urlaub in Riccione | Hotel Rex Riccione\",\"isPartOf\":{\"@id\":\"https:\/\/hotelrexriccione.clienti4.editatest.com\/#website\"},\"datePublished\":\"2016-02-29T17:22:40+00:00\",\"dateModified\":\"2022-04-19T11:07:11+00:00\",\"breadcrumb\":{\"@id\":\"https:\/\/hotelrexriccione.clienti4.editatest.com\/de\/hallenschwimmbad-riccione\/#breadcrumb\"},\"inLanguage\":\"de\",\"potentialAction\":[{\"@type\":\"ReadAction\",\"target\":[\"https:\/\/hotelrexriccione.clienti4.editatest.com\/de\/hallenschwimmbad-riccione\/\"]}]},{\"@type\":\"BreadcrumbList\",\"@id\":\"https:\/\/hotelrexriccione.clienti4.editatest.com\/de\/hallenschwimmbad-riccione\/#breadcrumb\",\"itemListElement\":[{\"@type\":\"ListItem\",\"position\":1,\"name\":\"Home\",\"item\":\"https:\/\/hotelrexriccione.clienti4.editatest.com\/de\/\"},{\"@type\":\"ListItem\",\"position\":2,\"name\":\"HALLENSCHWIMMBAD Riccione\"}]}]}<\/script>\n<!-- \/ Yoast SEO plugin. -->","yoast_head_json":{"title":"Hotel Riccione Sport - Sport Urlaub in Riccione | Hotel Rex Riccione","robots":{"index":"noindex","follow":"follow","max-snippet":"max-snippet:-1","max-image-preview":"max-image-preview:large","max-video-preview":"max-video-preview:-1"},"og_locale":"de_DE","og_type":"article","og_title":"Hotel Riccione Sport - Sport Urlaub in Riccione | Hotel Rex Riccione","og_description":"Das Hotel befindet sich ca. 700 meter vom Schwimmbad entfernt, es ist eines der modernsten und best ausgestatteten Italiens. 2004 und 2012 wurde es f\u00fcr die Weltmeisterschaften der Schwimm-Masters ausgew\u00e4hlt. FREIBAD L\u00e4nge 50 m x 10 Bahnen Breite 25 m [..]","og_url":"https:\/\/hotelrexriccione.clienti4.editatest.com\/de\/hallenschwimmbad-riccione\/","og_site_name":"Hotel Rex","article_modified_time":"2022-04-19T11:07:11+00:00","twitter_card":"summary","twitter_misc":{"Gesch\u00e4tzte Lesezeit":"1\u00a0Minute"},"schema":{"@context":"https:\/\/schema.org","@graph":[{"@type":"WebSite","@id":"https:\/\/hotelrexriccione.clienti4.editatest.com\/#website","url":"https:\/\/hotelrexriccione.clienti4.editatest.com\/","name":"Hotel Rex","description":"","potentialAction":[{"@type":"SearchAction","target":{"@type":"EntryPoint","urlTemplate":"https:\/\/hotelrexriccione.clienti4.editatest.com\/?s={search_term_string}"},"query-input":"required name=search_term_string"}],"inLanguage":"de"},{"@type":"WebPage","@id":"https:\/\/hotelrexriccione.clienti4.editatest.com\/de\/hallenschwimmbad-riccione\/#webpage","url":"https:\/\/hotelrexriccione.clienti4.editatest.com\/de\/hallenschwimmbad-riccione\/","name":"Hotel Riccione Sport - Sport Urlaub in Riccione | Hotel Rex Riccione","isPartOf":{"@id":"https:\/\/hotelrexriccione.clienti4.editatest.com\/#website"},"datePublished":"2016-02-29T17:22:40+00:00","dateModified":"2022-04-19T11:07:11+00:00","breadcrumb":{"@id":"https:\/\/hotelrexriccione.clienti4.editatest.com\/de\/hallenschwimmbad-riccione\/#breadcrumb"},"inLanguage":"de","potentialAction":[{"@type":"ReadAction","target":["https:\/\/hotelrexriccione.clienti4.editatest.com\/de\/hallenschwimmbad-riccione\/"]}]},{"@type":"BreadcrumbList","@id":"https:\/\/hotelrexriccione.clienti4.editatest.com\/de\/hallenschwimmbad-riccione\/#breadcrumb","itemListElement":[{"@type":"ListItem","position":1,"name":"Home","item":"https:\/\/hotelrexriccione.clienti4.editatest.com\/de\/"},{"@type":"ListItem","position":2,"name":"HALLENSCHWIMMBAD Riccione"}]}]}},"_links":{"self":[{"href":"https:\/\/hotelrexriccione.clienti4.editatest.com\/de\/wp-json\/wp\/v2\/pages\/532"}],"collection":[{"href":"https:\/\/hotelrexriccione.clienti4.editatest.com\/de\/wp-json\/wp\/v2\/pages"}],"about":[{"href":"https:\/\/hotelrexriccione.clienti4.editatest.com\/de\/wp-json\/wp\/v2\/types\/page"}],"author":[{"embeddable":true,"href":"https:\/\/hotelrexriccione.clienti4.editatest.com\/de\/wp-json\/wp\/v2\/users\/5"}],"replies":[{"embeddable":true,"href":"https:\/\/hotelrexriccione.clienti4.editatest.com\/de\/wp-json\/wp\/v2\/comments?post=532"}],"version-history":[{"count":0,"href":"https:\/\/hotelrexriccione.clienti4.editatest.com\/de\/wp-json\/wp\/v2\/pages\/532\/revisions"}],"wp:attachment":[{"href":"https:\/\/hotelrexriccione.clienti4.editatest.com\/de\/wp-json\/wp\/v2\/media?parent=532"}],"curies":[{"name":"wp","href":"https:\/\/api.w.org\/{rel}","templated":true}]}}