{"id":526,"date":"2016-02-29T17:52:02","date_gmt":"2016-02-29T16:52:02","guid":{"rendered":"https:\/\/hotelrexriccione.clienti4.editatest.com\/de\/hotel-per-golfisti-riccione\/"},"modified":"2017-02-02T16:29:41","modified_gmt":"2017-02-02T15:29:41","slug":"hotel-golf-riccione","status":"publish","type":"page","link":"https:\/\/hotelrexriccione.clienti4.editatest.com\/de\/hotel-golf-riccione\/","title":{"rendered":"Golf"},"content":{"rendered":"<p><span style=\"font-size: 24pt;\">RIVIERA GOLF CLUB<\/span><br \/>\n<strong>S. Giovanni in Marignano (RN)<\/strong><\/p>\n<p>Golf im Zentrum. Ein Feld von <strong>18 L\u00f6chern<\/strong> gezeichnet con Luigi Rota Caremoli. Hier die wichtigsten Punkte des Riviera Golf Club: das l\u00e4ngste Loch von Italien, eine Golfschule die Sie in diesen Sport mit Freude und Vergn\u00fcgen einf\u00fchrt. Der Golfplatz ist mit putting green von <strong>27 L\u00f6chern, pitching green<\/strong>, driving range und beleuchteten und beheizten Pl\u00e4tzen ausgestattet.<br \/>\nSehen Sie nach unter www.rivieragolf.it<\/p>\n<p><span style=\"font-size: 24pt;\">RIMINI GOLF CLUB<\/span><br \/>\n<strong>Villa Verucchio (RN)<\/strong><\/p>\n<p>Das Feld hat<strong> 18 L\u00f6cher<\/strong> und auch eines mit 7 (exekutive) sie sind das Herz und der Stolz des Rimini Golf Club. Das <strong>Projekt der 18 L\u00f6chern<\/strong> ist von Brian M. Silva, die fairways sind leicht gewellt mit H\u00fcgeln am Rand; entlang des Feldes sind sehr viele Wasserl\u00f6cher die das Spiel noch aufw\u00e4ndiger gestalten.bDas Panorama am Ende der H\u00fcgeln gibt dem Spiel noch eine aufregende Note.<br \/>\nSehen Sie nach unter www.riminigolf.com<\/p>\n","protected":false},"excerpt":{"rendered":"<p>RIVIERA GOLF CLUB S. Giovanni in Marignano (RN) Golf im Zentrum. Ein Feld von 18 L\u00f6chern gezeichnet con Luigi Rota Caremoli. Hier die wichtigsten Punkte des Riviera Golf Club: das l\u00e4ngste Loch von Italien, eine Golfschule die Sie in diesen [..]<\/p>\n","protected":false},"author":5,"featured_media":0,"parent":0,"menu_order":0,"comment_status":"closed","ping_status":"closed","template":"","meta":[],"acf":[],"yoast_head":"<!-- This site is optimized with the Yoast SEO plugin v18.4.1 - https:\/\/yoast.com\/wordpress\/plugins\/seo\/ -->\n<title>Hotel Riccione Sport - Sport Urlaub in Riccione | Hotel Rex Riccione<\/title>\n<meta name=\"robots\" content=\"noindex, follow, max-snippet:-1, max-image-preview:large, max-video-preview:-1\" \/>\n<meta property=\"og:locale\" content=\"de_DE\" \/>\n<meta property=\"og:type\" content=\"article\" \/>\n<meta property=\"og:title\" content=\"Hotel Riccione Sport - Sport Urlaub in Riccione | Hotel Rex Riccione\" \/>\n<meta property=\"og:description\" content=\"RIVIERA GOLF CLUB S. Giovanni in Marignano (RN) Golf im Zentrum. Ein Feld von 18 L\u00f6chern gezeichnet con Luigi Rota Caremoli. Hier die wichtigsten Punkte des Riviera Golf Club: das l\u00e4ngste Loch von Italien, eine Golfschule die Sie in diesen [..]\" \/>\n<meta property=\"og:url\" content=\"https:\/\/hotelrexriccione.clienti4.editatest.com\/de\/hotel-golf-riccione\/\" \/>\n<meta property=\"og:site_name\" content=\"Hotel Rex\" \/>\n<meta property=\"article:modified_time\" content=\"2017-02-02T15:29:41+00:00\" \/>\n<meta name=\"twitter:card\" content=\"summary\" \/>\n<meta name=\"twitter:label1\" content=\"Gesch\u00e4tzte Lesezeit\" \/>\n\t<meta name=\"twitter:data1\" content=\"1\u00a0Minute\" \/>\n<script type=\"application\/ld+json\" class=\"yoast-schema-graph\">{\"@context\":\"https:\/\/schema.org\",\"@graph\":[{\"@type\":\"WebSite\",\"@id\":\"https:\/\/hotelrexriccione.clienti4.editatest.com\/#website\",\"url\":\"https:\/\/hotelrexriccione.clienti4.editatest.com\/\",\"name\":\"Hotel Rex\",\"description\":\"\",\"potentialAction\":[{\"@type\":\"SearchAction\",\"target\":{\"@type\":\"EntryPoint\",\"urlTemplate\":\"https:\/\/hotelrexriccione.clienti4.editatest.com\/?s={search_term_string}\"},\"query-input\":\"required name=search_term_string\"}],\"inLanguage\":\"de\"},{\"@type\":\"WebPage\",\"@id\":\"https:\/\/hotelrexriccione.clienti4.editatest.com\/de\/hotel-golf-riccione\/#webpage\",\"url\":\"https:\/\/hotelrexriccione.clienti4.editatest.com\/de\/hotel-golf-riccione\/\",\"name\":\"Hotel Riccione Sport - Sport Urlaub in Riccione | Hotel Rex Riccione\",\"isPartOf\":{\"@id\":\"https:\/\/hotelrexriccione.clienti4.editatest.com\/#website\"},\"datePublished\":\"2016-02-29T16:52:02+00:00\",\"dateModified\":\"2017-02-02T15:29:41+00:00\",\"breadcrumb\":{\"@id\":\"https:\/\/hotelrexriccione.clienti4.editatest.com\/de\/hotel-golf-riccione\/#breadcrumb\"},\"inLanguage\":\"de\",\"potentialAction\":[{\"@type\":\"ReadAction\",\"target\":[\"https:\/\/hotelrexriccione.clienti4.editatest.com\/de\/hotel-golf-riccione\/\"]}]},{\"@type\":\"BreadcrumbList\",\"@id\":\"https:\/\/hotelrexriccione.clienti4.editatest.com\/de\/hotel-golf-riccione\/#breadcrumb\",\"itemListElement\":[{\"@type\":\"ListItem\",\"position\":1,\"name\":\"Home\",\"item\":\"https:\/\/hotelrexriccione.clienti4.editatest.com\/de\/\"},{\"@type\":\"ListItem\",\"position\":2,\"name\":\"Golf\"}]}]}<\/script>\n<!-- \/ Yoast SEO plugin. -->","yoast_head_json":{"title":"Hotel Riccione Sport - Sport Urlaub in Riccione | Hotel Rex Riccione","robots":{"index":"noindex","follow":"follow","max-snippet":"max-snippet:-1","max-image-preview":"max-image-preview:large","max-video-preview":"max-video-preview:-1"},"og_locale":"de_DE","og_type":"article","og_title":"Hotel Riccione Sport - Sport Urlaub in Riccione | Hotel Rex Riccione","og_description":"RIVIERA GOLF CLUB S. Giovanni in Marignano (RN) Golf im Zentrum. Ein Feld von 18 L\u00f6chern gezeichnet con Luigi Rota Caremoli. Hier die wichtigsten Punkte des Riviera Golf Club: das l\u00e4ngste Loch von Italien, eine Golfschule die Sie in diesen [..]","og_url":"https:\/\/hotelrexriccione.clienti4.editatest.com\/de\/hotel-golf-riccione\/","og_site_name":"Hotel Rex","article_modified_time":"2017-02-02T15:29:41+00:00","twitter_card":"summary","twitter_misc":{"Gesch\u00e4tzte Lesezeit":"1\u00a0Minute"},"schema":{"@context":"https:\/\/schema.org","@graph":[{"@type":"WebSite","@id":"https:\/\/hotelrexriccione.clienti4.editatest.com\/#website","url":"https:\/\/hotelrexriccione.clienti4.editatest.com\/","name":"Hotel Rex","description":"","potentialAction":[{"@type":"SearchAction","target":{"@type":"EntryPoint","urlTemplate":"https:\/\/hotelrexriccione.clienti4.editatest.com\/?s={search_term_string}"},"query-input":"required name=search_term_string"}],"inLanguage":"de"},{"@type":"WebPage","@id":"https:\/\/hotelrexriccione.clienti4.editatest.com\/de\/hotel-golf-riccione\/#webpage","url":"https:\/\/hotelrexriccione.clienti4.editatest.com\/de\/hotel-golf-riccione\/","name":"Hotel Riccione Sport - Sport Urlaub in Riccione | Hotel Rex Riccione","isPartOf":{"@id":"https:\/\/hotelrexriccione.clienti4.editatest.com\/#website"},"datePublished":"2016-02-29T16:52:02+00:00","dateModified":"2017-02-02T15:29:41+00:00","breadcrumb":{"@id":"https:\/\/hotelrexriccione.clienti4.editatest.com\/de\/hotel-golf-riccione\/#breadcrumb"},"inLanguage":"de","potentialAction":[{"@type":"ReadAction","target":["https:\/\/hotelrexriccione.clienti4.editatest.com\/de\/hotel-golf-riccione\/"]}]},{"@type":"BreadcrumbList","@id":"https:\/\/hotelrexriccione.clienti4.editatest.com\/de\/hotel-golf-riccione\/#breadcrumb","itemListElement":[{"@type":"ListItem","position":1,"name":"Home","item":"https:\/\/hotelrexriccione.clienti4.editatest.com\/de\/"},{"@type":"ListItem","position":2,"name":"Golf"}]}]}},"_links":{"self":[{"href":"https:\/\/hotelrexriccione.clienti4.editatest.com\/de\/wp-json\/wp\/v2\/pages\/526"}],"collection":[{"href":"https:\/\/hotelrexriccione.clienti4.editatest.com\/de\/wp-json\/wp\/v2\/pages"}],"about":[{"href":"https:\/\/hotelrexriccione.clienti4.editatest.com\/de\/wp-json\/wp\/v2\/types\/page"}],"author":[{"embeddable":true,"href":"https:\/\/hotelrexriccione.clienti4.editatest.com\/de\/wp-json\/wp\/v2\/users\/5"}],"replies":[{"embeddable":true,"href":"https:\/\/hotelrexriccione.clienti4.editatest.com\/de\/wp-json\/wp\/v2\/comments?post=526"}],"version-history":[{"count":0,"href":"https:\/\/hotelrexriccione.clienti4.editatest.com\/de\/wp-json\/wp\/v2\/pages\/526\/revisions"}],"wp:attachment":[{"href":"https:\/\/hotelrexriccione.clienti4.editatest.com\/de\/wp-json\/wp\/v2\/media?parent=526"}],"curies":[{"name":"wp","href":"https:\/\/api.w.org\/{rel}","templated":true}]}}