{"id":500,"date":"2014-04-30T11:31:57","date_gmt":"2014-04-30T09:31:57","guid":{"rendered":"https:\/\/hotelrexriccione.clienti4.editatest.com\/de\/offerte-hotel-riccione\/"},"modified":"2016-04-11T17:49:19","modified_gmt":"2016-04-11T15:49:19","slug":"angebote-hotel-riccione","status":"publish","type":"page","link":"https:\/\/hotelrexriccione.clienti4.editatest.com\/de\/angebote-hotel-riccione\/","title":{"rendered":"Alle Angebote"},"content":{"rendered":"<h3>Hier ist f\u00fcr Sie eine Auswahl unserer besten Angebote f\u00fcr Ihren Urlaub in Riccione.<\/h3>\n<p>W\u00e4hlen Sie das Hotel Rex f\u00fcr Ihren Aufenthalt in Riccione. Entdecken Sie unter unseren speziellen Angeboten und wenn Sie nicht das passende Angebot f\u00fcr Sie finden k\u00f6nnen, dann rufen Sie uns an oder senden Sie uns eine Angebotsanfrage, werden Sie sehen, dass wir die beste L\u00f6sung f\u00fcr Ihre Reise zum besten Preis zu finden.<\/p>\n","protected":false},"excerpt":{"rendered":"<p>Hier ist f\u00fcr Sie eine Auswahl unserer besten Angebote f\u00fcr Ihren Urlaub in Riccione. W\u00e4hlen Sie das Hotel Rex f\u00fcr Ihren Aufenthalt in Riccione. Entdecken Sie unter unseren speziellen Angeboten und wenn Sie nicht das passende Angebot f\u00fcr Sie finden [..]<\/p>\n","protected":false},"author":5,"featured_media":0,"parent":0,"menu_order":0,"comment_status":"closed","ping_status":"closed","template":"template.offerte.php","meta":[],"acf":[],"yoast_head":"<!-- This site is optimized with the Yoast SEO plugin v18.4.1 - https:\/\/yoast.com\/wordpress\/plugins\/seo\/ -->\n<title>Alle Angebote | Hotel Rex<\/title>\n<meta name=\"robots\" content=\"noindex, follow, max-snippet:-1, max-image-preview:large, max-video-preview:-1\" \/>\n<meta property=\"og:locale\" content=\"de_DE\" \/>\n<meta property=\"og:type\" content=\"article\" \/>\n<meta property=\"og:title\" content=\"Alle Angebote | Hotel Rex\" \/>\n<meta property=\"og:description\" content=\"Hier ist f\u00fcr Sie eine Auswahl unserer besten Angebote f\u00fcr Ihren Urlaub in Riccione. W\u00e4hlen Sie das Hotel Rex f\u00fcr Ihren Aufenthalt in Riccione. Entdecken Sie unter unseren speziellen Angeboten und wenn Sie nicht das passende Angebot f\u00fcr Sie finden [..]\" \/>\n<meta property=\"og:url\" content=\"https:\/\/hotelrexriccione.clienti4.editatest.com\/de\/angebote-hotel-riccione\/\" \/>\n<meta property=\"og:site_name\" content=\"Hotel Rex\" \/>\n<meta property=\"article:modified_time\" content=\"2016-04-11T15:49:19+00:00\" \/>\n<meta name=\"twitter:card\" content=\"summary\" \/>\n<script type=\"application\/ld+json\" class=\"yoast-schema-graph\">{\"@context\":\"https:\/\/schema.org\",\"@graph\":[{\"@type\":\"WebSite\",\"@id\":\"https:\/\/hotelrexriccione.clienti4.editatest.com\/#website\",\"url\":\"https:\/\/hotelrexriccione.clienti4.editatest.com\/\",\"name\":\"Hotel Rex\",\"description\":\"\",\"potentialAction\":[{\"@type\":\"SearchAction\",\"target\":{\"@type\":\"EntryPoint\",\"urlTemplate\":\"https:\/\/hotelrexriccione.clienti4.editatest.com\/?s={search_term_string}\"},\"query-input\":\"required name=search_term_string\"}],\"inLanguage\":\"de\"},{\"@type\":\"WebPage\",\"@id\":\"https:\/\/hotelrexriccione.clienti4.editatest.com\/de\/angebote-hotel-riccione\/#webpage\",\"url\":\"https:\/\/hotelrexriccione.clienti4.editatest.com\/de\/angebote-hotel-riccione\/\",\"name\":\"Alle Angebote | Hotel Rex\",\"isPartOf\":{\"@id\":\"https:\/\/hotelrexriccione.clienti4.editatest.com\/#website\"},\"datePublished\":\"2014-04-30T09:31:57+00:00\",\"dateModified\":\"2016-04-11T15:49:19+00:00\",\"breadcrumb\":{\"@id\":\"https:\/\/hotelrexriccione.clienti4.editatest.com\/de\/angebote-hotel-riccione\/#breadcrumb\"},\"inLanguage\":\"de\",\"potentialAction\":[{\"@type\":\"ReadAction\",\"target\":[\"https:\/\/hotelrexriccione.clienti4.editatest.com\/de\/angebote-hotel-riccione\/\"]}]},{\"@type\":\"BreadcrumbList\",\"@id\":\"https:\/\/hotelrexriccione.clienti4.editatest.com\/de\/angebote-hotel-riccione\/#breadcrumb\",\"itemListElement\":[{\"@type\":\"ListItem\",\"position\":1,\"name\":\"Home\",\"item\":\"https:\/\/hotelrexriccione.clienti4.editatest.com\/de\/\"},{\"@type\":\"ListItem\",\"position\":2,\"name\":\"Alle Angebote\"}]}]}<\/script>\n<!-- \/ Yoast SEO plugin. -->","yoast_head_json":{"title":"Alle Angebote | Hotel Rex","robots":{"index":"noindex","follow":"follow","max-snippet":"max-snippet:-1","max-image-preview":"max-image-preview:large","max-video-preview":"max-video-preview:-1"},"og_locale":"de_DE","og_type":"article","og_title":"Alle Angebote | Hotel Rex","og_description":"Hier ist f\u00fcr Sie eine Auswahl unserer besten Angebote f\u00fcr Ihren Urlaub in Riccione. W\u00e4hlen Sie das Hotel Rex f\u00fcr Ihren Aufenthalt in Riccione. Entdecken Sie unter unseren speziellen Angeboten und wenn Sie nicht das passende Angebot f\u00fcr Sie finden [..]","og_url":"https:\/\/hotelrexriccione.clienti4.editatest.com\/de\/angebote-hotel-riccione\/","og_site_name":"Hotel Rex","article_modified_time":"2016-04-11T15:49:19+00:00","twitter_card":"summary","schema":{"@context":"https:\/\/schema.org","@graph":[{"@type":"WebSite","@id":"https:\/\/hotelrexriccione.clienti4.editatest.com\/#website","url":"https:\/\/hotelrexriccione.clienti4.editatest.com\/","name":"Hotel Rex","description":"","potentialAction":[{"@type":"SearchAction","target":{"@type":"EntryPoint","urlTemplate":"https:\/\/hotelrexriccione.clienti4.editatest.com\/?s={search_term_string}"},"query-input":"required name=search_term_string"}],"inLanguage":"de"},{"@type":"WebPage","@id":"https:\/\/hotelrexriccione.clienti4.editatest.com\/de\/angebote-hotel-riccione\/#webpage","url":"https:\/\/hotelrexriccione.clienti4.editatest.com\/de\/angebote-hotel-riccione\/","name":"Alle Angebote | Hotel Rex","isPartOf":{"@id":"https:\/\/hotelrexriccione.clienti4.editatest.com\/#website"},"datePublished":"2014-04-30T09:31:57+00:00","dateModified":"2016-04-11T15:49:19+00:00","breadcrumb":{"@id":"https:\/\/hotelrexriccione.clienti4.editatest.com\/de\/angebote-hotel-riccione\/#breadcrumb"},"inLanguage":"de","potentialAction":[{"@type":"ReadAction","target":["https:\/\/hotelrexriccione.clienti4.editatest.com\/de\/angebote-hotel-riccione\/"]}]},{"@type":"BreadcrumbList","@id":"https:\/\/hotelrexriccione.clienti4.editatest.com\/de\/angebote-hotel-riccione\/#breadcrumb","itemListElement":[{"@type":"ListItem","position":1,"name":"Home","item":"https:\/\/hotelrexriccione.clienti4.editatest.com\/de\/"},{"@type":"ListItem","position":2,"name":"Alle Angebote"}]}]}},"_links":{"self":[{"href":"https:\/\/hotelrexriccione.clienti4.editatest.com\/de\/wp-json\/wp\/v2\/pages\/500"}],"collection":[{"href":"https:\/\/hotelrexriccione.clienti4.editatest.com\/de\/wp-json\/wp\/v2\/pages"}],"about":[{"href":"https:\/\/hotelrexriccione.clienti4.editatest.com\/de\/wp-json\/wp\/v2\/types\/page"}],"author":[{"embeddable":true,"href":"https:\/\/hotelrexriccione.clienti4.editatest.com\/de\/wp-json\/wp\/v2\/users\/5"}],"replies":[{"embeddable":true,"href":"https:\/\/hotelrexriccione.clienti4.editatest.com\/de\/wp-json\/wp\/v2\/comments?post=500"}],"version-history":[{"count":0,"href":"https:\/\/hotelrexriccione.clienti4.editatest.com\/de\/wp-json\/wp\/v2\/pages\/500\/revisions"}],"wp:attachment":[{"href":"https:\/\/hotelrexriccione.clienti4.editatest.com\/de\/wp-json\/wp\/v2\/media?parent=500"}],"curies":[{"name":"wp","href":"https:\/\/api.w.org\/{rel}","templated":true}]}}