{"id":455,"date":"2016-02-29T11:39:41","date_gmt":"2016-02-29T10:39:41","guid":{"rendered":"https:\/\/hotelrexriccione.clienti4.editatest.com\/de\/riccione-e-dintorni-non-solo-mare\/"},"modified":"2016-04-13T10:51:47","modified_gmt":"2016-04-13T08:51:47","slug":"riccione-ist-nicht-nur-meer","status":"publish","type":"page","link":"https:\/\/hotelrexriccione.clienti4.editatest.com\/de\/riccione-ist-nicht-nur-meer\/","title":{"rendered":"Riccione&#8230; ist nicht nur Meer"},"content":{"rendered":"<h3>Unterhaltung, Gastfreundschaft und Tradition<\/h3>\n<p>Feiner Sand, hei\u00dfe Sonne, moderne Badezonen, Hotels und Sportanlagen, typisch lokale K\u00fcche, Veranstaltungen, Einkaufsstrassen und noch viel mehr zum Vergn\u00fcgen, das sind die Zutaten f\u00fcr einen unvergesslichen Urlaub in Riccione. Unser Strand ist super ausgestattet damit man die Sonne in totalem Relax genie\u00dfen kann. Sport betreiben unter freiem Himmel, abgeschlossene Kinderspielzonen am Strand damit sich auch die Eltern erholen k\u00f6nnen, uns es gibt unz\u00e4hlige M\u00f6glichkeiten zum Shopping. Sie k\u00f6nnen auf einen freundlichen Empfang und Organisation z\u00e4hlen denn das ist seit Jahrzehnten die Basis und die Philosophie und noch viel mehr machen aus Riccione den Mittelpunkt des Tourismus und der Unterhaltung an der romagnolischen Riviera.<\/p>\n<p><span style=\"font-size: 14pt;\"><strong>Man kommt gerne in die Romagna&#8230;<\/strong><\/span><br \/>\n&#8230;Man kommt gerne in die Romagna denn nur hier findet man eine einzigartige Gastfreundlichkeit. Bei den Bewohner dieser Region mit den Erz\u00e4hlungen und der Geschichte der Vergangenheit sowie Wei\u00dfheiten und richtig gesunden Humor kann man hier noch finden. Mann kommt gerne in die Romagna weil das Essen hier vorz\u00fcglich schmeckt und man trinkt auch sehr guten Wein, man wird mit Herzlichkeit und W\u00e4rme empfangen, es gibt etwas zu sehen und zum angreifen, Geschichte und Ger\u00e4usche zum h\u00f6ren, Ger\u00fcche und D\u00fcfte zum riechen und Spezialit\u00e4ten zum probieren.<\/p>\n<p><strong><span style=\"font-size: 18pt;\">St\u00e4dte besuchen:<\/span><\/strong><\/p>\n<table style=\"height: 222px;\" width=\"562\">\n<tbody>\n<tr>\n<td>\n<ul>\n<li>Brisighella<\/li>\n<li>Casteldelci<\/li>\n<li>Gemmano<\/li>\n<li>San Leo<\/li>\n<li>Santarcangelo<\/li>\n<li>Verucchio<\/li>\n<li>Faenza<\/li>\n<li>Montebello<\/li>\n<li>Montefiore<\/li>\n<li>Montegridolfo<\/li>\n<\/ul>\n<\/td>\n<td>\n<ul>\n<li>Sant&#8217;Agata Feltria<\/li>\n<li>Novafeltria<\/li>\n<li>Pennabilli<\/li>\n<li>Predappio<\/li>\n<li>Gradara<\/li>\n<li>Saludecio<\/li>\n<li>San Marino<\/li>\n<li>Valconca<\/li>\n<li>Urbino<\/li>\n<li>Talamello<\/li>\n<li>Torriana<\/li>\n<\/ul>\n<\/td>\n<\/tr>\n<\/tbody>\n<\/table>\n","protected":false},"excerpt":{"rendered":"<p>Unterhaltung, Gastfreundschaft und Tradition Feiner Sand, hei\u00dfe Sonne, moderne Badezonen, Hotels und Sportanlagen, typisch lokale K\u00fcche, Veranstaltungen, Einkaufsstrassen und noch viel mehr zum Vergn\u00fcgen, das sind die Zutaten f\u00fcr einen unvergesslichen Urlaub in Riccione. Unser Strand ist super ausgestattet damit [..]<\/p>\n","protected":false},"author":5,"featured_media":0,"parent":0,"menu_order":0,"comment_status":"closed","ping_status":"closed","template":"","meta":[],"acf":[],"yoast_head":"<!-- This site is optimized with the Yoast SEO plugin v18.4.1 - https:\/\/yoast.com\/wordpress\/plugins\/seo\/ -->\n<title>Viale Ceccarini Riccione - Riccione Urlaub - Drei-Sterne-Hotel direkt am Meer Riccione | Hotel Rex Riccione<\/title>\n<meta name=\"robots\" content=\"noindex, follow, max-snippet:-1, max-image-preview:large, max-video-preview:-1\" \/>\n<meta property=\"og:locale\" content=\"de_DE\" \/>\n<meta property=\"og:type\" content=\"article\" \/>\n<meta property=\"og:title\" content=\"Viale Ceccarini Riccione - Riccione Urlaub - Drei-Sterne-Hotel direkt am Meer Riccione | Hotel Rex Riccione\" \/>\n<meta property=\"og:description\" content=\"Unterhaltung, Gastfreundschaft und Tradition Feiner Sand, hei\u00dfe Sonne, moderne Badezonen, Hotels und Sportanlagen, typisch lokale K\u00fcche, Veranstaltungen, Einkaufsstrassen und noch viel mehr zum Vergn\u00fcgen, das sind die Zutaten f\u00fcr einen unvergesslichen Urlaub in Riccione. Unser Strand ist super ausgestattet damit [..]\" \/>\n<meta property=\"og:url\" content=\"https:\/\/hotelrexriccione.clienti4.editatest.com\/de\/riccione-ist-nicht-nur-meer\/\" \/>\n<meta property=\"og:site_name\" content=\"Hotel Rex\" \/>\n<meta property=\"article:modified_time\" content=\"2016-04-13T08:51:47+00:00\" \/>\n<meta name=\"twitter:card\" content=\"summary\" \/>\n<meta name=\"twitter:label1\" content=\"Gesch\u00e4tzte Lesezeit\" \/>\n\t<meta name=\"twitter:data1\" content=\"1\u00a0Minute\" \/>\n<script type=\"application\/ld+json\" class=\"yoast-schema-graph\">{\"@context\":\"https:\/\/schema.org\",\"@graph\":[{\"@type\":\"WebSite\",\"@id\":\"https:\/\/hotelrexriccione.clienti4.editatest.com\/#website\",\"url\":\"https:\/\/hotelrexriccione.clienti4.editatest.com\/\",\"name\":\"Hotel Rex\",\"description\":\"\",\"potentialAction\":[{\"@type\":\"SearchAction\",\"target\":{\"@type\":\"EntryPoint\",\"urlTemplate\":\"https:\/\/hotelrexriccione.clienti4.editatest.com\/?s={search_term_string}\"},\"query-input\":\"required name=search_term_string\"}],\"inLanguage\":\"de\"},{\"@type\":\"WebPage\",\"@id\":\"https:\/\/hotelrexriccione.clienti4.editatest.com\/de\/riccione-ist-nicht-nur-meer\/#webpage\",\"url\":\"https:\/\/hotelrexriccione.clienti4.editatest.com\/de\/riccione-ist-nicht-nur-meer\/\",\"name\":\"Viale Ceccarini Riccione - Riccione Urlaub - Drei-Sterne-Hotel direkt am Meer Riccione | Hotel Rex Riccione\",\"isPartOf\":{\"@id\":\"https:\/\/hotelrexriccione.clienti4.editatest.com\/#website\"},\"datePublished\":\"2016-02-29T10:39:41+00:00\",\"dateModified\":\"2016-04-13T08:51:47+00:00\",\"breadcrumb\":{\"@id\":\"https:\/\/hotelrexriccione.clienti4.editatest.com\/de\/riccione-ist-nicht-nur-meer\/#breadcrumb\"},\"inLanguage\":\"de\",\"potentialAction\":[{\"@type\":\"ReadAction\",\"target\":[\"https:\/\/hotelrexriccione.clienti4.editatest.com\/de\/riccione-ist-nicht-nur-meer\/\"]}]},{\"@type\":\"BreadcrumbList\",\"@id\":\"https:\/\/hotelrexriccione.clienti4.editatest.com\/de\/riccione-ist-nicht-nur-meer\/#breadcrumb\",\"itemListElement\":[{\"@type\":\"ListItem\",\"position\":1,\"name\":\"Home\",\"item\":\"https:\/\/hotelrexriccione.clienti4.editatest.com\/de\/\"},{\"@type\":\"ListItem\",\"position\":2,\"name\":\"Riccione&#8230; ist nicht nur Meer\"}]}]}<\/script>\n<!-- \/ Yoast SEO plugin. -->","yoast_head_json":{"title":"Viale Ceccarini Riccione - Riccione Urlaub - Drei-Sterne-Hotel direkt am Meer Riccione | Hotel Rex Riccione","robots":{"index":"noindex","follow":"follow","max-snippet":"max-snippet:-1","max-image-preview":"max-image-preview:large","max-video-preview":"max-video-preview:-1"},"og_locale":"de_DE","og_type":"article","og_title":"Viale Ceccarini Riccione - Riccione Urlaub - Drei-Sterne-Hotel direkt am Meer Riccione | Hotel Rex Riccione","og_description":"Unterhaltung, Gastfreundschaft und Tradition Feiner Sand, hei\u00dfe Sonne, moderne Badezonen, Hotels und Sportanlagen, typisch lokale K\u00fcche, Veranstaltungen, Einkaufsstrassen und noch viel mehr zum Vergn\u00fcgen, das sind die Zutaten f\u00fcr einen unvergesslichen Urlaub in Riccione. Unser Strand ist super ausgestattet damit [..]","og_url":"https:\/\/hotelrexriccione.clienti4.editatest.com\/de\/riccione-ist-nicht-nur-meer\/","og_site_name":"Hotel Rex","article_modified_time":"2016-04-13T08:51:47+00:00","twitter_card":"summary","twitter_misc":{"Gesch\u00e4tzte Lesezeit":"1\u00a0Minute"},"schema":{"@context":"https:\/\/schema.org","@graph":[{"@type":"WebSite","@id":"https:\/\/hotelrexriccione.clienti4.editatest.com\/#website","url":"https:\/\/hotelrexriccione.clienti4.editatest.com\/","name":"Hotel Rex","description":"","potentialAction":[{"@type":"SearchAction","target":{"@type":"EntryPoint","urlTemplate":"https:\/\/hotelrexriccione.clienti4.editatest.com\/?s={search_term_string}"},"query-input":"required name=search_term_string"}],"inLanguage":"de"},{"@type":"WebPage","@id":"https:\/\/hotelrexriccione.clienti4.editatest.com\/de\/riccione-ist-nicht-nur-meer\/#webpage","url":"https:\/\/hotelrexriccione.clienti4.editatest.com\/de\/riccione-ist-nicht-nur-meer\/","name":"Viale Ceccarini Riccione - Riccione Urlaub - Drei-Sterne-Hotel direkt am Meer Riccione | Hotel Rex Riccione","isPartOf":{"@id":"https:\/\/hotelrexriccione.clienti4.editatest.com\/#website"},"datePublished":"2016-02-29T10:39:41+00:00","dateModified":"2016-04-13T08:51:47+00:00","breadcrumb":{"@id":"https:\/\/hotelrexriccione.clienti4.editatest.com\/de\/riccione-ist-nicht-nur-meer\/#breadcrumb"},"inLanguage":"de","potentialAction":[{"@type":"ReadAction","target":["https:\/\/hotelrexriccione.clienti4.editatest.com\/de\/riccione-ist-nicht-nur-meer\/"]}]},{"@type":"BreadcrumbList","@id":"https:\/\/hotelrexriccione.clienti4.editatest.com\/de\/riccione-ist-nicht-nur-meer\/#breadcrumb","itemListElement":[{"@type":"ListItem","position":1,"name":"Home","item":"https:\/\/hotelrexriccione.clienti4.editatest.com\/de\/"},{"@type":"ListItem","position":2,"name":"Riccione&#8230; ist nicht nur Meer"}]}]}},"_links":{"self":[{"href":"https:\/\/hotelrexriccione.clienti4.editatest.com\/de\/wp-json\/wp\/v2\/pages\/455"}],"collection":[{"href":"https:\/\/hotelrexriccione.clienti4.editatest.com\/de\/wp-json\/wp\/v2\/pages"}],"about":[{"href":"https:\/\/hotelrexriccione.clienti4.editatest.com\/de\/wp-json\/wp\/v2\/types\/page"}],"author":[{"embeddable":true,"href":"https:\/\/hotelrexriccione.clienti4.editatest.com\/de\/wp-json\/wp\/v2\/users\/5"}],"replies":[{"embeddable":true,"href":"https:\/\/hotelrexriccione.clienti4.editatest.com\/de\/wp-json\/wp\/v2\/comments?post=455"}],"version-history":[{"count":0,"href":"https:\/\/hotelrexriccione.clienti4.editatest.com\/de\/wp-json\/wp\/v2\/pages\/455\/revisions"}],"wp:attachment":[{"href":"https:\/\/hotelrexriccione.clienti4.editatest.com\/de\/wp-json\/wp\/v2\/media?parent=455"}],"curies":[{"name":"wp","href":"https:\/\/api.w.org\/{rel}","templated":true}]}}