{"id":451,"date":"2016-02-29T16:21:41","date_gmt":"2016-02-29T15:21:41","guid":{"rendered":"https:\/\/hotelrexriccione.clienti4.editatest.com\/de\/hotel-vicino-parchi-divertimento\/"},"modified":"2022-04-19T13:02:56","modified_gmt":"2022-04-19T11:02:56","slug":"unterhaltung","status":"publish","type":"page","link":"https:\/\/hotelrexriccione.clienti4.editatest.com\/de\/unterhaltung\/","title":{"rendered":"Unterhaltung"},"content":{"rendered":"<h2>Wollt Ihr Euch vergn\u00fcgen, hier eine gro\u00dfe Auswahl an Vergn\u00fcgungsparks<\/h2>\n<p><span style=\"font-size: 18pt;\">&#8230;aber nicht \u00fcbertreiben sonst braucht Ihr noch einen Erholungsurlaub nach den Ferien in Riccione!<\/span><\/p>\n<p><strong>OLTREMARE<\/strong><br \/>\nDas ganze Jahr ge\u00f6ffnet, Oltremare ist das Resultat wo 70 Milionen Euro investiert wurden. Aquafan und das Delphinarium von Riccione besteht seit vielen Jahren. Oltremare ist ein Route reich an aufregenden Begegnungen mit der Natur. Ein neues architektonisches Projekt mit Technologie, amerikanischer Erfahrung in Shows und Auff\u00fchrungen und mit italienischer Kreativit\u00e4t<\/p>\n<p><strong>AQUAFAN<\/strong><br \/>\nEr ist nicht nur ein Wasserpark , aber vieles mehr: er hat 15 Jahre aber immer noch wie Peter Pan. Gegr\u00fcndet 1987 ein Mittelpunkt auch f\u00fcr Mode und Tendenz RICCIONE-AQUAFAN ist wirklich etwas sehr gelungenes. In Zusammenarbeit mit Radio DEE Jay und die &#8222;notte&#8220; sowie die Diskothek &#8222;Walky Cup&#8220; unter der Direktion von Linus, machen aus Aquafan einen lebenden Park: ein Leben wie das Deine!<\/p>\n<p><strong>ITALIA IN MINIATURA<\/strong><br \/>\nAuch in diesem Jahr bietet der bekannte und originelle Park mehr Service sowie zahlreiche weitere Gelegenheiten. Wir m\u00f6chten Sie auf die enthusiastische Suche dem Schatz zwischen Monumenten, Bergen, Arenen und Pl\u00e4tzen aufmerksam machen. Dieses Abenteuer d\u00fcrfen Sie nicht vers\u00e4umen! Um Weiteres zu erfahren, besuchen Sie die home-page.<\/p>\n<p><strong>MIRABILANDIA<\/strong><br \/>\nEin &#8222;Spielparadies&#8220; an der adriatischen Riviera. Eines der gr\u00f6\u00dften Vergn\u00fcgungsparks Europas; 1.600.000 Besucher in der letzten Saison. Technologie, Fantasie und 37 geniale Attraktionen geben das Leben dem Park. Auf 70 ha Gr\u00fcnfl\u00e4che und in 6 verschieden \u201eWelten\u201c kann man aufregende Abenteuer erleben.<\/p>\n<p><strong>FIABILANDIA<\/strong><br \/>\nAuch dieses Jahr ist Fiabilandia erneuert worden. Au\u00dfer den vielen Neuheiten gibt es nun auch einen Safari Park mit verschieden und ausgefallenen Tieren um ein exotisches Abenteuer zu erleben. Es gibt auch einen &#8222;Garten der vergessenen Fr\u00fcchte&#8220; und ein Bauernhaus mit Stallungen f\u00fcr den Genuss der Natur.<\/p>\n<p><strong>AQUARIUM VON CATTOLICA<\/strong><br \/>\nEin neues System um das Meer, seine Bewohner und die Geschichte kennen zu lernen. Ein fabelhaftes Abenteuer vom Meer bis zu unserer Erde. Unterhaltung und Spiele in diesem thematischen Park. Steig ein und fahr in das Zentrum des Meeresleben und Wissens.<\/p>\n<p><span style=\"font-size: 18pt;\">F\u00fcr die Liebhaber des Meeres und Boote&#8230;<\/span><\/p>\n<h2>GRATIS SEGELSCHIFFAUSFLUG!<\/h2>\n<p>Wenn man die Hitze nicht mehr aush\u00e4lt und es wird feucht und schw\u00fcl, was gibt es da nichts sch\u00f6neres als einen Segelschiffsausflug mit einer k\u00fchlen Brise Wind.<br \/>\nDer Kapit\u00e4n Maurizio ein fanatischer Meereswolf verbringt den Winter um seine &#8222;Azzurra&#8220; zu restaurieren damit sie jedes Jahr komfortabler wird. In wenigen Minuten verlassen Sie den so lebendigen Strand um in s\u00fc\u00dfer Ruhe in der Atmosph\u00e4re der Adria mit leiser Musik auf den Wellen dahinzuschweben. Ein unvergessliches Erlebnis.<\/p>\n","protected":false},"excerpt":{"rendered":"<p>Wollt Ihr Euch vergn\u00fcgen, hier eine gro\u00dfe Auswahl an Vergn\u00fcgungsparks &#8230;aber nicht \u00fcbertreiben sonst braucht Ihr noch einen Erholungsurlaub nach den Ferien in Riccione! OLTREMARE Das ganze Jahr ge\u00f6ffnet, Oltremare ist das Resultat wo 70 Milionen Euro investiert wurden. Aquafan [..]<\/p>\n","protected":false},"author":5,"featured_media":0,"parent":0,"menu_order":0,"comment_status":"closed","ping_status":"closed","template":"","meta":[],"acf":[],"yoast_head":"<!-- This site is optimized with the Yoast SEO plugin v18.4.1 - https:\/\/yoast.com\/wordpress\/plugins\/seo\/ -->\n<title>Vergn\u00fcgungsparks Riccione | Hotel Rex Riccione<\/title>\n<meta name=\"robots\" content=\"noindex, follow, max-snippet:-1, max-image-preview:large, max-video-preview:-1\" \/>\n<meta property=\"og:locale\" content=\"de_DE\" \/>\n<meta property=\"og:type\" content=\"article\" \/>\n<meta property=\"og:title\" content=\"Vergn\u00fcgungsparks Riccione | Hotel Rex Riccione\" \/>\n<meta property=\"og:description\" content=\"Wollt Ihr Euch vergn\u00fcgen, hier eine gro\u00dfe Auswahl an Vergn\u00fcgungsparks &#8230;aber nicht \u00fcbertreiben sonst braucht Ihr noch einen Erholungsurlaub nach den Ferien in Riccione! OLTREMARE Das ganze Jahr ge\u00f6ffnet, Oltremare ist das Resultat wo 70 Milionen Euro investiert wurden. Aquafan [..]\" \/>\n<meta property=\"og:url\" content=\"https:\/\/hotelrexriccione.clienti4.editatest.com\/de\/unterhaltung\/\" \/>\n<meta property=\"og:site_name\" content=\"Hotel Rex\" \/>\n<meta property=\"article:modified_time\" content=\"2022-04-19T11:02:56+00:00\" \/>\n<meta name=\"twitter:card\" content=\"summary\" \/>\n<meta name=\"twitter:label1\" content=\"Gesch\u00e4tzte Lesezeit\" \/>\n\t<meta name=\"twitter:data1\" content=\"2\u00a0Minuten\" \/>\n<script type=\"application\/ld+json\" class=\"yoast-schema-graph\">{\"@context\":\"https:\/\/schema.org\",\"@graph\":[{\"@type\":\"WebSite\",\"@id\":\"https:\/\/hotelrexriccione.clienti4.editatest.com\/#website\",\"url\":\"https:\/\/hotelrexriccione.clienti4.editatest.com\/\",\"name\":\"Hotel Rex\",\"description\":\"\",\"potentialAction\":[{\"@type\":\"SearchAction\",\"target\":{\"@type\":\"EntryPoint\",\"urlTemplate\":\"https:\/\/hotelrexriccione.clienti4.editatest.com\/?s={search_term_string}\"},\"query-input\":\"required name=search_term_string\"}],\"inLanguage\":\"de\"},{\"@type\":\"WebPage\",\"@id\":\"https:\/\/hotelrexriccione.clienti4.editatest.com\/de\/unterhaltung\/#webpage\",\"url\":\"https:\/\/hotelrexriccione.clienti4.editatest.com\/de\/unterhaltung\/\",\"name\":\"Vergn\u00fcgungsparks Riccione | Hotel Rex Riccione\",\"isPartOf\":{\"@id\":\"https:\/\/hotelrexriccione.clienti4.editatest.com\/#website\"},\"datePublished\":\"2016-02-29T15:21:41+00:00\",\"dateModified\":\"2022-04-19T11:02:56+00:00\",\"breadcrumb\":{\"@id\":\"https:\/\/hotelrexriccione.clienti4.editatest.com\/de\/unterhaltung\/#breadcrumb\"},\"inLanguage\":\"de\",\"potentialAction\":[{\"@type\":\"ReadAction\",\"target\":[\"https:\/\/hotelrexriccione.clienti4.editatest.com\/de\/unterhaltung\/\"]}]},{\"@type\":\"BreadcrumbList\",\"@id\":\"https:\/\/hotelrexriccione.clienti4.editatest.com\/de\/unterhaltung\/#breadcrumb\",\"itemListElement\":[{\"@type\":\"ListItem\",\"position\":1,\"name\":\"Home\",\"item\":\"https:\/\/hotelrexriccione.clienti4.editatest.com\/de\/\"},{\"@type\":\"ListItem\",\"position\":2,\"name\":\"Unterhaltung\"}]}]}<\/script>\n<!-- \/ Yoast SEO plugin. -->","yoast_head_json":{"title":"Vergn\u00fcgungsparks Riccione | Hotel Rex Riccione","robots":{"index":"noindex","follow":"follow","max-snippet":"max-snippet:-1","max-image-preview":"max-image-preview:large","max-video-preview":"max-video-preview:-1"},"og_locale":"de_DE","og_type":"article","og_title":"Vergn\u00fcgungsparks Riccione | Hotel Rex Riccione","og_description":"Wollt Ihr Euch vergn\u00fcgen, hier eine gro\u00dfe Auswahl an Vergn\u00fcgungsparks &#8230;aber nicht \u00fcbertreiben sonst braucht Ihr noch einen Erholungsurlaub nach den Ferien in Riccione! OLTREMARE Das ganze Jahr ge\u00f6ffnet, Oltremare ist das Resultat wo 70 Milionen Euro investiert wurden. Aquafan [..]","og_url":"https:\/\/hotelrexriccione.clienti4.editatest.com\/de\/unterhaltung\/","og_site_name":"Hotel Rex","article_modified_time":"2022-04-19T11:02:56+00:00","twitter_card":"summary","twitter_misc":{"Gesch\u00e4tzte Lesezeit":"2\u00a0Minuten"},"schema":{"@context":"https:\/\/schema.org","@graph":[{"@type":"WebSite","@id":"https:\/\/hotelrexriccione.clienti4.editatest.com\/#website","url":"https:\/\/hotelrexriccione.clienti4.editatest.com\/","name":"Hotel Rex","description":"","potentialAction":[{"@type":"SearchAction","target":{"@type":"EntryPoint","urlTemplate":"https:\/\/hotelrexriccione.clienti4.editatest.com\/?s={search_term_string}"},"query-input":"required name=search_term_string"}],"inLanguage":"de"},{"@type":"WebPage","@id":"https:\/\/hotelrexriccione.clienti4.editatest.com\/de\/unterhaltung\/#webpage","url":"https:\/\/hotelrexriccione.clienti4.editatest.com\/de\/unterhaltung\/","name":"Vergn\u00fcgungsparks Riccione | Hotel Rex Riccione","isPartOf":{"@id":"https:\/\/hotelrexriccione.clienti4.editatest.com\/#website"},"datePublished":"2016-02-29T15:21:41+00:00","dateModified":"2022-04-19T11:02:56+00:00","breadcrumb":{"@id":"https:\/\/hotelrexriccione.clienti4.editatest.com\/de\/unterhaltung\/#breadcrumb"},"inLanguage":"de","potentialAction":[{"@type":"ReadAction","target":["https:\/\/hotelrexriccione.clienti4.editatest.com\/de\/unterhaltung\/"]}]},{"@type":"BreadcrumbList","@id":"https:\/\/hotelrexriccione.clienti4.editatest.com\/de\/unterhaltung\/#breadcrumb","itemListElement":[{"@type":"ListItem","position":1,"name":"Home","item":"https:\/\/hotelrexriccione.clienti4.editatest.com\/de\/"},{"@type":"ListItem","position":2,"name":"Unterhaltung"}]}]}},"_links":{"self":[{"href":"https:\/\/hotelrexriccione.clienti4.editatest.com\/de\/wp-json\/wp\/v2\/pages\/451"}],"collection":[{"href":"https:\/\/hotelrexriccione.clienti4.editatest.com\/de\/wp-json\/wp\/v2\/pages"}],"about":[{"href":"https:\/\/hotelrexriccione.clienti4.editatest.com\/de\/wp-json\/wp\/v2\/types\/page"}],"author":[{"embeddable":true,"href":"https:\/\/hotelrexriccione.clienti4.editatest.com\/de\/wp-json\/wp\/v2\/users\/5"}],"replies":[{"embeddable":true,"href":"https:\/\/hotelrexriccione.clienti4.editatest.com\/de\/wp-json\/wp\/v2\/comments?post=451"}],"version-history":[{"count":0,"href":"https:\/\/hotelrexriccione.clienti4.editatest.com\/de\/wp-json\/wp\/v2\/pages\/451\/revisions"}],"wp:attachment":[{"href":"https:\/\/hotelrexriccione.clienti4.editatest.com\/de\/wp-json\/wp\/v2\/media?parent=451"}],"curies":[{"name":"wp","href":"https:\/\/api.w.org\/{rel}","templated":true}]}}