{"id":425,"date":"2016-02-28T23:05:56","date_gmt":"2016-02-28T22:05:56","guid":{"rendered":"https:\/\/hotelrexriccione.clienti4.editatest.com\/de\/la-storia\/"},"modified":"2016-04-11T17:24:27","modified_gmt":"2016-04-11T15:24:27","slug":"unsere-geschichte","status":"publish","type":"page","link":"https:\/\/hotelrexriccione.clienti4.editatest.com\/de\/unsere-geschichte\/","title":{"rendered":"Unsere Geschichte"},"content":{"rendered":"<p><strong>1938 &#8211; <\/strong>Gastone Vanucci, im Alter von 11 Jahren, macht seine ersten Schritte im Handel mit dem Verkauf von Ansichtskarten am Strand an die ersten Touristen die Urlaub in Riccione machen. Hier erkennt man bereits seinen Geschick als Gesch\u00e4ftsmann.<\/p>\n<p><strong>1952 &#8211; <\/strong>Die Br\u00fcder Albo und Gastone Vanucci beginnen im Hotelgewerbe mit der F\u00fchrung der Pension Giulietta bis 1955. Unter ihnen Mamma Ida, eine exzellente K\u00f6chin, einige ihrer Rezepte befinden sich heute noch in unseren Men\u00fcs.<\/p>\n<p><strong>1955 &#8211; <\/strong>Die Anregung zum Bau und die erste Skizze des \u201eRex\u201c kam mit dem Gewinn des ber\u00fchmten \u201eblauen Bandes\u201c 1933 des Transatlantic.<\/p>\n<div id='gallery-1' class='gallery galleryid-235 gallery-columns-5 gallery-size-medium'><figure class='gallery-item'>\n\t\t\t<div class='gallery-icon portrait'>\n\t\t\t\t<a href='https:\/\/hotelrexriccione.clienti4.editatest.com\/wp-content\/uploads\/2016\/02\/1938.jpg' data-size=\"450x677\"><img width=\"318\" height=\"318\" src=\"https:\/\/hotelrexriccione.clienti4.editatest.com\/wp-content\/uploads\/2016\/02\/1938-318x318.jpg\" class=\"attachment-medium size-medium\" alt=\"Hotel Riccione 3 stelle con piscina\" loading=\"lazy\" aria-describedby=\"gallery-1-1205\" srcset=\"https:\/\/hotelrexriccione.clienti4.editatest.com\/wp-content\/uploads\/2016\/02\/1938-318x318.jpg 318w, https:\/\/hotelrexriccione.clienti4.editatest.com\/wp-content\/uploads\/2016\/02\/1938-150x150.jpg 150w\" sizes=\"(max-width: 318px) 100vw, 318px\" \/><\/a>\n\t\t\t<\/div>\n\t\t\t\t<figcaption class='wp-caption-text gallery-caption' id='gallery-1-1205'>\n\t\t\t\t 1938\n\t\t\t\t<\/figcaption><\/figure><figure class='gallery-item'>\n\t\t\t<div class='gallery-icon landscape'>\n\t\t\t\t<a href='https:\/\/hotelrexriccione.clienti4.editatest.com\/wp-content\/uploads\/2016\/02\/1952.jpg' data-size=\"700x499\"><img width=\"318\" height=\"318\" src=\"https:\/\/hotelrexriccione.clienti4.editatest.com\/wp-content\/uploads\/2016\/02\/1952-318x318.jpg\" class=\"attachment-medium size-medium\" alt=\"\" loading=\"lazy\" aria-describedby=\"gallery-1-238\" srcset=\"https:\/\/hotelrexriccione.clienti4.editatest.com\/wp-content\/uploads\/2016\/02\/1952-318x318.jpg 318w, https:\/\/hotelrexriccione.clienti4.editatest.com\/wp-content\/uploads\/2016\/02\/1952-150x150.jpg 150w\" sizes=\"(max-width: 318px) 100vw, 318px\" \/><\/a>\n\t\t\t<\/div>\n\t\t\t\t<figcaption class='wp-caption-text gallery-caption' id='gallery-1-238'>\n\t\t\t\t 1952\n\t\t\t\t<\/figcaption><\/figure><figure class='gallery-item'>\n\t\t\t<div class='gallery-icon portrait'>\n\t\t\t\t<a href='https:\/\/hotelrexriccione.clienti4.editatest.com\/wp-content\/uploads\/2016\/02\/1955.jpg' data-size=\"450x758\"><img width=\"318\" height=\"318\" src=\"https:\/\/hotelrexriccione.clienti4.editatest.com\/wp-content\/uploads\/2016\/02\/1955-318x318.jpg\" class=\"attachment-medium size-medium\" alt=\"\" loading=\"lazy\" aria-describedby=\"gallery-1-239\" srcset=\"https:\/\/hotelrexriccione.clienti4.editatest.com\/wp-content\/uploads\/2016\/02\/1955-318x318.jpg 318w, https:\/\/hotelrexriccione.clienti4.editatest.com\/wp-content\/uploads\/2016\/02\/1955-150x150.jpg 150w\" sizes=\"(max-width: 318px) 100vw, 318px\" \/><\/a>\n\t\t\t<\/div>\n\t\t\t\t<figcaption class='wp-caption-text gallery-caption' id='gallery-1-239'>\n\t\t\t\t 1955\n\t\t\t\t<\/figcaption><\/figure><figure class='gallery-item'>\n\t\t\t<div class='gallery-icon landscape'>\n\t\t\t\t<a href='https:\/\/hotelrexriccione.clienti4.editatest.com\/wp-content\/uploads\/2016\/02\/1956.jpg' data-size=\"700x528\"><img width=\"318\" height=\"318\" src=\"https:\/\/hotelrexriccione.clienti4.editatest.com\/wp-content\/uploads\/2016\/02\/1956-318x318.jpg\" class=\"attachment-medium size-medium\" alt=\"\" loading=\"lazy\" aria-describedby=\"gallery-1-240\" srcset=\"https:\/\/hotelrexriccione.clienti4.editatest.com\/wp-content\/uploads\/2016\/02\/1956-318x318.jpg 318w, https:\/\/hotelrexriccione.clienti4.editatest.com\/wp-content\/uploads\/2016\/02\/1956-150x150.jpg 150w\" sizes=\"(max-width: 318px) 100vw, 318px\" \/><\/a>\n\t\t\t<\/div>\n\t\t\t\t<figcaption class='wp-caption-text gallery-caption' id='gallery-1-240'>\n\t\t\t\t 1956\n\t\t\t\t<\/figcaption><\/figure><figure class='gallery-item'>\n\t\t\t<div class='gallery-icon landscape'>\n\t\t\t\t<a href='https:\/\/hotelrexriccione.clienti4.editatest.com\/wp-content\/uploads\/2016\/02\/1958.jpg' data-size=\"700x466\"><img width=\"318\" height=\"318\" src=\"https:\/\/hotelrexriccione.clienti4.editatest.com\/wp-content\/uploads\/2016\/02\/1958-318x318.jpg\" class=\"attachment-medium size-medium\" alt=\"\" loading=\"lazy\" aria-describedby=\"gallery-1-241\" srcset=\"https:\/\/hotelrexriccione.clienti4.editatest.com\/wp-content\/uploads\/2016\/02\/1958-318x318.jpg 318w, https:\/\/hotelrexriccione.clienti4.editatest.com\/wp-content\/uploads\/2016\/02\/1958-150x150.jpg 150w\" sizes=\"(max-width: 318px) 100vw, 318px\" \/><\/a>\n\t\t\t<\/div>\n\t\t\t\t<figcaption class='wp-caption-text gallery-caption' id='gallery-1-241'>\n\t\t\t\t 1958\n\t\t\t\t<\/figcaption><\/figure>\n\t\t<\/div>\n\n<p><strong>1956<\/strong> <strong>&#8211;<\/strong> Die Br\u00fcder Vanucci bauen das Hotel Rex.<\/p>\n<p><strong>1958 &#8211;<\/strong> Ihr seit zu viele! Das Hotel wird umgebaut und um zwei Stockwerke vergr\u00f6\u00dfert. Die Mannschaft des Rex.<\/p>\n<p><strong>1960 &#8211;<\/strong> Sicherheit \u00fcberall.<\/p>\n<p><strong>1971 &#8211;<\/strong> Sogar Schwimmreifen auf jedem Balkon!<\/p>\n<div id='gallery-2' class='gallery galleryid-235 gallery-columns-5 gallery-size-medium'><figure class='gallery-item'>\n\t\t\t<div class='gallery-icon portrait'>\n\t\t\t\t<a href='https:\/\/hotelrexriccione.clienti4.editatest.com\/wp-content\/uploads\/2016\/02\/1960-ok.jpg' data-size=\"207x210\"><img width=\"207\" height=\"210\" src=\"https:\/\/hotelrexriccione.clienti4.editatest.com\/wp-content\/uploads\/2016\/02\/1960-ok.jpg\" class=\"attachment-medium size-medium\" alt=\"\" loading=\"lazy\" aria-describedby=\"gallery-2-248\" \/><\/a>\n\t\t\t<\/div>\n\t\t\t\t<figcaption class='wp-caption-text gallery-caption' id='gallery-2-248'>\n\t\t\t\t 1960\n\t\t\t\t<\/figcaption><\/figure><figure class='gallery-item'>\n\t\t\t<div class='gallery-icon landscape'>\n\t\t\t\t<a href='https:\/\/hotelrexriccione.clienti4.editatest.com\/wp-content\/uploads\/2016\/02\/1971.jpg' data-size=\"700x492\"><img width=\"318\" height=\"318\" src=\"https:\/\/hotelrexriccione.clienti4.editatest.com\/wp-content\/uploads\/2016\/02\/1971-318x318.jpg\" class=\"attachment-medium size-medium\" alt=\"Hotel Rex Riccione Storia\" loading=\"lazy\" aria-describedby=\"gallery-2-1211\" srcset=\"https:\/\/hotelrexriccione.clienti4.editatest.com\/wp-content\/uploads\/2016\/02\/1971-318x318.jpg 318w, https:\/\/hotelrexriccione.clienti4.editatest.com\/wp-content\/uploads\/2016\/02\/1971-150x150.jpg 150w\" sizes=\"(max-width: 318px) 100vw, 318px\" \/><\/a>\n\t\t\t<\/div>\n\t\t\t\t<figcaption class='wp-caption-text gallery-caption' id='gallery-2-1211'>\n\t\t\t\t 1971\n\t\t\t\t<\/figcaption><\/figure><figure class='gallery-item'>\n\t\t\t<div class='gallery-icon landscape'>\n\t\t\t\t<a href='https:\/\/hotelrexriccione.clienti4.editatest.com\/wp-content\/uploads\/2016\/02\/1978.jpg' data-size=\"700x483\"><img width=\"318\" height=\"318\" src=\"https:\/\/hotelrexriccione.clienti4.editatest.com\/wp-content\/uploads\/2016\/02\/1978-318x318.jpg\" class=\"attachment-medium size-medium\" alt=\"Hotel Rex Riccione Storia\" loading=\"lazy\" aria-describedby=\"gallery-2-1208\" srcset=\"https:\/\/hotelrexriccione.clienti4.editatest.com\/wp-content\/uploads\/2016\/02\/1978-318x318.jpg 318w, https:\/\/hotelrexriccione.clienti4.editatest.com\/wp-content\/uploads\/2016\/02\/1978-150x150.jpg 150w\" sizes=\"(max-width: 318px) 100vw, 318px\" \/><\/a>\n\t\t\t<\/div>\n\t\t\t\t<figcaption class='wp-caption-text gallery-caption' id='gallery-2-1208'>\n\t\t\t\t 1978\n\t\t\t\t<\/figcaption><\/figure><figure class='gallery-item'>\n\t\t\t<div class='gallery-icon portrait'>\n\t\t\t\t<a href='https:\/\/hotelrexriccione.clienti4.editatest.com\/wp-content\/uploads\/2016\/02\/1981.jpg' data-size=\"450x601\"><img width=\"318\" height=\"318\" src=\"https:\/\/hotelrexriccione.clienti4.editatest.com\/wp-content\/uploads\/2016\/02\/1981-318x318.jpg\" class=\"attachment-medium size-medium\" alt=\"Hotel Rex Riccione sulla spiaggia\" loading=\"lazy\" aria-describedby=\"gallery-2-1214\" srcset=\"https:\/\/hotelrexriccione.clienti4.editatest.com\/wp-content\/uploads\/2016\/02\/1981-318x318.jpg 318w, https:\/\/hotelrexriccione.clienti4.editatest.com\/wp-content\/uploads\/2016\/02\/1981-150x150.jpg 150w\" sizes=\"(max-width: 318px) 100vw, 318px\" \/><\/a>\n\t\t\t<\/div>\n\t\t\t\t<figcaption class='wp-caption-text gallery-caption' id='gallery-2-1214'>\n\t\t\t\t 1981\n\t\t\t\t<\/figcaption><\/figure><figure class='gallery-item'>\n\t\t\t<div class='gallery-icon portrait'>\n\t\t\t\t<a href='https:\/\/hotelrexriccione.clienti4.editatest.com\/wp-content\/uploads\/2016\/02\/2011.jpg' data-size=\"497x600\"><img width=\"318\" height=\"318\" src=\"https:\/\/hotelrexriccione.clienti4.editatest.com\/wp-content\/uploads\/2016\/02\/2011-318x318.jpg\" class=\"attachment-medium size-medium\" alt=\"\" loading=\"lazy\" aria-describedby=\"gallery-2-247\" srcset=\"https:\/\/hotelrexriccione.clienti4.editatest.com\/wp-content\/uploads\/2016\/02\/2011-318x318.jpg 318w, https:\/\/hotelrexriccione.clienti4.editatest.com\/wp-content\/uploads\/2016\/02\/2011-150x150.jpg 150w\" sizes=\"(max-width: 318px) 100vw, 318px\" \/><\/a>\n\t\t\t<\/div>\n\t\t\t\t<figcaption class='wp-caption-text gallery-caption' id='gallery-2-247'>\n\t\t\t\t 2011\n\t\t\t\t<\/figcaption><\/figure>\n\t\t<\/div>\n\n<p><strong>1978 &#8211;<\/strong> Wir werden noch gr\u00f6\u00dfer: es erhebt sich der vierte Stock.<\/p>\n<p><strong>1981 &#8211;<\/strong> Betr\u00e4chtliche Restauration.<\/p>\n<p><strong>2011 &#8211;<\/strong> Neue Suiten und Zimmer im Attico Dachgeschoss.<\/p>\n<p><strong>2015 &#8211;<\/strong> Presentation des Buches REX von Giulio Massobrio (Gewinner des Preises Bancarella).<\/p>\n<p><strong>2016 &#8211;<\/strong> Mehr Platz im Freien, Fr\u00fchst\u00fcck und Aperitiv an der Sonne.<\/p>\n<p><strong><img loading=\"lazy\" class=\"size-medium wp-image-249 alignleft\" src=\"https:\/\/hotelrexriccione.clienti4.editatest.com\/wp-content\/uploads\/2016\/02\/2003-1-318x318.jpg\" alt=\"2003\" width=\"318\" height=\"318\" srcset=\"https:\/\/hotelrexriccione.clienti4.editatest.com\/wp-content\/uploads\/2016\/02\/2003-1-318x318.jpg 318w, https:\/\/hotelrexriccione.clienti4.editatest.com\/wp-content\/uploads\/2016\/02\/2003-1-150x150.jpg 150w\" sizes=\"(max-width: 318px) 100vw, 318px\" \/>Das Steuerrad des Rex heute<\/strong> &#8211; Im Sommer 2003 wird endg\u00fcltig das Steuerrad an Franco und Maurizio, die seit jeher im Rex eingeschifft sind, vom Vater Gastone \u00fcbergeben, der bereits den richtigen Kurs gezeichnet hat. F\u00fcr ihn waren immer Tradition, Gastfreundschaft und Erneuerungen die wichtigsten Zutaten um &#8222;Tourismus zu machen&#8220;.<\/p>\n","protected":false},"excerpt":{"rendered":"<p>1938 &#8211; Gastone Vanucci, im Alter von 11 Jahren, macht seine ersten Schritte im Handel mit dem Verkauf von Ansichtskarten am Strand an die ersten Touristen die Urlaub in Riccione machen. Hier erkennt man bereits seinen Geschick als Gesch\u00e4ftsmann. 1952 [..]<\/p>\n","protected":false},"author":5,"featured_media":0,"parent":0,"menu_order":0,"comment_status":"closed","ping_status":"closed","template":"","meta":[],"acf":[],"yoast_head":"<!-- This site is optimized with the Yoast SEO plugin v18.4.1 - https:\/\/yoast.com\/wordpress\/plugins\/seo\/ -->\n<title>3 Sterne Hotel in der N\u00e4he von Viale Ceccarini | Hotel Rex Riccione<\/title>\n<meta name=\"robots\" content=\"noindex, follow, max-snippet:-1, max-image-preview:large, max-video-preview:-1\" \/>\n<meta property=\"og:locale\" content=\"de_DE\" \/>\n<meta property=\"og:type\" content=\"article\" \/>\n<meta property=\"og:title\" content=\"3 Sterne Hotel in der N\u00e4he von Viale Ceccarini | Hotel Rex Riccione\" \/>\n<meta property=\"og:description\" content=\"1938 &#8211; Gastone Vanucci, im Alter von 11 Jahren, macht seine ersten Schritte im Handel mit dem Verkauf von Ansichtskarten am Strand an die ersten Touristen die Urlaub in Riccione machen. Hier erkennt man bereits seinen Geschick als Gesch\u00e4ftsmann. 1952 [..]\" \/>\n<meta property=\"og:url\" content=\"https:\/\/hotelrexriccione.clienti4.editatest.com\/de\/unsere-geschichte\/\" \/>\n<meta property=\"og:site_name\" content=\"Hotel Rex\" \/>\n<meta property=\"article:modified_time\" content=\"2016-04-11T15:24:27+00:00\" \/>\n<meta property=\"og:image\" content=\"https:\/\/hotelrexriccione.clienti4.editatest.com\/wp-content\/uploads\/2016\/02\/1938-318x318.jpg\" \/>\n<meta name=\"twitter:card\" content=\"summary\" \/>\n<meta name=\"twitter:label1\" content=\"Gesch\u00e4tzte Lesezeit\" \/>\n\t<meta name=\"twitter:data1\" content=\"1\u00a0Minute\" \/>\n<script type=\"application\/ld+json\" class=\"yoast-schema-graph\">{\"@context\":\"https:\/\/schema.org\",\"@graph\":[{\"@type\":\"WebSite\",\"@id\":\"https:\/\/hotelrexriccione.clienti4.editatest.com\/#website\",\"url\":\"https:\/\/hotelrexriccione.clienti4.editatest.com\/\",\"name\":\"Hotel Rex\",\"description\":\"\",\"potentialAction\":[{\"@type\":\"SearchAction\",\"target\":{\"@type\":\"EntryPoint\",\"urlTemplate\":\"https:\/\/hotelrexriccione.clienti4.editatest.com\/?s={search_term_string}\"},\"query-input\":\"required name=search_term_string\"}],\"inLanguage\":\"de\"},{\"@type\":\"ImageObject\",\"@id\":\"https:\/\/hotelrexriccione.clienti4.editatest.com\/de\/unsere-geschichte\/#primaryimage\",\"inLanguage\":\"de\",\"url\":\"https:\/\/hotelrexriccione.clienti4.editatest.com\/wp-content\/uploads\/2016\/02\/2003-1.jpg\",\"contentUrl\":\"https:\/\/hotelrexriccione.clienti4.editatest.com\/wp-content\/uploads\/2016\/02\/2003-1.jpg\",\"width\":700,\"height\":525},{\"@type\":\"WebPage\",\"@id\":\"https:\/\/hotelrexriccione.clienti4.editatest.com\/de\/unsere-geschichte\/#webpage\",\"url\":\"https:\/\/hotelrexriccione.clienti4.editatest.com\/de\/unsere-geschichte\/\",\"name\":\"3 Sterne Hotel in der N\u00e4he von Viale Ceccarini | Hotel Rex Riccione\",\"isPartOf\":{\"@id\":\"https:\/\/hotelrexriccione.clienti4.editatest.com\/#website\"},\"primaryImageOfPage\":{\"@id\":\"https:\/\/hotelrexriccione.clienti4.editatest.com\/de\/unsere-geschichte\/#primaryimage\"},\"datePublished\":\"2016-02-28T22:05:56+00:00\",\"dateModified\":\"2016-04-11T15:24:27+00:00\",\"breadcrumb\":{\"@id\":\"https:\/\/hotelrexriccione.clienti4.editatest.com\/de\/unsere-geschichte\/#breadcrumb\"},\"inLanguage\":\"de\",\"potentialAction\":[{\"@type\":\"ReadAction\",\"target\":[\"https:\/\/hotelrexriccione.clienti4.editatest.com\/de\/unsere-geschichte\/\"]}]},{\"@type\":\"BreadcrumbList\",\"@id\":\"https:\/\/hotelrexriccione.clienti4.editatest.com\/de\/unsere-geschichte\/#breadcrumb\",\"itemListElement\":[{\"@type\":\"ListItem\",\"position\":1,\"name\":\"Home\",\"item\":\"https:\/\/hotelrexriccione.clienti4.editatest.com\/de\/\"},{\"@type\":\"ListItem\",\"position\":2,\"name\":\"Unsere Geschichte\"}]}]}<\/script>\n<!-- \/ Yoast SEO plugin. -->","yoast_head_json":{"title":"3 Sterne Hotel in der N\u00e4he von Viale Ceccarini | Hotel Rex Riccione","robots":{"index":"noindex","follow":"follow","max-snippet":"max-snippet:-1","max-image-preview":"max-image-preview:large","max-video-preview":"max-video-preview:-1"},"og_locale":"de_DE","og_type":"article","og_title":"3 Sterne Hotel in der N\u00e4he von Viale Ceccarini | Hotel Rex Riccione","og_description":"1938 &#8211; Gastone Vanucci, im Alter von 11 Jahren, macht seine ersten Schritte im Handel mit dem Verkauf von Ansichtskarten am Strand an die ersten Touristen die Urlaub in Riccione machen. Hier erkennt man bereits seinen Geschick als Gesch\u00e4ftsmann. 1952 [..]","og_url":"https:\/\/hotelrexriccione.clienti4.editatest.com\/de\/unsere-geschichte\/","og_site_name":"Hotel Rex","article_modified_time":"2016-04-11T15:24:27+00:00","og_image":[{"url":"https:\/\/hotelrexriccione.clienti4.editatest.com\/wp-content\/uploads\/2016\/02\/1938-318x318.jpg"}],"twitter_card":"summary","twitter_misc":{"Gesch\u00e4tzte Lesezeit":"1\u00a0Minute"},"schema":{"@context":"https:\/\/schema.org","@graph":[{"@type":"WebSite","@id":"https:\/\/hotelrexriccione.clienti4.editatest.com\/#website","url":"https:\/\/hotelrexriccione.clienti4.editatest.com\/","name":"Hotel Rex","description":"","potentialAction":[{"@type":"SearchAction","target":{"@type":"EntryPoint","urlTemplate":"https:\/\/hotelrexriccione.clienti4.editatest.com\/?s={search_term_string}"},"query-input":"required name=search_term_string"}],"inLanguage":"de"},{"@type":"ImageObject","@id":"https:\/\/hotelrexriccione.clienti4.editatest.com\/de\/unsere-geschichte\/#primaryimage","inLanguage":"de","url":"https:\/\/hotelrexriccione.clienti4.editatest.com\/wp-content\/uploads\/2016\/02\/2003-1.jpg","contentUrl":"https:\/\/hotelrexriccione.clienti4.editatest.com\/wp-content\/uploads\/2016\/02\/2003-1.jpg","width":700,"height":525},{"@type":"WebPage","@id":"https:\/\/hotelrexriccione.clienti4.editatest.com\/de\/unsere-geschichte\/#webpage","url":"https:\/\/hotelrexriccione.clienti4.editatest.com\/de\/unsere-geschichte\/","name":"3 Sterne Hotel in der N\u00e4he von Viale Ceccarini | Hotel Rex Riccione","isPartOf":{"@id":"https:\/\/hotelrexriccione.clienti4.editatest.com\/#website"},"primaryImageOfPage":{"@id":"https:\/\/hotelrexriccione.clienti4.editatest.com\/de\/unsere-geschichte\/#primaryimage"},"datePublished":"2016-02-28T22:05:56+00:00","dateModified":"2016-04-11T15:24:27+00:00","breadcrumb":{"@id":"https:\/\/hotelrexriccione.clienti4.editatest.com\/de\/unsere-geschichte\/#breadcrumb"},"inLanguage":"de","potentialAction":[{"@type":"ReadAction","target":["https:\/\/hotelrexriccione.clienti4.editatest.com\/de\/unsere-geschichte\/"]}]},{"@type":"BreadcrumbList","@id":"https:\/\/hotelrexriccione.clienti4.editatest.com\/de\/unsere-geschichte\/#breadcrumb","itemListElement":[{"@type":"ListItem","position":1,"name":"Home","item":"https:\/\/hotelrexriccione.clienti4.editatest.com\/de\/"},{"@type":"ListItem","position":2,"name":"Unsere Geschichte"}]}]}},"_links":{"self":[{"href":"https:\/\/hotelrexriccione.clienti4.editatest.com\/de\/wp-json\/wp\/v2\/pages\/425"}],"collection":[{"href":"https:\/\/hotelrexriccione.clienti4.editatest.com\/de\/wp-json\/wp\/v2\/pages"}],"about":[{"href":"https:\/\/hotelrexriccione.clienti4.editatest.com\/de\/wp-json\/wp\/v2\/types\/page"}],"author":[{"embeddable":true,"href":"https:\/\/hotelrexriccione.clienti4.editatest.com\/de\/wp-json\/wp\/v2\/users\/5"}],"replies":[{"embeddable":true,"href":"https:\/\/hotelrexriccione.clienti4.editatest.com\/de\/wp-json\/wp\/v2\/comments?post=425"}],"version-history":[{"count":0,"href":"https:\/\/hotelrexriccione.clienti4.editatest.com\/de\/wp-json\/wp\/v2\/pages\/425\/revisions"}],"wp:attachment":[{"href":"https:\/\/hotelrexriccione.clienti4.editatest.com\/de\/wp-json\/wp\/v2\/media?parent=425"}],"curies":[{"name":"wp","href":"https:\/\/api.w.org\/{rel}","templated":true}]}}