{"id":420,"date":"2016-02-29T22:15:30","date_gmt":"2016-02-29T21:15:30","guid":{"rendered":"https:\/\/hotelrexriccione.clienti4.editatest.com\/de\/hotel-ecologico-a-riccione\/"},"modified":"2016-04-07T15:19:24","modified_gmt":"2016-04-07T13:19:24","slug":"umweltfreundliche-hotels","status":"publish","type":"page","link":"https:\/\/hotelrexriccione.clienti4.editatest.com\/de\/umweltfreundliche-hotels\/","title":{"rendered":"Umweltfreundliche Hotels"},"content":{"rendered":"<p><em>&#8222;Wenn Ihr den letzten Baum gef\u00e4llt, den letzten Fisch geangelt und den letzten Fluss verseucht habt, erst dann werdet Ihr merken das Geld nicht essenbar ist<strong>!&#8220; <\/strong><\/em><\/p>\n<p>Dieses war die so genannte &#8222;Leitidee&#8220; aus welcher im<strong> November 1997<\/strong> die umweltfreundlichen Hotels von Riccione entstanden sind.<\/p>\n<div id='gallery-1' class='gallery galleryid-261 gallery-columns-3 gallery-size-medium'><figure class='gallery-item'>\n\t\t\t<div class='gallery-icon landscape'>\n\t\t\t\t<a href='https:\/\/hotelrexriccione.clienti4.editatest.com\/wp-content\/uploads\/2016\/02\/Premio-legambiente-1.jpg' data-size=\"750x522\"><img width=\"318\" height=\"318\" src=\"https:\/\/hotelrexriccione.clienti4.editatest.com\/wp-content\/uploads\/2016\/02\/Premio-legambiente-1-318x318.jpg\" class=\"attachment-medium size-medium\" alt=\"Hotel Rex Riccione Staff\" loading=\"lazy\" srcset=\"https:\/\/hotelrexriccione.clienti4.editatest.com\/wp-content\/uploads\/2016\/02\/Premio-legambiente-1-318x318.jpg 318w, https:\/\/hotelrexriccione.clienti4.editatest.com\/wp-content\/uploads\/2016\/02\/Premio-legambiente-1-150x150.jpg 150w\" sizes=\"(max-width: 318px) 100vw, 318px\" \/><\/a>\n\t\t\t<\/div><\/figure><figure class='gallery-item'>\n\t\t\t<div class='gallery-icon portrait'>\n\t\t\t\t<a href='https:\/\/hotelrexriccione.clienti4.editatest.com\/wp-content\/uploads\/2016\/02\/Premio-legambiente-2.jpg' data-size=\"450x659\"><img width=\"318\" height=\"318\" src=\"https:\/\/hotelrexriccione.clienti4.editatest.com\/wp-content\/uploads\/2016\/02\/Premio-legambiente-2-318x318.jpg\" class=\"attachment-medium size-medium\" alt=\"Hotel Rex Riccione Risparmio Energetico\" loading=\"lazy\" srcset=\"https:\/\/hotelrexriccione.clienti4.editatest.com\/wp-content\/uploads\/2016\/02\/Premio-legambiente-2-318x318.jpg 318w, https:\/\/hotelrexriccione.clienti4.editatest.com\/wp-content\/uploads\/2016\/02\/Premio-legambiente-2-150x150.jpg 150w\" sizes=\"(max-width: 318px) 100vw, 318px\" \/><\/a>\n\t\t\t<\/div><\/figure>\n\t\t<\/div>\n\n<p><span style=\"font-size: 18pt;\">VORSCHRIFTEN:<br \/>\n<\/span><strong>10 REGELN UM DIE UMWELT ZU VERBESSERN<\/strong><\/p>\n<p><img loading=\"lazy\" class=\"alignleft size-full wp-image-263\" src=\"https:\/\/hotelrexriccione.clienti4.editatest.com\/wp-content\/uploads\/2016\/02\/regola1.jpg\" alt=\"regola1\" width=\"204\" height=\"107\" data-big-size=\"204x107\" \/>Weniger Abfall produzieren und den M\u00fcll besser verwerten. Ware mit leichterem und wenigerem Verpackungsmaterial kaufen sowie keine Wegwerfflaschen. Nachf\u00fcllpackungen f\u00fcr Putzmittel. M\u00fclltrennen und Wiederverwertung.<\/p>\n<p>&nbsp;<\/p>\n<p><img loading=\"lazy\" class=\"alignleft size-full wp-image-264\" src=\"https:\/\/hotelrexriccione.clienti4.editatest.com\/wp-content\/uploads\/2016\/02\/regola2.jpg\" alt=\"regola2\" width=\"204\" height=\"107\" data-big-size=\"204x107\" \/>Weniger Wasser und Energieverbrauch. Gangbeschleuniger f\u00fcr einen niedrigeren Wasserverbrauch. Ma\u00dfnahmen auch bei den Duschen und Wasserh\u00e4hnen.<\/p>\n<p>&nbsp;<\/p>\n<p>&nbsp;<\/p>\n<p><img loading=\"lazy\" class=\"alignleft size-full wp-image-265\" src=\"https:\/\/hotelrexriccione.clienti4.editatest.com\/wp-content\/uploads\/2016\/02\/regola3.jpg\" alt=\"regola3\" width=\"204\" height=\"107\" data-big-size=\"204x107\" \/>Der neuralgische Punkt dieses Programmes schlie\u00dft die Ben\u00fctzung von energiesparenden Gl\u00fchbirnen, Produkte ohne verunreinigende Bestandteile, Sensibilisierung der G\u00e4ste bei Anfrage des W\u00e4schewechsels.<\/p>\n<p>&nbsp;<\/p>\n<p><img loading=\"lazy\" class=\"alignleft size-full wp-image-266\" src=\"https:\/\/hotelrexriccione.clienti4.editatest.com\/wp-content\/uploads\/2016\/02\/regola4.jpg\" alt=\"regola4\" width=\"204\" height=\"107\" data-big-size=\"204x107\" \/>Verwendung von biologischen Produkten bei den Mahlzeiten die aus kontrollierten Erzeugnissen stammen sowie ohne Pflanzenschutzmittel und ohne Pestizid.<\/p>\n<p>&nbsp;<\/p>\n<p>&nbsp;<\/p>\n<p><img loading=\"lazy\" class=\"alignleft size-full wp-image-267\" src=\"https:\/\/hotelrexriccione.clienti4.editatest.com\/wp-content\/uploads\/2016\/02\/regola5.jpg\" alt=\"regola5\" width=\"204\" height=\"107\" data-big-size=\"204x107\" \/>Mehr Aufmerksamkeit der lokalen Spezialit\u00e4ten aus der Umgebung schenken. Verwendung der regionalen Produkte wie z.B. Fisch, Fleisch und K\u00e4se aus der Region, Obst und Gem\u00fcse der Saison.<\/p>\n<p>&nbsp;<\/p>\n<p><img loading=\"lazy\" class=\"alignleft size-full wp-image-268\" src=\"https:\/\/hotelrexriccione.clienti4.editatest.com\/wp-content\/uploads\/2016\/02\/regola6.jpg\" alt=\"regola6\" width=\"204\" height=\"107\" data-big-size=\"204x107\" \/>Um die Ben\u00fctzung der allgemeinen Transportmittel zu f\u00f6rdern direkt im Hotel die Busticket verkaufen.<\/p>\n<p>&nbsp;<\/p>\n<p>&nbsp;<\/p>\n<p><img loading=\"lazy\" class=\"alignleft size-full wp-image-269\" src=\"https:\/\/hotelrexriccione.clienti4.editatest.com\/wp-content\/uploads\/2016\/02\/regola7.jpg\" alt=\"regola7\" width=\"204\" height=\"107\" data-big-size=\"204x107\" \/>Die G\u00e4ste einladen die neuen Fahrradpisten, elektrische Fahrzeuge mieten und den Linienbus zu ben\u00fctzen, Hoteleigene Fahrr\u00e4der gratis zur Verf\u00fcgung stellen.<\/p>\n<p>&nbsp;<\/p>\n<p>&nbsp;<\/p>\n<p><img loading=\"lazy\" class=\"alignleft size-full wp-image-270\" src=\"https:\/\/hotelrexriccione.clienti4.editatest.com\/wp-content\/uploads\/2016\/02\/regola8.jpg\" alt=\"regola8\" width=\"204\" height=\"107\" data-big-size=\"204x107\" \/>Versuchen im Hotel wenig L\u00e4rm zu machen, damit der Urlaub der Touristen so ruhig wie m\u00f6glich ist und hoffen dass alle die Ruhestunden respektiert werden.<\/p>\n<p>&nbsp;<\/p>\n<p>&nbsp;<\/p>\n<p><img loading=\"lazy\" class=\"alignleft size-full wp-image-271\" src=\"https:\/\/hotelrexriccione.clienti4.editatest.com\/wp-content\/uploads\/2016\/02\/regola9.jpg\" alt=\"regola9\" width=\"204\" height=\"107\" data-big-size=\"204x107\" \/>Den Touristen unsere Geschichte und Kultur vorstellen, sie informieren und einzuladen unsere Umgebung reich an historischer Kultur zu besichtigen.<\/p>\n<p>&nbsp;<\/p>\n<p>&nbsp;<\/p>\n<p><img loading=\"lazy\" class=\"alignleft size-full wp-image-272\" src=\"https:\/\/hotelrexriccione.clienti4.editatest.com\/wp-content\/uploads\/2016\/02\/regola10.jpg\" alt=\"regola10\" width=\"204\" height=\"107\" data-big-size=\"204x107\" \/>Die Touristen auf diese Regeln hinweisen und mitzumachen um die Umwelt zu schonen und das Leben in den Hotels zu verbessern. Fragebogen ausf\u00fcllen damit jedes Jahr neue Verbesserungen und Ratschl\u00e4ge befolgt werden k\u00f6nnen.<\/p>\n<p>&nbsp;<\/p>\n<p><strong><span style=\"font-size: 14pt;\">In Zusammenarbeit mit:<\/span><\/strong><\/p>\n<ul>\n<li>Hotelverband von Riccione<\/li>\n<li>Gemeinde von Riccione<\/li>\n<li>Legaambiente Tourismus<\/li>\n<\/ul>\n<p>Haben Sie das Auto zu Hause gelassen?<br \/>\n<strong>Kompliment Sie erhalten ein ecologisches Geschenk.<\/strong><\/p>\n","protected":false},"excerpt":{"rendered":"<p>&#8222;Wenn Ihr den letzten Baum gef\u00e4llt, den letzten Fisch geangelt und den letzten Fluss verseucht habt, erst dann werdet Ihr merken das Geld nicht essenbar ist!&#8220; Dieses war die so genannte &#8222;Leitidee&#8220; aus welcher im November 1997 die umweltfreundlichen Hotels [..]<\/p>\n","protected":false},"author":5,"featured_media":0,"parent":0,"menu_order":0,"comment_status":"closed","ping_status":"closed","template":"","meta":[],"acf":[],"yoast_head":"<!-- This site is optimized with the Yoast SEO plugin v18.4.1 - https:\/\/yoast.com\/wordpress\/plugins\/seo\/ -->\n<title>\u00d6kologische Hotel Riccione | Hotel Rex Riccione<\/title>\n<meta name=\"robots\" content=\"noindex, follow, max-snippet:-1, max-image-preview:large, max-video-preview:-1\" \/>\n<meta property=\"og:locale\" content=\"de_DE\" \/>\n<meta property=\"og:type\" content=\"article\" \/>\n<meta property=\"og:title\" content=\"\u00d6kologische Hotel Riccione | Hotel Rex Riccione\" \/>\n<meta property=\"og:description\" content=\"&#8222;Wenn Ihr den letzten Baum gef\u00e4llt, den letzten Fisch geangelt und den letzten Fluss verseucht habt, erst dann werdet Ihr merken das Geld nicht essenbar ist!&#8220; Dieses war die so genannte &#8222;Leitidee&#8220; aus welcher im November 1997 die umweltfreundlichen Hotels [..]\" \/>\n<meta property=\"og:url\" content=\"https:\/\/hotelrexriccione.clienti4.editatest.com\/de\/umweltfreundliche-hotels\/\" \/>\n<meta property=\"og:site_name\" content=\"Hotel Rex\" \/>\n<meta property=\"article:modified_time\" content=\"2016-04-07T13:19:24+00:00\" \/>\n<meta property=\"og:image\" content=\"https:\/\/hotelrexriccione.clienti4.editatest.com\/wp-content\/uploads\/2016\/02\/Premio-legambiente-1-318x318.jpg\" \/>\n<meta name=\"twitter:card\" content=\"summary\" \/>\n<meta name=\"twitter:label1\" content=\"Gesch\u00e4tzte Lesezeit\" \/>\n\t<meta name=\"twitter:data1\" content=\"2\u00a0Minuten\" \/>\n<script type=\"application\/ld+json\" class=\"yoast-schema-graph\">{\"@context\":\"https:\/\/schema.org\",\"@graph\":[{\"@type\":\"WebSite\",\"@id\":\"https:\/\/hotelrexriccione.clienti4.editatest.com\/#website\",\"url\":\"https:\/\/hotelrexriccione.clienti4.editatest.com\/\",\"name\":\"Hotel Rex\",\"description\":\"\",\"potentialAction\":[{\"@type\":\"SearchAction\",\"target\":{\"@type\":\"EntryPoint\",\"urlTemplate\":\"https:\/\/hotelrexriccione.clienti4.editatest.com\/?s={search_term_string}\"},\"query-input\":\"required name=search_term_string\"}],\"inLanguage\":\"de\"},{\"@type\":\"ImageObject\",\"@id\":\"https:\/\/hotelrexriccione.clienti4.editatest.com\/de\/umweltfreundliche-hotels\/#primaryimage\",\"inLanguage\":\"de\",\"url\":\"https:\/\/hotelrexriccione.clienti4.editatest.com\/wp-content\/uploads\/2016\/02\/regola1.jpg\",\"contentUrl\":\"https:\/\/hotelrexriccione.clienti4.editatest.com\/wp-content\/uploads\/2016\/02\/regola1.jpg\",\"width\":204,\"height\":107,\"caption\":\"Hotel Rex Riccione ecologico\"},{\"@type\":\"WebPage\",\"@id\":\"https:\/\/hotelrexriccione.clienti4.editatest.com\/de\/umweltfreundliche-hotels\/#webpage\",\"url\":\"https:\/\/hotelrexriccione.clienti4.editatest.com\/de\/umweltfreundliche-hotels\/\",\"name\":\"\u00d6kologische Hotel Riccione | Hotel Rex Riccione\",\"isPartOf\":{\"@id\":\"https:\/\/hotelrexriccione.clienti4.editatest.com\/#website\"},\"primaryImageOfPage\":{\"@id\":\"https:\/\/hotelrexriccione.clienti4.editatest.com\/de\/umweltfreundliche-hotels\/#primaryimage\"},\"datePublished\":\"2016-02-29T21:15:30+00:00\",\"dateModified\":\"2016-04-07T13:19:24+00:00\",\"breadcrumb\":{\"@id\":\"https:\/\/hotelrexriccione.clienti4.editatest.com\/de\/umweltfreundliche-hotels\/#breadcrumb\"},\"inLanguage\":\"de\",\"potentialAction\":[{\"@type\":\"ReadAction\",\"target\":[\"https:\/\/hotelrexriccione.clienti4.editatest.com\/de\/umweltfreundliche-hotels\/\"]}]},{\"@type\":\"BreadcrumbList\",\"@id\":\"https:\/\/hotelrexriccione.clienti4.editatest.com\/de\/umweltfreundliche-hotels\/#breadcrumb\",\"itemListElement\":[{\"@type\":\"ListItem\",\"position\":1,\"name\":\"Home\",\"item\":\"https:\/\/hotelrexriccione.clienti4.editatest.com\/de\/\"},{\"@type\":\"ListItem\",\"position\":2,\"name\":\"Umweltfreundliche Hotels\"}]}]}<\/script>\n<!-- \/ Yoast SEO plugin. -->","yoast_head_json":{"title":"\u00d6kologische Hotel Riccione | Hotel Rex Riccione","robots":{"index":"noindex","follow":"follow","max-snippet":"max-snippet:-1","max-image-preview":"max-image-preview:large","max-video-preview":"max-video-preview:-1"},"og_locale":"de_DE","og_type":"article","og_title":"\u00d6kologische Hotel Riccione | Hotel Rex Riccione","og_description":"&#8222;Wenn Ihr den letzten Baum gef\u00e4llt, den letzten Fisch geangelt und den letzten Fluss verseucht habt, erst dann werdet Ihr merken das Geld nicht essenbar ist!&#8220; Dieses war die so genannte &#8222;Leitidee&#8220; aus welcher im November 1997 die umweltfreundlichen Hotels [..]","og_url":"https:\/\/hotelrexriccione.clienti4.editatest.com\/de\/umweltfreundliche-hotels\/","og_site_name":"Hotel Rex","article_modified_time":"2016-04-07T13:19:24+00:00","og_image":[{"url":"https:\/\/hotelrexriccione.clienti4.editatest.com\/wp-content\/uploads\/2016\/02\/Premio-legambiente-1-318x318.jpg"}],"twitter_card":"summary","twitter_misc":{"Gesch\u00e4tzte Lesezeit":"2\u00a0Minuten"},"schema":{"@context":"https:\/\/schema.org","@graph":[{"@type":"WebSite","@id":"https:\/\/hotelrexriccione.clienti4.editatest.com\/#website","url":"https:\/\/hotelrexriccione.clienti4.editatest.com\/","name":"Hotel Rex","description":"","potentialAction":[{"@type":"SearchAction","target":{"@type":"EntryPoint","urlTemplate":"https:\/\/hotelrexriccione.clienti4.editatest.com\/?s={search_term_string}"},"query-input":"required name=search_term_string"}],"inLanguage":"de"},{"@type":"ImageObject","@id":"https:\/\/hotelrexriccione.clienti4.editatest.com\/de\/umweltfreundliche-hotels\/#primaryimage","inLanguage":"de","url":"https:\/\/hotelrexriccione.clienti4.editatest.com\/wp-content\/uploads\/2016\/02\/regola1.jpg","contentUrl":"https:\/\/hotelrexriccione.clienti4.editatest.com\/wp-content\/uploads\/2016\/02\/regola1.jpg","width":204,"height":107,"caption":"Hotel Rex Riccione ecologico"},{"@type":"WebPage","@id":"https:\/\/hotelrexriccione.clienti4.editatest.com\/de\/umweltfreundliche-hotels\/#webpage","url":"https:\/\/hotelrexriccione.clienti4.editatest.com\/de\/umweltfreundliche-hotels\/","name":"\u00d6kologische Hotel Riccione | Hotel Rex Riccione","isPartOf":{"@id":"https:\/\/hotelrexriccione.clienti4.editatest.com\/#website"},"primaryImageOfPage":{"@id":"https:\/\/hotelrexriccione.clienti4.editatest.com\/de\/umweltfreundliche-hotels\/#primaryimage"},"datePublished":"2016-02-29T21:15:30+00:00","dateModified":"2016-04-07T13:19:24+00:00","breadcrumb":{"@id":"https:\/\/hotelrexriccione.clienti4.editatest.com\/de\/umweltfreundliche-hotels\/#breadcrumb"},"inLanguage":"de","potentialAction":[{"@type":"ReadAction","target":["https:\/\/hotelrexriccione.clienti4.editatest.com\/de\/umweltfreundliche-hotels\/"]}]},{"@type":"BreadcrumbList","@id":"https:\/\/hotelrexriccione.clienti4.editatest.com\/de\/umweltfreundliche-hotels\/#breadcrumb","itemListElement":[{"@type":"ListItem","position":1,"name":"Home","item":"https:\/\/hotelrexriccione.clienti4.editatest.com\/de\/"},{"@type":"ListItem","position":2,"name":"Umweltfreundliche Hotels"}]}]}},"_links":{"self":[{"href":"https:\/\/hotelrexriccione.clienti4.editatest.com\/de\/wp-json\/wp\/v2\/pages\/420"}],"collection":[{"href":"https:\/\/hotelrexriccione.clienti4.editatest.com\/de\/wp-json\/wp\/v2\/pages"}],"about":[{"href":"https:\/\/hotelrexriccione.clienti4.editatest.com\/de\/wp-json\/wp\/v2\/types\/page"}],"author":[{"embeddable":true,"href":"https:\/\/hotelrexriccione.clienti4.editatest.com\/de\/wp-json\/wp\/v2\/users\/5"}],"replies":[{"embeddable":true,"href":"https:\/\/hotelrexriccione.clienti4.editatest.com\/de\/wp-json\/wp\/v2\/comments?post=420"}],"version-history":[{"count":0,"href":"https:\/\/hotelrexriccione.clienti4.editatest.com\/de\/wp-json\/wp\/v2\/pages\/420\/revisions"}],"wp:attachment":[{"href":"https:\/\/hotelrexriccione.clienti4.editatest.com\/de\/wp-json\/wp\/v2\/media?parent=420"}],"curies":[{"name":"wp","href":"https:\/\/api.w.org\/{rel}","templated":true}]}}