{"id":416,"date":"2016-02-28T22:39:04","date_gmt":"2016-02-28T21:39:04","guid":{"rendered":"https:\/\/hotelrexriccione.clienti4.editatest.com\/de\/la-spiaggia-convenzionata\/"},"modified":"2016-04-07T15:17:52","modified_gmt":"2016-04-07T13:17:52","slug":"der-neue-strand","status":"publish","type":"page","link":"https:\/\/hotelrexriccione.clienti4.editatest.com\/de\/der-neue-strand\/","title":{"rendered":"Der neue Strand"},"content":{"rendered":"<h3>Neuheit auf der Strandzone 93-94 Battarra e Settimio, in Zusammenarbeit mit uns, direkt gegenu\u00a8ber dem Hotel REX.<\/h3>\n<p><img loading=\"lazy\" class=\"alignleft wp-image-233\" src=\"https:\/\/hotelrexriccione.clienti4.editatest.com\/wp-content\/uploads\/2016\/02\/spiaggia1-318x318.jpg\" alt=\"spiaggia1\" width=\"295\" height=\"295\" srcset=\"https:\/\/hotelrexriccione.clienti4.editatest.com\/wp-content\/uploads\/2016\/02\/spiaggia1-318x318.jpg 318w, https:\/\/hotelrexriccione.clienti4.editatest.com\/wp-content\/uploads\/2016\/02\/spiaggia1-150x150.jpg 150w\" sizes=\"(max-width: 295px) 100vw, 295px\" \/>Der Strand verf\u00fcgt \u00fcber einen Swimmingpool, f\u00fcr Erwachsene und Kinder, <strong>und ist mit 2 fantastische Hydromassagebecken<\/strong> ausgestattet, f\u00fcr einige Momente in Relax!<\/p>\n<p>&#8230;und f\u00fcr sie nicht nur einfach Sonne und Meer!<br \/>\nBei der Badezone 93-94 finden Sie nicht nur den traditionellen Service und Dienstleistungen am Strand sondern Erfahrung seit drei Generationen.<\/p>\n<p>Unsere G\u00e4ste am Strand k\u00f6nnen au\u00dfer Strandkabinen, Sonnenschirme, Liegen und Liegest\u00fchle weiters auch gratis warme und kalte Duschen ben\u00fctzen. Sowie Gruppengymnastik, Wassergymnastik am Morgen mit Musik, Fitness zum aufw\u00e4rmen der Muskeln und viel mehr. F\u00fcr unsere kleinen Freunde gibt es einen Kinderspielpark mit Babysitter sowie ein Bad mit Wickeltisch.<\/p>\n<p>&nbsp;<\/p>\n<p>&nbsp;<\/p>\n<p><img loading=\"lazy\" class=\"alignleft wp-image-234\" src=\"https:\/\/hotelrexriccione.clienti4.editatest.com\/wp-content\/uploads\/2016\/02\/spiaggia2-318x318.jpg\" alt=\"spiaggia2\" width=\"295\" height=\"295\" srcset=\"https:\/\/hotelrexriccione.clienti4.editatest.com\/wp-content\/uploads\/2016\/02\/spiaggia2-318x318.jpg 318w, https:\/\/hotelrexriccione.clienti4.editatest.com\/wp-content\/uploads\/2016\/02\/spiaggia2-150x150.jpg 150w\" sizes=\"(max-width: 295px) 100vw, 295px\" \/><\/p>\n<p><strong>Alle Kinder bekommen ein Armband mit der Aufschrift der Badezone damit man sie \u00fcberall wieder findet<\/strong>, es gibt auch einen automatischen Fahndungsdienst \u00fcber Lautsprecher f\u00fcr Ihre Sicherheit sowie privater Rettungsdienst, erste Hilfe und automatischer Rettungsdienstanruf.<\/p>\n<p><strong>Sie finden auch eine kleine Ecke mit Zeitungen, Zeitschriften und B\u00fcchern<\/strong>, Abstellraum f\u00fcr Luftmatratzen, kleine Boote, Strandspiele, Surfbretter und Surfsegeln f\u00fcr diese gibt es sogar eine kleine Werkstatt.<br \/>\n<strong>Parkpl\u00e4tze f\u00fcr Fahrr\u00e4der und Motorr\u00e4der<\/strong>.<br \/>\nAm Strand kann man auch Tretboote mit oder ohne Wasserrutschen mieten und\u00a0 das unvergessliche Ruderboot.<\/p>\n<p>&nbsp;<\/p>\n","protected":false},"excerpt":{"rendered":"<p>Neuheit auf der Strandzone 93-94 Battarra e Settimio, in Zusammenarbeit mit uns, direkt gegenu\u00a8ber dem Hotel REX. Der Strand verf\u00fcgt \u00fcber einen Swimmingpool, f\u00fcr Erwachsene und Kinder, und ist mit 2 fantastische Hydromassagebecken ausgestattet, f\u00fcr einige Momente in Relax! &#8230;und [..]<\/p>\n","protected":false},"author":5,"featured_media":0,"parent":0,"menu_order":0,"comment_status":"closed","ping_status":"closed","template":"","meta":[],"acf":[],"yoast_head":"<!-- This site is optimized with the Yoast SEO plugin v18.4.1 - https:\/\/yoast.com\/wordpress\/plugins\/seo\/ -->\n<title>Drei Sterne Hotel Strand von Riccione | Hotel Rex Riccione<\/title>\n<meta name=\"robots\" content=\"noindex, follow, max-snippet:-1, max-image-preview:large, max-video-preview:-1\" \/>\n<meta property=\"og:locale\" content=\"de_DE\" \/>\n<meta property=\"og:type\" content=\"article\" \/>\n<meta property=\"og:title\" content=\"Drei Sterne Hotel Strand von Riccione | Hotel Rex Riccione\" \/>\n<meta property=\"og:description\" content=\"Neuheit auf der Strandzone 93-94 Battarra e Settimio, in Zusammenarbeit mit uns, direkt gegenu\u00a8ber dem Hotel REX. Der Strand verf\u00fcgt \u00fcber einen Swimmingpool, f\u00fcr Erwachsene und Kinder, und ist mit 2 fantastische Hydromassagebecken ausgestattet, f\u00fcr einige Momente in Relax! &#8230;und [..]\" \/>\n<meta property=\"og:url\" content=\"https:\/\/hotelrexriccione.clienti4.editatest.com\/de\/der-neue-strand\/\" \/>\n<meta property=\"og:site_name\" content=\"Hotel Rex\" \/>\n<meta property=\"article:modified_time\" content=\"2016-04-07T13:17:52+00:00\" \/>\n<meta property=\"og:image\" content=\"https:\/\/hotelrexriccione.clienti4.editatest.com\/wp-content\/uploads\/2016\/02\/spiaggia1-318x318.jpg\" \/>\n<meta name=\"twitter:card\" content=\"summary\" \/>\n<meta name=\"twitter:label1\" content=\"Gesch\u00e4tzte Lesezeit\" \/>\n\t<meta name=\"twitter:data1\" content=\"1\u00a0Minute\" \/>\n<script type=\"application\/ld+json\" class=\"yoast-schema-graph\">{\"@context\":\"https:\/\/schema.org\",\"@graph\":[{\"@type\":\"WebSite\",\"@id\":\"https:\/\/hotelrexriccione.clienti4.editatest.com\/#website\",\"url\":\"https:\/\/hotelrexriccione.clienti4.editatest.com\/\",\"name\":\"Hotel Rex\",\"description\":\"\",\"potentialAction\":[{\"@type\":\"SearchAction\",\"target\":{\"@type\":\"EntryPoint\",\"urlTemplate\":\"https:\/\/hotelrexriccione.clienti4.editatest.com\/?s={search_term_string}\"},\"query-input\":\"required name=search_term_string\"}],\"inLanguage\":\"de\"},{\"@type\":\"ImageObject\",\"@id\":\"https:\/\/hotelrexriccione.clienti4.editatest.com\/de\/der-neue-strand\/#primaryimage\",\"inLanguage\":\"de\",\"url\":\"https:\/\/hotelrexriccione.clienti4.editatest.com\/wp-content\/uploads\/2016\/02\/spiaggia1.jpg\",\"contentUrl\":\"https:\/\/hotelrexriccione.clienti4.editatest.com\/wp-content\/uploads\/2016\/02\/spiaggia1.jpg\",\"width\":900,\"height\":608,\"caption\":\"Hotel Rex Riccione spiaggia piscina\"},{\"@type\":\"WebPage\",\"@id\":\"https:\/\/hotelrexriccione.clienti4.editatest.com\/de\/der-neue-strand\/#webpage\",\"url\":\"https:\/\/hotelrexriccione.clienti4.editatest.com\/de\/der-neue-strand\/\",\"name\":\"Drei Sterne Hotel Strand von Riccione | Hotel Rex Riccione\",\"isPartOf\":{\"@id\":\"https:\/\/hotelrexriccione.clienti4.editatest.com\/#website\"},\"primaryImageOfPage\":{\"@id\":\"https:\/\/hotelrexriccione.clienti4.editatest.com\/de\/der-neue-strand\/#primaryimage\"},\"datePublished\":\"2016-02-28T21:39:04+00:00\",\"dateModified\":\"2016-04-07T13:17:52+00:00\",\"breadcrumb\":{\"@id\":\"https:\/\/hotelrexriccione.clienti4.editatest.com\/de\/der-neue-strand\/#breadcrumb\"},\"inLanguage\":\"de\",\"potentialAction\":[{\"@type\":\"ReadAction\",\"target\":[\"https:\/\/hotelrexriccione.clienti4.editatest.com\/de\/der-neue-strand\/\"]}]},{\"@type\":\"BreadcrumbList\",\"@id\":\"https:\/\/hotelrexriccione.clienti4.editatest.com\/de\/der-neue-strand\/#breadcrumb\",\"itemListElement\":[{\"@type\":\"ListItem\",\"position\":1,\"name\":\"Home\",\"item\":\"https:\/\/hotelrexriccione.clienti4.editatest.com\/de\/\"},{\"@type\":\"ListItem\",\"position\":2,\"name\":\"Der neue Strand\"}]}]}<\/script>\n<!-- \/ Yoast SEO plugin. -->","yoast_head_json":{"title":"Drei Sterne Hotel Strand von Riccione | Hotel Rex Riccione","robots":{"index":"noindex","follow":"follow","max-snippet":"max-snippet:-1","max-image-preview":"max-image-preview:large","max-video-preview":"max-video-preview:-1"},"og_locale":"de_DE","og_type":"article","og_title":"Drei Sterne Hotel Strand von Riccione | Hotel Rex Riccione","og_description":"Neuheit auf der Strandzone 93-94 Battarra e Settimio, in Zusammenarbeit mit uns, direkt gegenu\u00a8ber dem Hotel REX. Der Strand verf\u00fcgt \u00fcber einen Swimmingpool, f\u00fcr Erwachsene und Kinder, und ist mit 2 fantastische Hydromassagebecken ausgestattet, f\u00fcr einige Momente in Relax! &#8230;und [..]","og_url":"https:\/\/hotelrexriccione.clienti4.editatest.com\/de\/der-neue-strand\/","og_site_name":"Hotel Rex","article_modified_time":"2016-04-07T13:17:52+00:00","og_image":[{"url":"https:\/\/hotelrexriccione.clienti4.editatest.com\/wp-content\/uploads\/2016\/02\/spiaggia1-318x318.jpg"}],"twitter_card":"summary","twitter_misc":{"Gesch\u00e4tzte Lesezeit":"1\u00a0Minute"},"schema":{"@context":"https:\/\/schema.org","@graph":[{"@type":"WebSite","@id":"https:\/\/hotelrexriccione.clienti4.editatest.com\/#website","url":"https:\/\/hotelrexriccione.clienti4.editatest.com\/","name":"Hotel Rex","description":"","potentialAction":[{"@type":"SearchAction","target":{"@type":"EntryPoint","urlTemplate":"https:\/\/hotelrexriccione.clienti4.editatest.com\/?s={search_term_string}"},"query-input":"required name=search_term_string"}],"inLanguage":"de"},{"@type":"ImageObject","@id":"https:\/\/hotelrexriccione.clienti4.editatest.com\/de\/der-neue-strand\/#primaryimage","inLanguage":"de","url":"https:\/\/hotelrexriccione.clienti4.editatest.com\/wp-content\/uploads\/2016\/02\/spiaggia1.jpg","contentUrl":"https:\/\/hotelrexriccione.clienti4.editatest.com\/wp-content\/uploads\/2016\/02\/spiaggia1.jpg","width":900,"height":608,"caption":"Hotel Rex Riccione spiaggia piscina"},{"@type":"WebPage","@id":"https:\/\/hotelrexriccione.clienti4.editatest.com\/de\/der-neue-strand\/#webpage","url":"https:\/\/hotelrexriccione.clienti4.editatest.com\/de\/der-neue-strand\/","name":"Drei Sterne Hotel Strand von Riccione | Hotel Rex Riccione","isPartOf":{"@id":"https:\/\/hotelrexriccione.clienti4.editatest.com\/#website"},"primaryImageOfPage":{"@id":"https:\/\/hotelrexriccione.clienti4.editatest.com\/de\/der-neue-strand\/#primaryimage"},"datePublished":"2016-02-28T21:39:04+00:00","dateModified":"2016-04-07T13:17:52+00:00","breadcrumb":{"@id":"https:\/\/hotelrexriccione.clienti4.editatest.com\/de\/der-neue-strand\/#breadcrumb"},"inLanguage":"de","potentialAction":[{"@type":"ReadAction","target":["https:\/\/hotelrexriccione.clienti4.editatest.com\/de\/der-neue-strand\/"]}]},{"@type":"BreadcrumbList","@id":"https:\/\/hotelrexriccione.clienti4.editatest.com\/de\/der-neue-strand\/#breadcrumb","itemListElement":[{"@type":"ListItem","position":1,"name":"Home","item":"https:\/\/hotelrexriccione.clienti4.editatest.com\/de\/"},{"@type":"ListItem","position":2,"name":"Der neue Strand"}]}]}},"_links":{"self":[{"href":"https:\/\/hotelrexriccione.clienti4.editatest.com\/de\/wp-json\/wp\/v2\/pages\/416"}],"collection":[{"href":"https:\/\/hotelrexriccione.clienti4.editatest.com\/de\/wp-json\/wp\/v2\/pages"}],"about":[{"href":"https:\/\/hotelrexriccione.clienti4.editatest.com\/de\/wp-json\/wp\/v2\/types\/page"}],"author":[{"embeddable":true,"href":"https:\/\/hotelrexriccione.clienti4.editatest.com\/de\/wp-json\/wp\/v2\/users\/5"}],"replies":[{"embeddable":true,"href":"https:\/\/hotelrexriccione.clienti4.editatest.com\/de\/wp-json\/wp\/v2\/comments?post=416"}],"version-history":[{"count":0,"href":"https:\/\/hotelrexriccione.clienti4.editatest.com\/de\/wp-json\/wp\/v2\/pages\/416\/revisions"}],"wp:attachment":[{"href":"https:\/\/hotelrexriccione.clienti4.editatest.com\/de\/wp-json\/wp\/v2\/media?parent=416"}],"curies":[{"name":"wp","href":"https:\/\/api.w.org\/{rel}","templated":true}]}}