{"id":410,"date":"2016-02-28T00:09:00","date_gmt":"2016-02-27T23:09:00","guid":{"rendered":"https:\/\/hotelrexriccione.clienti4.editatest.com\/de\/il-ristorante\/"},"modified":"2016-04-13T10:07:00","modified_gmt":"2016-04-13T08:07:00","slug":"restaurant","status":"publish","type":"page","link":"https:\/\/hotelrexriccione.clienti4.editatest.com\/de\/restaurant\/","title":{"rendered":"K\u00f6stlichkeiten und Fantasie im Restaurant \u201cNastro Azzurro\u201d"},"content":{"rendered":"<p>Geschichte und Kunst. Das sind die Elemente mit denen das Hotel Rex die gro\u00dfe <strong>Tradition der Gastronomie verwirklicht<\/strong>.<\/p>\n<p><strong>Die Geheimnisse zuerst der Nonna Ida<\/strong> und dann von <strong>Mamma Anna<\/strong>, zwei ausgezeichnete K\u00f6chinnen deren Rezepte heute noch im Men\u00fc des Rex zu finden sind. Das reichhaltige Fr\u00fchst\u00fcck mit einfachen aber gesunden K\u00f6stlichkeiten, das \u00fcppige Angebot im Restaurant sogar f\u00fcr die feinsten Gaumen, immer auf der Suche nach neuen Rezepten macht aus der Komb\u00fcse des Rex eine Legende von Bankette und Festmahle.<\/p>\n<div id='gallery-1' class='gallery galleryid-219 gallery-columns-4 gallery-size-large'><figure class='gallery-item'>\n\t\t\t<div class='gallery-icon landscape'>\n\t\t\t\t<a href='https:\/\/hotelrexriccione.clienti4.editatest.com\/wp-content\/uploads\/2016\/02\/pesce.jpg' data-size=\"1202x800\"><img width=\"700\" height=\"415\" src=\"https:\/\/hotelrexriccione.clienti4.editatest.com\/wp-content\/uploads\/2016\/02\/pesce-700x415.jpg\" class=\"attachment-large size-large\" alt=\"Hotel Rex Riccione Paccheri orientale\" loading=\"lazy\" aria-describedby=\"gallery-1-1415\" \/><\/a>\n\t\t\t<\/div>\n\t\t\t\t<figcaption class='wp-caption-text gallery-caption' id='gallery-1-1415'>\n\t\t\t\t \n\t\t\t\t<\/figcaption><\/figure><figure class='gallery-item'>\n\t\t\t<div class='gallery-icon landscape'>\n\t\t\t\t<a href='https:\/\/hotelrexriccione.clienti4.editatest.com\/wp-content\/uploads\/2016\/02\/antipasto-nastroazzurro.jpg' data-size=\"1805x1205\"><img width=\"700\" height=\"415\" src=\"https:\/\/hotelrexriccione.clienti4.editatest.com\/wp-content\/uploads\/2016\/02\/antipasto-nastroazzurro-700x415.jpg\" class=\"attachment-large size-large\" alt=\"Hotel Rex Riccione antipasti\" loading=\"lazy\" aria-describedby=\"gallery-1-1142\" \/><\/a>\n\t\t\t<\/div>\n\t\t\t\t<figcaption class='wp-caption-text gallery-caption' id='gallery-1-1142'>\n\t\t\t\t \n\t\t\t\t<\/figcaption><\/figure><figure class='gallery-item'>\n\t\t\t<div class='gallery-icon landscape'>\n\t\t\t\t<a href='https:\/\/hotelrexriccione.clienti4.editatest.com\/wp-content\/uploads\/2016\/02\/tagliolino.jpg' data-size=\"1187x800\"><img width=\"700\" height=\"415\" src=\"https:\/\/hotelrexriccione.clienti4.editatest.com\/wp-content\/uploads\/2016\/02\/tagliolino-700x415.jpg\" class=\"attachment-large size-large\" alt=\"Hotel Rex Riccione Tagliolino profumo di mare\" loading=\"lazy\" aria-describedby=\"gallery-1-1421\" \/><\/a>\n\t\t\t<\/div>\n\t\t\t\t<figcaption class='wp-caption-text gallery-caption' id='gallery-1-1421'>\n\t\t\t\t \n\t\t\t\t<\/figcaption><\/figure><figure class='gallery-item'>\n\t\t\t<div class='gallery-icon landscape'>\n\t\t\t\t<a href='https:\/\/hotelrexriccione.clienti4.editatest.com\/wp-content\/uploads\/2016\/02\/tagliata.jpg' data-size=\"1202x800\"><img width=\"700\" height=\"415\" src=\"https:\/\/hotelrexriccione.clienti4.editatest.com\/wp-content\/uploads\/2016\/02\/tagliata-700x415.jpg\" class=\"attachment-large size-large\" alt=\"Hotel Rex Riccione tagliata grana e rucola\" loading=\"lazy\" aria-describedby=\"gallery-1-1424\" \/><\/a>\n\t\t\t<\/div>\n\t\t\t\t<figcaption class='wp-caption-text gallery-caption' id='gallery-1-1424'>\n\t\t\t\t \n\t\t\t\t<\/figcaption><\/figure><figure class='gallery-item'>\n\t\t\t<div class='gallery-icon landscape'>\n\t\t\t\t<a href='https:\/\/hotelrexriccione.clienti4.editatest.com\/wp-content\/uploads\/2016\/02\/rombo.jpg' data-size=\"1281x800\"><img width=\"700\" height=\"415\" src=\"https:\/\/hotelrexriccione.clienti4.editatest.com\/wp-content\/uploads\/2016\/02\/rombo-700x415.jpg\" class=\"attachment-large size-large\" alt=\"Hotel Rex Riccione\" loading=\"lazy\" aria-describedby=\"gallery-1-1418\" \/><\/a>\n\t\t\t<\/div>\n\t\t\t\t<figcaption class='wp-caption-text gallery-caption' id='gallery-1-1418'>\n\t\t\t\t \n\t\t\t\t<\/figcaption><\/figure><figure class='gallery-item'>\n\t\t\t<div class='gallery-icon landscape'>\n\t\t\t\t<a href='https:\/\/hotelrexriccione.clienti4.editatest.com\/wp-content\/uploads\/2016\/02\/20150611_072823.jpg' data-size=\"2560x1536\"><img width=\"700\" height=\"415\" src=\"https:\/\/hotelrexriccione.clienti4.editatest.com\/wp-content\/uploads\/2016\/02\/20150611_072823-700x415.jpg\" class=\"attachment-large size-large\" alt=\"Hotel Rex Riccione colazione salato\" loading=\"lazy\" aria-describedby=\"gallery-1-1130\" \/><\/a>\n\t\t\t<\/div>\n\t\t\t\t<figcaption class='wp-caption-text gallery-caption' id='gallery-1-1130'>\n\t\t\t\t \n\t\t\t\t<\/figcaption><\/figure><figure class='gallery-item'>\n\t\t\t<div class='gallery-icon landscape'>\n\t\t\t\t<a href='https:\/\/hotelrexriccione.clienti4.editatest.com\/wp-content\/uploads\/2016\/02\/breakfast.jpg' data-size=\"1000x668\"><img width=\"700\" height=\"415\" src=\"https:\/\/hotelrexriccione.clienti4.editatest.com\/wp-content\/uploads\/2016\/02\/breakfast-700x415.jpg\" class=\"attachment-large size-large\" alt=\"Hotel Rex Riccione Dolci Ristorante\" loading=\"lazy\" aria-describedby=\"gallery-1-1358\" \/><\/a>\n\t\t\t<\/div>\n\t\t\t\t<figcaption class='wp-caption-text gallery-caption' id='gallery-1-1358'>\n\t\t\t\t \n\t\t\t\t<\/figcaption><\/figure><figure class='gallery-item'>\n\t\t\t<div class='gallery-icon landscape'>\n\t\t\t\t<a href='https:\/\/hotelrexriccione.clienti4.editatest.com\/wp-content\/uploads\/2016\/02\/20150615_193231.jpg' data-size=\"2560x1536\"><img width=\"700\" height=\"415\" src=\"https:\/\/hotelrexriccione.clienti4.editatest.com\/wp-content\/uploads\/2016\/02\/20150615_193231-700x415.jpg\" class=\"attachment-large size-large\" alt=\"Hotel Rex Riccione Primi piatti\" loading=\"lazy\" aria-describedby=\"gallery-1-1127\" \/><\/a>\n\t\t\t<\/div>\n\t\t\t\t<figcaption class='wp-caption-text gallery-caption' id='gallery-1-1127'>\n\t\t\t\t \n\t\t\t\t<\/figcaption><\/figure>\n\t\t<\/div>\n\n<p>Nur ein Beispiel: jeden Tag bietet der K\u00fcchenchef De Lucia eine Auswahl <strong>von vier verschieden Men\u00fcs<\/strong> mit Fisch sowie zu Mittag und auch Abends mit Zusammenstellung von einheimischen Weinen der besten Qualit\u00e4t. Am Morgen ein reichhaltiges <strong>B\u00fcffet suess und salzig mit einer Bio-Ecke<\/strong>, das gibt dem K\u00f6rper die richtige Energie f\u00fcr einen neuen Start in den Tag mit Rhythmus.<\/p>\n<p><strong>Essen im Rex<\/strong> ist ganz bestimmt die beste Art den Urlaub an der romagnolischen Riviera gut zu verbringen.<\/p>\n","protected":false},"excerpt":{"rendered":"<p>Geschichte und Kunst. Das sind die Elemente mit denen das Hotel Rex die gro\u00dfe Tradition der Gastronomie verwirklicht. Die Geheimnisse zuerst der Nonna Ida und dann von Mamma Anna, zwei ausgezeichnete K\u00f6chinnen deren Rezepte heute noch im Men\u00fc des Rex [..]<\/p>\n","protected":false},"author":5,"featured_media":0,"parent":0,"menu_order":0,"comment_status":"closed","ping_status":"closed","template":"","meta":[],"acf":[],"yoast_head":"<!-- This site is optimized with the Yoast SEO plugin v18.4.1 - https:\/\/yoast.com\/wordpress\/plugins\/seo\/ -->\n<title>Drei Sterne Hotel mit Restaurant | Hotel Rex Riccione<\/title>\n<meta name=\"robots\" content=\"noindex, follow, max-snippet:-1, max-image-preview:large, max-video-preview:-1\" \/>\n<meta property=\"og:locale\" content=\"de_DE\" \/>\n<meta property=\"og:type\" content=\"article\" \/>\n<meta property=\"og:title\" content=\"Drei Sterne Hotel mit Restaurant | Hotel Rex Riccione\" \/>\n<meta property=\"og:description\" content=\"Geschichte und Kunst. Das sind die Elemente mit denen das Hotel Rex die gro\u00dfe Tradition der Gastronomie verwirklicht. Die Geheimnisse zuerst der Nonna Ida und dann von Mamma Anna, zwei ausgezeichnete K\u00f6chinnen deren Rezepte heute noch im Men\u00fc des Rex [..]\" \/>\n<meta property=\"og:url\" content=\"https:\/\/hotelrexriccione.clienti4.editatest.com\/de\/restaurant\/\" \/>\n<meta property=\"og:site_name\" content=\"Hotel Rex\" \/>\n<meta property=\"article:modified_time\" content=\"2016-04-13T08:07:00+00:00\" \/>\n<meta property=\"og:image\" content=\"https:\/\/hotelrexriccione.clienti4.editatest.com\/wp-content\/uploads\/2016\/02\/pesce-700x415.jpg\" \/>\n<meta name=\"twitter:card\" content=\"summary\" \/>\n<meta name=\"twitter:label1\" content=\"Gesch\u00e4tzte Lesezeit\" \/>\n\t<meta name=\"twitter:data1\" content=\"1\u00a0Minute\" \/>\n<script type=\"application\/ld+json\" class=\"yoast-schema-graph\">{\"@context\":\"https:\/\/schema.org\",\"@graph\":[{\"@type\":\"WebSite\",\"@id\":\"https:\/\/hotelrexriccione.clienti4.editatest.com\/#website\",\"url\":\"https:\/\/hotelrexriccione.clienti4.editatest.com\/\",\"name\":\"Hotel Rex\",\"description\":\"\",\"potentialAction\":[{\"@type\":\"SearchAction\",\"target\":{\"@type\":\"EntryPoint\",\"urlTemplate\":\"https:\/\/hotelrexriccione.clienti4.editatest.com\/?s={search_term_string}\"},\"query-input\":\"required name=search_term_string\"}],\"inLanguage\":\"de\"},{\"@type\":\"WebPage\",\"@id\":\"https:\/\/hotelrexriccione.clienti4.editatest.com\/de\/restaurant\/#webpage\",\"url\":\"https:\/\/hotelrexriccione.clienti4.editatest.com\/de\/restaurant\/\",\"name\":\"Drei Sterne Hotel mit Restaurant | Hotel Rex Riccione\",\"isPartOf\":{\"@id\":\"https:\/\/hotelrexriccione.clienti4.editatest.com\/#website\"},\"datePublished\":\"2016-02-27T23:09:00+00:00\",\"dateModified\":\"2016-04-13T08:07:00+00:00\",\"breadcrumb\":{\"@id\":\"https:\/\/hotelrexriccione.clienti4.editatest.com\/de\/restaurant\/#breadcrumb\"},\"inLanguage\":\"de\",\"potentialAction\":[{\"@type\":\"ReadAction\",\"target\":[\"https:\/\/hotelrexriccione.clienti4.editatest.com\/de\/restaurant\/\"]}]},{\"@type\":\"BreadcrumbList\",\"@id\":\"https:\/\/hotelrexriccione.clienti4.editatest.com\/de\/restaurant\/#breadcrumb\",\"itemListElement\":[{\"@type\":\"ListItem\",\"position\":1,\"name\":\"Home\",\"item\":\"https:\/\/hotelrexriccione.clienti4.editatest.com\/de\/\"},{\"@type\":\"ListItem\",\"position\":2,\"name\":\"K\u00f6stlichkeiten und Fantasie im Restaurant \u201cNastro Azzurro\u201d\"}]}]}<\/script>\n<!-- \/ Yoast SEO plugin. -->","yoast_head_json":{"title":"Drei Sterne Hotel mit Restaurant | Hotel Rex Riccione","robots":{"index":"noindex","follow":"follow","max-snippet":"max-snippet:-1","max-image-preview":"max-image-preview:large","max-video-preview":"max-video-preview:-1"},"og_locale":"de_DE","og_type":"article","og_title":"Drei Sterne Hotel mit Restaurant | Hotel Rex Riccione","og_description":"Geschichte und Kunst. Das sind die Elemente mit denen das Hotel Rex die gro\u00dfe Tradition der Gastronomie verwirklicht. Die Geheimnisse zuerst der Nonna Ida und dann von Mamma Anna, zwei ausgezeichnete K\u00f6chinnen deren Rezepte heute noch im Men\u00fc des Rex [..]","og_url":"https:\/\/hotelrexriccione.clienti4.editatest.com\/de\/restaurant\/","og_site_name":"Hotel Rex","article_modified_time":"2016-04-13T08:07:00+00:00","og_image":[{"url":"https:\/\/hotelrexriccione.clienti4.editatest.com\/wp-content\/uploads\/2016\/02\/pesce-700x415.jpg"}],"twitter_card":"summary","twitter_misc":{"Gesch\u00e4tzte Lesezeit":"1\u00a0Minute"},"schema":{"@context":"https:\/\/schema.org","@graph":[{"@type":"WebSite","@id":"https:\/\/hotelrexriccione.clienti4.editatest.com\/#website","url":"https:\/\/hotelrexriccione.clienti4.editatest.com\/","name":"Hotel Rex","description":"","potentialAction":[{"@type":"SearchAction","target":{"@type":"EntryPoint","urlTemplate":"https:\/\/hotelrexriccione.clienti4.editatest.com\/?s={search_term_string}"},"query-input":"required name=search_term_string"}],"inLanguage":"de"},{"@type":"WebPage","@id":"https:\/\/hotelrexriccione.clienti4.editatest.com\/de\/restaurant\/#webpage","url":"https:\/\/hotelrexriccione.clienti4.editatest.com\/de\/restaurant\/","name":"Drei Sterne Hotel mit Restaurant | Hotel Rex Riccione","isPartOf":{"@id":"https:\/\/hotelrexriccione.clienti4.editatest.com\/#website"},"datePublished":"2016-02-27T23:09:00+00:00","dateModified":"2016-04-13T08:07:00+00:00","breadcrumb":{"@id":"https:\/\/hotelrexriccione.clienti4.editatest.com\/de\/restaurant\/#breadcrumb"},"inLanguage":"de","potentialAction":[{"@type":"ReadAction","target":["https:\/\/hotelrexriccione.clienti4.editatest.com\/de\/restaurant\/"]}]},{"@type":"BreadcrumbList","@id":"https:\/\/hotelrexriccione.clienti4.editatest.com\/de\/restaurant\/#breadcrumb","itemListElement":[{"@type":"ListItem","position":1,"name":"Home","item":"https:\/\/hotelrexriccione.clienti4.editatest.com\/de\/"},{"@type":"ListItem","position":2,"name":"K\u00f6stlichkeiten und Fantasie im Restaurant \u201cNastro Azzurro\u201d"}]}]}},"_links":{"self":[{"href":"https:\/\/hotelrexriccione.clienti4.editatest.com\/de\/wp-json\/wp\/v2\/pages\/410"}],"collection":[{"href":"https:\/\/hotelrexriccione.clienti4.editatest.com\/de\/wp-json\/wp\/v2\/pages"}],"about":[{"href":"https:\/\/hotelrexriccione.clienti4.editatest.com\/de\/wp-json\/wp\/v2\/types\/page"}],"author":[{"embeddable":true,"href":"https:\/\/hotelrexriccione.clienti4.editatest.com\/de\/wp-json\/wp\/v2\/users\/5"}],"replies":[{"embeddable":true,"href":"https:\/\/hotelrexriccione.clienti4.editatest.com\/de\/wp-json\/wp\/v2\/comments?post=410"}],"version-history":[{"count":0,"href":"https:\/\/hotelrexriccione.clienti4.editatest.com\/de\/wp-json\/wp\/v2\/pages\/410\/revisions"}],"wp:attachment":[{"href":"https:\/\/hotelrexriccione.clienti4.editatest.com\/de\/wp-json\/wp\/v2\/media?parent=410"}],"curies":[{"name":"wp","href":"https:\/\/api.w.org\/{rel}","templated":true}]}}